{"id":7,"date":"2021-04-09T01:48:43","date_gmt":"2021-04-09T01:48:43","guid":{"rendered":"https:\/\/mayogiardelli.com.ar\/?page_id=7"},"modified":"2021-07-12T17:02:43","modified_gmt":"2021-07-12T17:02:43","slug":"profesionales","status":"publish","type":"page","link":"https:\/\/mayogiardelli.com.ar\/index.php\/profesionales\/","title":{"rendered":"Profesionales"},"content":{"rendered":"\t\t<div data-elementor-type=\"wp-page\" data-elementor-id=\"7\" class=\"elementor elementor-7\" data-elementor-settings=\"[]\">\n\t\t\t\t\t\t\t<div class=\"elementor-section-wrap\">\n\t\t\t\t\t\t\t<section class=\"elementor-section elementor-top-section elementor-element elementor-element-ff49b45 elementor-section-boxed elementor-section-height-default elementor-section-height-default\" data-id=\"ff49b45\" data-element_type=\"section\">\n\t\t\t\t\t\t<div class=\"elementor-container elementor-column-gap-default\">\n\t\t\t\t\t<div class=\"elementor-column elementor-col-100 elementor-top-column elementor-element elementor-element-00b3aa3\" data-id=\"00b3aa3\" data-element_type=\"column\">\n\t\t\t<div class=\"elementor-widget-wrap elementor-element-populated\">\n\t\t\t\t\t\t\t\t<div class=\"elementor-element elementor-element-90a790e elementor-widget elementor-widget-spacer\" data-id=\"90a790e\" data-element_type=\"widget\" data-widget_type=\"spacer.default\">\n\t\t\t\t<div class=\"elementor-widget-container\">\n\t\t\t\t\t<div class=\"elementor-spacer\">\n\t\t\t<div class=\"elementor-spacer-inner\"><\/div>\n\t\t<\/div>\n\t\t\t\t<\/div>\n\t\t\t\t<\/div>\n\t\t\t\t<div class=\"elementor-element elementor-element-d61eebe elementor-widget elementor-widget-heading\" data-id=\"d61eebe\" data-element_type=\"widget\" data-widget_type=\"heading.default\">\n\t\t\t\t<div class=\"elementor-widget-container\">\n\t\t\t<h2 class=\"elementor-heading-title elementor-size-default\">Profesionales<\/h2>\t\t<\/div>\n\t\t\t\t<\/div>\n\t\t\t\t<div class=\"elementor-element elementor-element-aa21ae4 elementor-widget elementor-widget-spacer\" data-id=\"aa21ae4\" data-element_type=\"widget\" data-widget_type=\"spacer.default\">\n\t\t\t\t<div class=\"elementor-widget-container\">\n\t\t\t\t\t<div class=\"elementor-spacer\">\n\t\t\t<div class=\"elementor-spacer-inner\"><\/div>\n\t\t<\/div>\n\t\t\t\t<\/div>\n\t\t\t\t<\/div>\n\t\t\t\t\t<\/div>\n\t\t<\/div>\n\t\t\t\t\t\t\t<\/div>\n\t\t<\/section>\n\t\t\t\t<section class=\"elementor-section elementor-top-section elementor-element elementor-element-22da531 elementor-section-boxed elementor-section-height-default elementor-section-height-default\" data-id=\"22da531\" data-element_type=\"section\">\n\t\t\t\t\t\t<div class=\"elementor-container elementor-column-gap-default\">\n\t\t\t\t\t<div class=\"elementor-column elementor-col-25 elementor-top-column elementor-element elementor-element-29d9282\" data-id=\"29d9282\" data-element_type=\"column\">\n\t\t\t<div class=\"elementor-widget-wrap elementor-element-populated\">\n\t\t\t\t\t\t\t\t<div class=\"elementor-element elementor-element-0a9e1b9 elementor-widget elementor-widget-image\" data-id=\"0a9e1b9\" data-element_type=\"widget\" data-widget_type=\"image.default\">\n\t\t\t\t<div class=\"elementor-widget-container\">\n\t\t\t\t\t<div class=\"elementor-image\">\n\t\t\t\t\t\t\t\t\t\t<img loading=\"lazy\" decoding=\"async\" width=\"845\" height=\"1024\" src=\"https:\/\/mayogiardelli.com.ar\/wp-content\/uploads\/2021\/04\/MICHEL-OK-845x1024.jpg\" class=\"attachment-large size-large\" alt=\"\" srcset=\"https:\/\/mayogiardelli.com.ar\/wp-content\/uploads\/2021\/04\/MICHEL-OK-845x1024.jpg 845w, https:\/\/mayogiardelli.com.ar\/wp-content\/uploads\/2021\/04\/MICHEL-OK-248x300.jpg 248w, https:\/\/mayogiardelli.com.ar\/wp-content\/uploads\/2021\/04\/MICHEL-OK-768x931.jpg 768w, https:\/\/mayogiardelli.com.ar\/wp-content\/uploads\/2021\/04\/MICHEL-OK.jpg 901w\" sizes=\"auto, (max-width: 845px) 100vw, 845px\" \/>\t\t\t\t\t\t\t\t\t\t\t<\/div>\n\t\t\t\t<\/div>\n\t\t\t\t<\/div>\n\t\t\t\t<div class=\"elementor-element elementor-element-a64ee6c elementor-widget elementor-widget-heading\" data-id=\"a64ee6c\" data-element_type=\"widget\" data-widget_type=\"heading.default\">\n\t\t\t\t<div class=\"elementor-widget-container\">\n\t\t\t<h3 class=\"elementor-heading-title elementor-size-default\">Miguel C. Mayo<\/h3>\t\t<\/div>\n\t\t\t\t<\/div>\n\t\t\t\t<div class=\"elementor-element elementor-element-d4cb614 elementor-button-info elementor-align-center elementor-widget elementor-widget-button\" data-id=\"d4cb614\" data-element_type=\"widget\" data-widget_type=\"button.default\">\n\t\t\t\t<div class=\"elementor-widget-container\">\n\t\t\t\t\t<div class=\"elementor-button-wrapper\">\n\t\t\t<a href=\"http:\/\/mayogiardelli.com.ar\/index.php\/miguel-c-mayo\/\" class=\"elementor-button-link elementor-button elementor-size-sm\" role=\"button\">\n\t\t\t\t\t\t<span class=\"elementor-button-content-wrapper\">\n\t\t\t\t\t\t<span class=\"elementor-button-icon elementor-align-icon-right\">\n\t\t\t\t<i aria-hidden=\"true\" class=\"fas fa-chevron-right\"><\/i>\t\t\t<\/span>\n\t\t\t\t\t\t<span class=\"elementor-button-text\">Leer m\u00e1s<\/span>\n\t\t<\/span>\n\t\t\t\t\t<\/a>\n\t\t<\/div>\n\t\t\t\t<\/div>\n\t\t\t\t<\/div>\n\t\t\t\t\t<\/div>\n\t\t<\/div>\n\t\t\t\t<div class=\"elementor-column elementor-col-25 elementor-top-column elementor-element elementor-element-296207d\" data-id=\"296207d\" data-element_type=\"column\">\n\t\t\t<div class=\"elementor-widget-wrap elementor-element-populated\">\n\t\t\t\t\t\t\t\t<div class=\"elementor-element elementor-element-ffeb090 elementor-widget elementor-widget-image\" data-id=\"ffeb090\" data-element_type=\"widget\" data-widget_type=\"image.default\">\n\t\t\t\t<div class=\"elementor-widget-container\">\n\t\t\t\t\t<div class=\"elementor-image\">\n\t\t\t\t\t\t\t\t\t\t<img loading=\"lazy\" decoding=\"async\" width=\"845\" height=\"1024\" src=\"https:\/\/mayogiardelli.com.ar\/wp-content\/uploads\/2021\/04\/osvaldo-ss1-845x1024.jpg\" class=\"attachment-large size-large\" alt=\"\" srcset=\"https:\/\/mayogiardelli.com.ar\/wp-content\/uploads\/2021\/04\/osvaldo-ss1-845x1024.jpg 845w, https:\/\/mayogiardelli.com.ar\/wp-content\/uploads\/2021\/04\/osvaldo-ss1-248x300.jpg 248w, https:\/\/mayogiardelli.com.ar\/wp-content\/uploads\/2021\/04\/osvaldo-ss1-768x931.jpg 768w, https:\/\/mayogiardelli.com.ar\/wp-content\/uploads\/2021\/04\/osvaldo-ss1.jpg 901w\" sizes=\"auto, (max-width: 845px) 100vw, 845px\" \/>\t\t\t\t\t\t\t\t\t\t\t<\/div>\n\t\t\t\t<\/div>\n\t\t\t\t<\/div>\n\t\t\t\t<div class=\"elementor-element elementor-element-e9143f6 elementor-widget elementor-widget-heading\" data-id=\"e9143f6\" data-element_type=\"widget\" data-widget_type=\"heading.default\">\n\t\t\t\t<div class=\"elementor-widget-container\">\n\t\t\t<h3 class=\"elementor-heading-title elementor-size-default\">Osvaldo R. Giardelli<\/h3>\t\t<\/div>\n\t\t\t\t<\/div>\n\t\t\t\t<div class=\"elementor-element elementor-element-a9e925a elementor-button-info elementor-align-center elementor-widget elementor-widget-button\" data-id=\"a9e925a\" data-element_type=\"widget\" data-widget_type=\"button.default\">\n\t\t\t\t<div class=\"elementor-widget-container\">\n\t\t\t\t\t<div class=\"elementor-button-wrapper\">\n\t\t\t<a href=\"https:\/\/mayogiardelli.com.ar\/index.php\/osvaldo-r-giardelli\/\" class=\"elementor-button-link elementor-button elementor-size-sm\" role=\"button\">\n\t\t\t\t\t\t<span class=\"elementor-button-content-wrapper\">\n\t\t\t\t\t\t<span class=\"elementor-button-icon elementor-align-icon-right\">\n\t\t\t\t<i aria-hidden=\"true\" class=\"fas fa-chevron-right\"><\/i>\t\t\t<\/span>\n\t\t\t\t\t\t<span class=\"elementor-button-text\">Leer m\u00e1s<\/span>\n\t\t<\/span>\n\t\t\t\t\t<\/a>\n\t\t<\/div>\n\t\t\t\t<\/div>\n\t\t\t\t<\/div>\n\t\t\t\t\t<\/div>\n\t\t<\/div>\n\t\t\t\t<div class=\"elementor-column elementor-col-25 elementor-top-column elementor-element elementor-element-2596346\" data-id=\"2596346\" data-element_type=\"column\">\n\t\t\t<div class=\"elementor-widget-wrap elementor-element-populated\">\n\t\t\t\t\t\t\t\t<div class=\"elementor-element elementor-element-4e5d7bc elementor-widget elementor-widget-image\" data-id=\"4e5d7bc\" data-element_type=\"widget\" data-widget_type=\"image.default\">\n\t\t\t\t<div class=\"elementor-widget-container\">\n\t\t\t\t\t<div class=\"elementor-image\">\n\t\t\t\t\t\t\t\t\t\t<img loading=\"lazy\" decoding=\"async\" width=\"845\" height=\"1024\" src=\"https:\/\/mayogiardelli.com.ar\/wp-content\/uploads\/2021\/04\/AXEL-OK-845x1024.jpg\" class=\"attachment-large size-large\" alt=\"\" srcset=\"https:\/\/mayogiardelli.com.ar\/wp-content\/uploads\/2021\/04\/AXEL-OK-845x1024.jpg 845w, https:\/\/mayogiardelli.com.ar\/wp-content\/uploads\/2021\/04\/AXEL-OK-248x300.jpg 248w, https:\/\/mayogiardelli.com.ar\/wp-content\/uploads\/2021\/04\/AXEL-OK-768x931.jpg 768w, https:\/\/mayogiardelli.com.ar\/wp-content\/uploads\/2021\/04\/AXEL-OK.jpg 901w\" sizes=\"auto, (max-width: 845px) 100vw, 845px\" \/>\t\t\t\t\t\t\t\t\t\t\t<\/div>\n\t\t\t\t<\/div>\n\t\t\t\t<\/div>\n\t\t\t\t<div class=\"elementor-element elementor-element-5aab712 elementor-widget elementor-widget-heading\" data-id=\"5aab712\" data-element_type=\"widget\" data-widget_type=\"heading.default\">\n\t\t\t\t<div class=\"elementor-widget-container\">\n\t\t\t<h3 class=\"elementor-heading-title elementor-size-default\">Axel Mayo<\/h3>\t\t<\/div>\n\t\t\t\t<\/div>\n\t\t\t\t<div class=\"elementor-element elementor-element-f0b84db elementor-button-info elementor-align-center elementor-widget elementor-widget-button\" data-id=\"f0b84db\" data-element_type=\"widget\" data-widget_type=\"button.default\">\n\t\t\t\t<div class=\"elementor-widget-container\">\n\t\t\t\t\t<div class=\"elementor-button-wrapper\">\n\t\t\t<a href=\"https:\/\/mayogiardelli.com.ar\/index.php\/axel-mayo\/\" class=\"elementor-button-link elementor-button elementor-size-sm\" role=\"button\">\n\t\t\t\t\t\t<span class=\"elementor-button-content-wrapper\">\n\t\t\t\t\t\t<span class=\"elementor-button-icon elementor-align-icon-right\">\n\t\t\t\t<i aria-hidden=\"true\" class=\"fas fa-chevron-right\"><\/i>\t\t\t<\/span>\n\t\t\t\t\t\t<span class=\"elementor-button-text\">Leer m\u00e1s<\/span>\n\t\t<\/span>\n\t\t\t\t\t<\/a>\n\t\t<\/div>\n\t\t\t\t<\/div>\n\t\t\t\t<\/div>\n\t\t\t\t\t<\/div>\n\t\t<\/div>\n\t\t\t\t<div class=\"elementor-column elementor-col-25 elementor-top-column elementor-element elementor-element-c17f90b\" data-id=\"c17f90b\" data-element_type=\"column\">\n\t\t\t<div class=\"elementor-widget-wrap elementor-element-populated\">\n\t\t\t\t\t\t\t\t<div class=\"elementor-element elementor-element-24b1ba2 elementor-widget elementor-widget-image\" data-id=\"24b1ba2\" data-element_type=\"widget\" data-widget_type=\"image.default\">\n\t\t\t\t<div class=\"elementor-widget-container\">\n\t\t\t\t\t<div class=\"elementor-image\">\n\t\t\t\t\t\t\t\t\t\t<img loading=\"lazy\" decoding=\"async\" width=\"845\" height=\"1024\" src=\"https:\/\/mayogiardelli.com.ar\/wp-content\/uploads\/2021\/04\/GUADA-OK-845x1024.jpg\" class=\"attachment-large size-large\" alt=\"\" srcset=\"https:\/\/mayogiardelli.com.ar\/wp-content\/uploads\/2021\/04\/GUADA-OK-845x1024.jpg 845w, https:\/\/mayogiardelli.com.ar\/wp-content\/uploads\/2021\/04\/GUADA-OK-248x300.jpg 248w, https:\/\/mayogiardelli.com.ar\/wp-content\/uploads\/2021\/04\/GUADA-OK-768x931.jpg 768w, https:\/\/mayogiardelli.com.ar\/wp-content\/uploads\/2021\/04\/GUADA-OK.jpg 901w\" sizes=\"auto, (max-width: 845px) 100vw, 845px\" \/>\t\t\t\t\t\t\t\t\t\t\t<\/div>\n\t\t\t\t<\/div>\n\t\t\t\t<\/div>\n\t\t\t\t<div class=\"elementor-element elementor-element-80b8b15 elementor-widget elementor-widget-heading\" data-id=\"80b8b15\" data-element_type=\"widget\" data-widget_type=\"heading.default\">\n\t\t\t\t<div class=\"elementor-widget-container\">\n\t\t\t<h3 class=\"elementor-heading-title elementor-size-default\">Guadalupe Llama Figueroa<\/h3>\t\t<\/div>\n\t\t\t\t<\/div>\n\t\t\t\t<div class=\"elementor-element elementor-element-43e4820 elementor-button-info elementor-align-center elementor-widget elementor-widget-button\" data-id=\"43e4820\" data-element_type=\"widget\" data-widget_type=\"button.default\">\n\t\t\t\t<div class=\"elementor-widget-container\">\n\t\t\t\t\t<div class=\"elementor-button-wrapper\">\n\t\t\t<a href=\"https:\/\/mayogiardelli.com.ar\/index.php\/guadalupe-llama-figueroa\/\" class=\"elementor-button-link elementor-button elementor-size-sm\" role=\"button\">\n\t\t\t\t\t\t<span class=\"elementor-button-content-wrapper\">\n\t\t\t\t\t\t<span class=\"elementor-button-icon elementor-align-icon-right\">\n\t\t\t\t<i aria-hidden=\"true\" class=\"fas fa-chevron-right\"><\/i>\t\t\t<\/span>\n\t\t\t\t\t\t<span class=\"elementor-button-text\">Leer m\u00e1s<\/span>\n\t\t<\/span>\n\t\t\t\t\t<\/a>\n\t\t<\/div>\n\t\t\t\t<\/div>\n\t\t\t\t<\/div>\n\t\t\t\t\t<\/div>\n\t\t<\/div>\n\t\t\t\t\t\t\t<\/div>\n\t\t<\/section>\n\t\t\t\t<section class=\"elementor-section elementor-top-section elementor-element elementor-element-be9fb1e elementor-section-boxed elementor-section-height-default elementor-section-height-default\" data-id=\"be9fb1e\" data-element_type=\"section\">\n\t\t\t\t\t\t<div class=\"elementor-container elementor-column-gap-default\">\n\t\t\t\t\t<div class=\"elementor-column elementor-col-100 elementor-top-column elementor-element elementor-element-2c86d70\" data-id=\"2c86d70\" data-element_type=\"column\">\n\t\t\t<div class=\"elementor-widget-wrap elementor-element-populated\">\n\t\t\t\t\t\t\t\t<div class=\"elementor-element elementor-element-1c599ab elementor-widget elementor-widget-spacer\" data-id=\"1c599ab\" data-element_type=\"widget\" data-widget_type=\"spacer.default\">\n\t\t\t\t<div class=\"elementor-widget-container\">\n\t\t\t\t\t<div class=\"elementor-spacer\">\n\t\t\t<div class=\"elementor-spacer-inner\"><\/div>\n\t\t<\/div>\n\t\t\t\t<\/div>\n\t\t\t\t<\/div>\n\t\t\t\t\t<\/div>\n\t\t<\/div>\n\t\t\t\t\t\t\t<\/div>\n\t\t<\/section>\n\t\t\t\t\t\t<\/div>\n\t\t\t\t\t<\/div>\n\t\t","protected":false},"excerpt":{"rendered":"<p>Profesionales Miguel C. Mayo Leer m\u00e1s Osvaldo R. Giardelli Leer m\u00e1s Axel Mayo Leer m\u00e1s Guadalupe Llama Figueroa Leer m\u00e1s<\/p>\n","protected":false},"author":1,"featured_media":0,"parent":0,"menu_order":0,"comment_status":"closed","ping_status":"closed","template":"","meta":{"footnotes":""},"class_list":["post-7","page","type-page","status-publish","hentry"],"yoast_head":"<!-- This site is optimized with the Yoast SEO plugin v16.1.1 - https:\/\/yoast.com\/wordpress\/plugins\/seo\/ -->\n<title>Profesionales -<\/title>\n<link rel=\"canonical\" href=\"https:\/\/mayogiardelli.com.ar\/index.php\/profesionales\/\" \/>\n<meta property=\"og:locale\" content=\"en_US\" \/>\n<meta property=\"og:type\" content=\"article\" \/>\n<meta property=\"og:title\" content=\"Profesionales -\" \/>\n<meta property=\"og:description\" content=\"Profesionales Miguel C. Mayo Leer m\u00e1s Osvaldo R. Giardelli Leer m\u00e1s Axel Mayo Leer m\u00e1s Guadalupe Llama Figueroa Leer m\u00e1s\" \/>\n<meta property=\"og:url\" content=\"https:\/\/mayogiardelli.com.ar\/index.php\/profesionales\/\" \/>\n<meta property=\"article:modified_time\" content=\"2021-07-12T17:02:43+00:00\" \/>\n<meta property=\"og:image\" content=\"https:\/\/mayogiardelli.com.ar\/wp-content\/uploads\/2021\/04\/MICHEL-OK-845x1024.jpg\" \/>\n<meta name=\"twitter:card\" content=\"summary_large_image\" \/>\n<meta name=\"twitter:label1\" content=\"Est. reading time\">\n\t<meta name=\"twitter:data1\" content=\"1 minute\">\n<script type=\"application\/ld+json\" class=\"yoast-schema-graph\">{\"@context\":\"https:\/\/schema.org\",\"@graph\":[{\"@type\":\"WebSite\",\"@id\":\"https:\/\/mayogiardelli.com.ar\/#website\",\"url\":\"https:\/\/mayogiardelli.com.ar\/\",\"name\":\"\",\"description\":\"\",\"potentialAction\":[{\"@type\":\"SearchAction\",\"target\":\"https:\/\/mayogiardelli.com.ar\/?s={search_term_string}\",\"query-input\":\"required name=search_term_string\"}],\"inLanguage\":\"en-US\"},{\"@type\":\"ImageObject\",\"@id\":\"https:\/\/mayogiardelli.com.ar\/index.php\/profesionales\/#primaryimage\",\"inLanguage\":\"en-US\",\"url\":\"https:\/\/mayogiardelli.com.ar\/wp-content\/uploads\/2021\/04\/MICHEL-OK.jpg\",\"contentUrl\":\"https:\/\/mayogiardelli.com.ar\/wp-content\/uploads\/2021\/04\/MICHEL-OK.jpg\",\"width\":901,\"height\":1092},{\"@type\":\"WebPage\",\"@id\":\"https:\/\/mayogiardelli.com.ar\/index.php\/profesionales\/#webpage\",\"url\":\"https:\/\/mayogiardelli.com.ar\/index.php\/profesionales\/\",\"name\":\"Profesionales -\",\"isPartOf\":{\"@id\":\"https:\/\/mayogiardelli.com.ar\/#website\"},\"primaryImageOfPage\":{\"@id\":\"https:\/\/mayogiardelli.com.ar\/index.php\/profesionales\/#primaryimage\"},\"datePublished\":\"2021-04-09T01:48:43+00:00\",\"dateModified\":\"2021-07-12T17:02:43+00:00\",\"breadcrumb\":{\"@id\":\"https:\/\/mayogiardelli.com.ar\/index.php\/profesionales\/#breadcrumb\"},\"inLanguage\":\"en-US\",\"potentialAction\":[{\"@type\":\"ReadAction\",\"target\":[\"https:\/\/mayogiardelli.com.ar\/index.php\/profesionales\/\"]}]},{\"@type\":\"BreadcrumbList\",\"@id\":\"https:\/\/mayogiardelli.com.ar\/index.php\/profesionales\/#breadcrumb\",\"itemListElement\":[{\"@type\":\"ListItem\",\"position\":1,\"item\":{\"@type\":\"WebPage\",\"@id\":\"https:\/\/mayogiardelli.com.ar\/\",\"url\":\"https:\/\/mayogiardelli.com.ar\/\",\"name\":\"Home\"}},{\"@type\":\"ListItem\",\"position\":2,\"item\":{\"@type\":\"WebPage\",\"@id\":\"https:\/\/mayogiardelli.com.ar\/index.php\/profesionales\/\",\"url\":\"https:\/\/mayogiardelli.com.ar\/index.php\/profesionales\/\",\"name\":\"Profesionales\"}}]}]}<\/script>\n<!-- \/ Yoast SEO plugin. -->","_links":{"self":[{"href":"https:\/\/mayogiardelli.com.ar\/index.php\/wp-json\/wp\/v2\/pages\/7","targetHints":{"allow":["GET"]}}],"collection":[{"href":"https:\/\/mayogiardelli.com.ar\/index.php\/wp-json\/wp\/v2\/pages"}],"about":[{"href":"https:\/\/mayogiardelli.com.ar\/index.php\/wp-json\/wp\/v2\/types\/page"}],"author":[{"embeddable":true,"href":"https:\/\/mayogiardelli.com.ar\/index.php\/wp-json\/wp\/v2\/users\/1"}],"replies":[{"embeddable":true,"href":"https:\/\/mayogiardelli.com.ar\/index.php\/wp-json\/wp\/v2\/comments?post=7"}],"version-history":[{"count":10,"href":"https:\/\/mayogiardelli.com.ar\/index.php\/wp-json\/wp\/v2\/pages\/7\/revisions"}],"predecessor-version":[{"id":392,"href":"https:\/\/mayogiardelli.com.ar\/index.php\/wp-json\/wp\/v2\/pages\/7\/revisions\/392"}],"wp:attachment":[{"href":"https:\/\/mayogiardelli.com.ar\/index.php\/wp-json\/wp\/v2\/media?parent=7"}],"curies":[{"name":"wp","href":"https:\/\/api.w.org\/{rel}","templated":true}]}}