{"id":67,"date":"2021-04-09T21:37:43","date_gmt":"2021-04-09T21:37:43","guid":{"rendered":"https:\/\/mayogiardelli.com.ar\/?page_id=67"},"modified":"2021-04-13T16:56:17","modified_gmt":"2021-04-13T16:56:17","slug":"axel-mayo","status":"publish","type":"page","link":"https:\/\/mayogiardelli.com.ar\/index.php\/axel-mayo\/","title":{"rendered":"Axel Mayo"},"content":{"rendered":"\t\t<div data-elementor-type=\"wp-page\" data-elementor-id=\"67\" class=\"elementor elementor-67\" data-elementor-settings=\"[]\">\n\t\t\t\t\t\t\t<div class=\"elementor-section-wrap\">\n\t\t\t\t\t\t\t<section class=\"elementor-section elementor-top-section elementor-element elementor-element-bf646a5 elementor-section-boxed elementor-section-height-default elementor-section-height-default\" data-id=\"bf646a5\" data-element_type=\"section\">\n\t\t\t\t\t\t<div class=\"elementor-container elementor-column-gap-default\">\n\t\t\t\t\t<div class=\"elementor-column elementor-col-100 elementor-top-column elementor-element elementor-element-511927e\" data-id=\"511927e\" data-element_type=\"column\">\n\t\t\t<div class=\"elementor-widget-wrap elementor-element-populated\">\n\t\t\t\t\t\t\t\t<div class=\"elementor-element elementor-element-05838b8 elementor-widget elementor-widget-spacer\" data-id=\"05838b8\" data-element_type=\"widget\" data-widget_type=\"spacer.default\">\n\t\t\t\t<div class=\"elementor-widget-container\">\n\t\t\t\t\t<div class=\"elementor-spacer\">\n\t\t\t<div class=\"elementor-spacer-inner\"><\/div>\n\t\t<\/div>\n\t\t\t\t<\/div>\n\t\t\t\t<\/div>\n\t\t\t\t<div class=\"elementor-element elementor-element-b61bc9c elementor-widget elementor-widget-heading\" data-id=\"b61bc9c\" data-element_type=\"widget\" data-widget_type=\"heading.default\">\n\t\t\t\t<div class=\"elementor-widget-container\">\n\t\t\t<h2 class=\"elementor-heading-title elementor-size-default\">Axel Mayo<\/h2>\t\t<\/div>\n\t\t\t\t<\/div>\n\t\t\t\t<div class=\"elementor-element elementor-element-0e10184 elementor-widget elementor-widget-spacer\" data-id=\"0e10184\" data-element_type=\"widget\" data-widget_type=\"spacer.default\">\n\t\t\t\t<div class=\"elementor-widget-container\">\n\t\t\t\t\t<div class=\"elementor-spacer\">\n\t\t\t<div class=\"elementor-spacer-inner\"><\/div>\n\t\t<\/div>\n\t\t\t\t<\/div>\n\t\t\t\t<\/div>\n\t\t\t\t\t<\/div>\n\t\t<\/div>\n\t\t\t\t\t\t\t<\/div>\n\t\t<\/section>\n\t\t\t\t<section class=\"elementor-section elementor-top-section elementor-element elementor-element-eb0ce33 elementor-section-boxed elementor-section-height-default elementor-section-height-default\" data-id=\"eb0ce33\" data-element_type=\"section\">\n\t\t\t\t\t\t<div class=\"elementor-container elementor-column-gap-default\">\n\t\t\t\t\t<div class=\"elementor-column elementor-col-33 elementor-top-column elementor-element elementor-element-8c80578\" data-id=\"8c80578\" data-element_type=\"column\">\n\t\t\t<div class=\"elementor-widget-wrap elementor-element-populated\">\n\t\t\t\t\t\t\t\t<div class=\"elementor-element elementor-element-0aa7665 elementor-widget elementor-widget-image\" data-id=\"0aa7665\" data-element_type=\"widget\" data-widget_type=\"image.default\">\n\t\t\t\t<div class=\"elementor-widget-container\">\n\t\t\t\t\t<div class=\"elementor-image\">\n\t\t\t\t\t\t\t\t\t\t<img loading=\"lazy\" decoding=\"async\" width=\"1024\" height=\"803\" src=\"https:\/\/mayogiardelli.com.ar\/wp-content\/uploads\/2021\/04\/AXEL-DESPACHO.jpg\" class=\"attachment-large size-large\" alt=\"\" srcset=\"https:\/\/mayogiardelli.com.ar\/wp-content\/uploads\/2021\/04\/AXEL-DESPACHO.jpg 1024w, https:\/\/mayogiardelli.com.ar\/wp-content\/uploads\/2021\/04\/AXEL-DESPACHO-300x235.jpg 300w, https:\/\/mayogiardelli.com.ar\/wp-content\/uploads\/2021\/04\/AXEL-DESPACHO-768x602.jpg 768w\" sizes=\"auto, (max-width: 1024px) 100vw, 1024px\" \/>\t\t\t\t\t\t\t\t\t\t\t<\/div>\n\t\t\t\t<\/div>\n\t\t\t\t<\/div>\n\t\t\t\t\t<\/div>\n\t\t<\/div>\n\t\t\t\t<div class=\"elementor-column elementor-col-66 elementor-top-column elementor-element elementor-element-07f8533\" data-id=\"07f8533\" data-element_type=\"column\">\n\t\t\t<div class=\"elementor-widget-wrap elementor-element-populated\">\n\t\t\t\t\t\t\t\t<div class=\"elementor-element elementor-element-3e7fba1 elementor-widget elementor-widget-text-editor\" data-id=\"3e7fba1\" data-element_type=\"widget\" data-widget_type=\"text-editor.default\">\n\t\t\t\t<div class=\"elementor-widget-container\">\n\t\t\t\t\t<div class=\"elementor-text-editor elementor-clearfix\"><p>Naci\u00f3 en Buenos Aires en 1971. Curs\u00f3 estudios primarios y secundarios en la Goethe Schule (Buenos Aires). Se recibi\u00f3 de abogado en la Universidad de Belgrano en 1995. Paralelamente se recibi\u00f3 de periodista deportivo en Deportea en 1995. <\/p><p>En 1998\/99 efectu\u00f3 un Master of Laws (LL.M.) en la Universidad de Pennsylvania (EE.UU). Trabaj\u00f3 en los Estudios Hope, Duggan &amp; Silva; Marval, O`Farrell &amp; Mairal y Proskauer Rose (Nueva York). Se especializa en derecho empresarial. <\/p><p>Habla fluido los idiomas ingl\u00e9s y alem\u00e1n (idioma materno).<\/p><\/div>\n\t\t\t\t<\/div>\n\t\t\t\t<\/div>\n\t\t\t\t\t<\/div>\n\t\t<\/div>\n\t\t\t\t\t\t\t<\/div>\n\t\t<\/section>\n\t\t\t\t<section class=\"elementor-section elementor-top-section elementor-element elementor-element-a412a6b elementor-section-boxed elementor-section-height-default elementor-section-height-default\" data-id=\"a412a6b\" data-element_type=\"section\">\n\t\t\t\t\t\t<div class=\"elementor-container elementor-column-gap-default\">\n\t\t\t\t\t<div class=\"elementor-column elementor-col-100 elementor-top-column elementor-element elementor-element-b8bf4fc\" data-id=\"b8bf4fc\" data-element_type=\"column\">\n\t\t\t<div class=\"elementor-widget-wrap elementor-element-populated\">\n\t\t\t\t\t\t\t\t<div class=\"elementor-element elementor-element-f919ca2 elementor-widget elementor-widget-spacer\" data-id=\"f919ca2\" data-element_type=\"widget\" data-widget_type=\"spacer.default\">\n\t\t\t\t<div class=\"elementor-widget-container\">\n\t\t\t\t\t<div class=\"elementor-spacer\">\n\t\t\t<div class=\"elementor-spacer-inner\"><\/div>\n\t\t<\/div>\n\t\t\t\t<\/div>\n\t\t\t\t<\/div>\n\t\t\t\t<div class=\"elementor-element elementor-element-c6d1225 elementor-widget elementor-widget-button\" data-id=\"c6d1225\" data-element_type=\"widget\" data-widget_type=\"button.default\">\n\t\t\t\t<div class=\"elementor-widget-container\">\n\t\t\t\t\t<div class=\"elementor-button-wrapper\">\n\t\t\t<a href=\"https:\/\/mayogiardelli.com.ar\/index.php\/profesionales\/\" class=\"elementor-button-link elementor-button elementor-size-sm\" role=\"button\">\n\t\t\t\t\t\t<span class=\"elementor-button-content-wrapper\">\n\t\t\t\t\t\t<span class=\"elementor-button-icon elementor-align-icon-left\">\n\t\t\t\t<i aria-hidden=\"true\" class=\"fas fa-chevron-left\"><\/i>\t\t\t<\/span>\n\t\t\t\t\t\t<span class=\"elementor-button-text\">Volver<\/span>\n\t\t<\/span>\n\t\t\t\t\t<\/a>\n\t\t<\/div>\n\t\t\t\t<\/div>\n\t\t\t\t<\/div>\n\t\t\t\t\t<\/div>\n\t\t<\/div>\n\t\t\t\t\t\t\t<\/div>\n\t\t<\/section>\n\t\t\t\t\t\t<\/div>\n\t\t\t\t\t<\/div>\n\t\t","protected":false},"excerpt":{"rendered":"<p>Axel Mayo Naci\u00f3 en Buenos Aires en 1971. Curs\u00f3 estudios primarios y secundarios en la Goethe Schule (Buenos Aires). Se recibi\u00f3 de abogado en la Universidad de Belgrano en 1995. Paralelamente se recibi\u00f3 de periodista deportivo en Deportea en 1995. En 1998\/99 efectu\u00f3 un Master of Laws (LL.M.) en la Universidad de Pennsylvania (EE.UU). Trabaj\u00f3 &hellip;<\/p>\n<p class=\"read-more\"> <a class=\"\" href=\"https:\/\/mayogiardelli.com.ar\/index.php\/axel-mayo\/\"> <span class=\"screen-reader-text\">Axel Mayo<\/span> Read More &raquo;<\/a><\/p>\n","protected":false},"author":1,"featured_media":0,"parent":0,"menu_order":0,"comment_status":"closed","ping_status":"closed","template":"","meta":{"footnotes":""},"class_list":["post-67","page","type-page","status-publish","hentry"],"yoast_head":"<!-- This site is optimized with the Yoast SEO plugin v16.1.1 - https:\/\/yoast.com\/wordpress\/plugins\/seo\/ -->\n<title>Axel Mayo -<\/title>\n<link rel=\"canonical\" href=\"https:\/\/mayogiardelli.com.ar\/index.php\/axel-mayo\/\" \/>\n<meta property=\"og:locale\" content=\"en_US\" \/>\n<meta property=\"og:type\" content=\"article\" \/>\n<meta property=\"og:title\" content=\"Axel Mayo -\" \/>\n<meta property=\"og:description\" content=\"Axel Mayo Naci\u00f3 en Buenos Aires en 1971. Curs\u00f3 estudios primarios y secundarios en la Goethe Schule (Buenos Aires). Se recibi\u00f3 de abogado en la Universidad de Belgrano en 1995. Paralelamente se recibi\u00f3 de periodista deportivo en Deportea en 1995. En 1998\/99 efectu\u00f3 un Master of Laws (LL.M.) en la Universidad de Pennsylvania (EE.UU). Trabaj\u00f3 &hellip; Axel Mayo Read More &raquo;\" \/>\n<meta property=\"og:url\" content=\"https:\/\/mayogiardelli.com.ar\/index.php\/axel-mayo\/\" \/>\n<meta property=\"article:modified_time\" content=\"2021-04-13T16:56:17+00:00\" \/>\n<meta property=\"og:image\" content=\"https:\/\/mayogiardelli.com.ar\/wp-content\/uploads\/2021\/04\/AXEL-DESPACHO.jpg\" \/>\n<meta name=\"twitter:card\" content=\"summary_large_image\" \/>\n<meta name=\"twitter:label1\" content=\"Est. reading time\">\n\t<meta name=\"twitter:data1\" content=\"1 minute\">\n<script type=\"application\/ld+json\" class=\"yoast-schema-graph\">{\"@context\":\"https:\/\/schema.org\",\"@graph\":[{\"@type\":\"WebSite\",\"@id\":\"https:\/\/mayogiardelli.com.ar\/#website\",\"url\":\"https:\/\/mayogiardelli.com.ar\/\",\"name\":\"\",\"description\":\"\",\"potentialAction\":[{\"@type\":\"SearchAction\",\"target\":\"https:\/\/mayogiardelli.com.ar\/?s={search_term_string}\",\"query-input\":\"required name=search_term_string\"}],\"inLanguage\":\"en-US\"},{\"@type\":\"ImageObject\",\"@id\":\"https:\/\/mayogiardelli.com.ar\/index.php\/axel-mayo\/#primaryimage\",\"inLanguage\":\"en-US\",\"url\":\"https:\/\/mayogiardelli.com.ar\/wp-content\/uploads\/2021\/04\/AXEL-DESPACHO.jpg\",\"contentUrl\":\"https:\/\/mayogiardelli.com.ar\/wp-content\/uploads\/2021\/04\/AXEL-DESPACHO.jpg\",\"width\":1024,\"height\":803},{\"@type\":\"WebPage\",\"@id\":\"https:\/\/mayogiardelli.com.ar\/index.php\/axel-mayo\/#webpage\",\"url\":\"https:\/\/mayogiardelli.com.ar\/index.php\/axel-mayo\/\",\"name\":\"Axel Mayo -\",\"isPartOf\":{\"@id\":\"https:\/\/mayogiardelli.com.ar\/#website\"},\"primaryImageOfPage\":{\"@id\":\"https:\/\/mayogiardelli.com.ar\/index.php\/axel-mayo\/#primaryimage\"},\"datePublished\":\"2021-04-09T21:37:43+00:00\",\"dateModified\":\"2021-04-13T16:56:17+00:00\",\"breadcrumb\":{\"@id\":\"https:\/\/mayogiardelli.com.ar\/index.php\/axel-mayo\/#breadcrumb\"},\"inLanguage\":\"en-US\",\"potentialAction\":[{\"@type\":\"ReadAction\",\"target\":[\"https:\/\/mayogiardelli.com.ar\/index.php\/axel-mayo\/\"]}]},{\"@type\":\"BreadcrumbList\",\"@id\":\"https:\/\/mayogiardelli.com.ar\/index.php\/axel-mayo\/#breadcrumb\",\"itemListElement\":[{\"@type\":\"ListItem\",\"position\":1,\"item\":{\"@type\":\"WebPage\",\"@id\":\"https:\/\/mayogiardelli.com.ar\/\",\"url\":\"https:\/\/mayogiardelli.com.ar\/\",\"name\":\"Home\"}},{\"@type\":\"ListItem\",\"position\":2,\"item\":{\"@type\":\"WebPage\",\"@id\":\"https:\/\/mayogiardelli.com.ar\/index.php\/axel-mayo\/\",\"url\":\"https:\/\/mayogiardelli.com.ar\/index.php\/axel-mayo\/\",\"name\":\"Axel Mayo\"}}]}]}<\/script>\n<!-- \/ Yoast SEO plugin. -->","_links":{"self":[{"href":"https:\/\/mayogiardelli.com.ar\/index.php\/wp-json\/wp\/v2\/pages\/67","targetHints":{"allow":["GET"]}}],"collection":[{"href":"https:\/\/mayogiardelli.com.ar\/index.php\/wp-json\/wp\/v2\/pages"}],"about":[{"href":"https:\/\/mayogiardelli.com.ar\/index.php\/wp-json\/wp\/v2\/types\/page"}],"author":[{"embeddable":true,"href":"https:\/\/mayogiardelli.com.ar\/index.php\/wp-json\/wp\/v2\/users\/1"}],"replies":[{"embeddable":true,"href":"https:\/\/mayogiardelli.com.ar\/index.php\/wp-json\/wp\/v2\/comments?post=67"}],"version-history":[{"count":0,"href":"https:\/\/mayogiardelli.com.ar\/index.php\/wp-json\/wp\/v2\/pages\/67\/revisions"}],"wp:attachment":[{"href":"https:\/\/mayogiardelli.com.ar\/index.php\/wp-json\/wp\/v2\/media?parent=67"}],"curies":[{"name":"wp","href":"https:\/\/api.w.org\/{rel}","templated":true}]}}