{"id":11,"date":"2021-04-09T01:49:24","date_gmt":"2021-04-09T01:49:24","guid":{"rendered":"https:\/\/mayogiardelli.com.ar\/?page_id=11"},"modified":"2021-04-13T17:54:22","modified_gmt":"2021-04-13T17:54:22","slug":"areas-de-practica","status":"publish","type":"page","link":"https:\/\/mayogiardelli.com.ar\/index.php\/areas-de-practica\/","title":{"rendered":"\u00c1reas de pr\u00e1ctica"},"content":{"rendered":"\t\t<div data-elementor-type=\"wp-page\" data-elementor-id=\"11\" class=\"elementor elementor-11\" data-elementor-settings=\"[]\">\n\t\t\t\t\t\t\t<div class=\"elementor-section-wrap\">\n\t\t\t\t\t\t\t<section class=\"elementor-section elementor-top-section elementor-element elementor-element-4d46900 elementor-section-boxed elementor-section-height-default elementor-section-height-default\" data-id=\"4d46900\" data-element_type=\"section\">\n\t\t\t\t\t\t<div class=\"elementor-container elementor-column-gap-default\">\n\t\t\t\t\t<div class=\"elementor-column elementor-col-100 elementor-top-column elementor-element elementor-element-01da6d2\" data-id=\"01da6d2\" data-element_type=\"column\">\n\t\t\t<div class=\"elementor-widget-wrap elementor-element-populated\">\n\t\t\t\t\t\t\t\t<div class=\"elementor-element elementor-element-6d7ca40 elementor-widget elementor-widget-spacer\" data-id=\"6d7ca40\" data-element_type=\"widget\" data-widget_type=\"spacer.default\">\n\t\t\t\t<div class=\"elementor-widget-container\">\n\t\t\t\t\t<div class=\"elementor-spacer\">\n\t\t\t<div class=\"elementor-spacer-inner\"><\/div>\n\t\t<\/div>\n\t\t\t\t<\/div>\n\t\t\t\t<\/div>\n\t\t\t\t<div class=\"elementor-element elementor-element-5b52714 elementor-widget elementor-widget-heading\" data-id=\"5b52714\" data-element_type=\"widget\" data-widget_type=\"heading.default\">\n\t\t\t\t<div class=\"elementor-widget-container\">\n\t\t\t<h2 class=\"elementor-heading-title elementor-size-default\">\u00c1reas de pr\u00e1ctica<\/h2>\t\t<\/div>\n\t\t\t\t<\/div>\n\t\t\t\t<div class=\"elementor-element elementor-element-5d086ae elementor-widget elementor-widget-spacer\" data-id=\"5d086ae\" data-element_type=\"widget\" data-widget_type=\"spacer.default\">\n\t\t\t\t<div class=\"elementor-widget-container\">\n\t\t\t\t\t<div class=\"elementor-spacer\">\n\t\t\t<div class=\"elementor-spacer-inner\"><\/div>\n\t\t<\/div>\n\t\t\t\t<\/div>\n\t\t\t\t<\/div>\n\t\t\t\t\t<\/div>\n\t\t<\/div>\n\t\t\t\t\t\t\t<\/div>\n\t\t<\/section>\n\t\t\t\t<section class=\"elementor-section elementor-top-section elementor-element elementor-element-c1a2f27 elementor-section-boxed elementor-section-height-default elementor-section-height-default\" data-id=\"c1a2f27\" data-element_type=\"section\">\n\t\t\t\t\t\t<div class=\"elementor-container elementor-column-gap-default\">\n\t\t\t\t\t<div class=\"elementor-column elementor-col-33 elementor-top-column elementor-element elementor-element-3254113\" data-id=\"3254113\" data-element_type=\"column\">\n\t\t\t<div class=\"elementor-widget-wrap elementor-element-populated\">\n\t\t\t\t\t\t\t\t<div class=\"elementor-element elementor-element-5614bb0 elementor-widget elementor-widget-image\" data-id=\"5614bb0\" data-element_type=\"widget\" data-widget_type=\"image.default\">\n\t\t\t\t<div class=\"elementor-widget-container\">\n\t\t\t\t\t<div class=\"elementor-image\">\n\t\t\t\t\t\t\t\t\t\t<img loading=\"lazy\" decoding=\"async\" width=\"600\" height=\"456\" src=\"https:\/\/mayogiardelli.com.ar\/wp-content\/uploads\/2021\/04\/Estudio-8-1.jpg\" class=\"attachment-large size-large\" alt=\"\" srcset=\"https:\/\/mayogiardelli.com.ar\/wp-content\/uploads\/2021\/04\/Estudio-8-1.jpg 600w, https:\/\/mayogiardelli.com.ar\/wp-content\/uploads\/2021\/04\/Estudio-8-1-300x228.jpg 300w\" sizes=\"auto, (max-width: 600px) 100vw, 600px\" \/>\t\t\t\t\t\t\t\t\t\t\t<\/div>\n\t\t\t\t<\/div>\n\t\t\t\t<\/div>\n\t\t\t\t<div class=\"elementor-element elementor-element-a2fe35a elementor-widget elementor-widget-heading\" data-id=\"a2fe35a\" data-element_type=\"widget\" data-widget_type=\"heading.default\">\n\t\t\t\t<div class=\"elementor-widget-container\">\n\t\t\t<h3 class=\"elementor-heading-title elementor-size-default\">Derecho Empresarial<\/h3>\t\t<\/div>\n\t\t\t\t<\/div>\n\t\t\t\t<div class=\"elementor-element elementor-element-e225c8c elementor-widget elementor-widget-text-editor\" data-id=\"e225c8c\" data-element_type=\"widget\" data-widget_type=\"text-editor.default\">\n\t\t\t\t<div class=\"elementor-widget-container\">\n\t\t\t\t\t<div class=\"elementor-text-editor elementor-clearfix\"><p>El asesoramiento del Estudio abarca los m\u00e1s diversos aspectos de la actividad empresaria, incluyendo las distintas modalidades de organizaci\u00f3n societaria, la vinculaci\u00f3n y la regulaci\u00f3n contractual de la empresa con clientes y proveedores, la relaci\u00f3n con el personal orientada a la prevenci\u00f3n y eventual resoluci\u00f3n de conflictos colectivos o individuales, los acuerdos intrasocietarios y, en su caso, la venta, cesi\u00f3n o escisi\u00f3n de la empresa.<\/p><\/div>\n\t\t\t\t<\/div>\n\t\t\t\t<\/div>\n\t\t\t\t\t<\/div>\n\t\t<\/div>\n\t\t\t\t<div class=\"elementor-column elementor-col-33 elementor-top-column elementor-element elementor-element-2117fad\" data-id=\"2117fad\" data-element_type=\"column\">\n\t\t\t<div class=\"elementor-widget-wrap elementor-element-populated\">\n\t\t\t\t\t\t\t\t<div class=\"elementor-element elementor-element-3444b94 elementor-widget elementor-widget-image\" data-id=\"3444b94\" data-element_type=\"widget\" data-widget_type=\"image.default\">\n\t\t\t\t<div class=\"elementor-widget-container\">\n\t\t\t\t\t<div class=\"elementor-image\">\n\t\t\t\t\t\t\t\t\t\t<img loading=\"lazy\" decoding=\"async\" width=\"600\" height=\"454\" src=\"https:\/\/mayogiardelli.com.ar\/wp-content\/uploads\/2021\/04\/Estudio-6-1.jpg\" class=\"attachment-large size-large\" alt=\"\" srcset=\"https:\/\/mayogiardelli.com.ar\/wp-content\/uploads\/2021\/04\/Estudio-6-1.jpg 600w, https:\/\/mayogiardelli.com.ar\/wp-content\/uploads\/2021\/04\/Estudio-6-1-300x227.jpg 300w\" sizes=\"auto, (max-width: 600px) 100vw, 600px\" \/>\t\t\t\t\t\t\t\t\t\t\t<\/div>\n\t\t\t\t<\/div>\n\t\t\t\t<\/div>\n\t\t\t\t<div class=\"elementor-element elementor-element-2faed84 elementor-widget elementor-widget-heading\" data-id=\"2faed84\" data-element_type=\"widget\" data-widget_type=\"heading.default\">\n\t\t\t\t<div class=\"elementor-widget-container\">\n\t\t\t<h3 class=\"elementor-heading-title elementor-size-default\">Derecho Societario y Fiduciario<\/h3>\t\t<\/div>\n\t\t\t\t<\/div>\n\t\t\t\t<div class=\"elementor-element elementor-element-ed47ab6 elementor-widget elementor-widget-text-editor\" data-id=\"ed47ab6\" data-element_type=\"widget\" data-widget_type=\"text-editor.default\">\n\t\t\t\t<div class=\"elementor-widget-container\">\n\t\t\t\t\t<div class=\"elementor-text-editor elementor-clearfix\"><p>El Estudio es ampliamente reconocido por el conocimiento y la experiencia de sus profesionales en organizaciones y reorganizaciones societarias, redacci\u00f3n de acuerdos de accionistas, resoluci\u00f3n de conflictos y protecci\u00f3n de los intereses de accionistas mayoritarios y minoritarios, como as\u00ed tambi\u00e9n en la elaboraci\u00f3n de fideicomisos de administraci\u00f3n y de garant\u00eda.<\/p><\/div>\n\t\t\t\t<\/div>\n\t\t\t\t<\/div>\n\t\t\t\t\t<\/div>\n\t\t<\/div>\n\t\t\t\t<div class=\"elementor-column elementor-col-33 elementor-top-column elementor-element elementor-element-b9e5d82\" data-id=\"b9e5d82\" data-element_type=\"column\">\n\t\t\t<div class=\"elementor-widget-wrap elementor-element-populated\">\n\t\t\t\t\t\t\t\t<div class=\"elementor-element elementor-element-8d3f375 elementor-widget elementor-widget-image\" data-id=\"8d3f375\" data-element_type=\"widget\" data-widget_type=\"image.default\">\n\t\t\t\t<div class=\"elementor-widget-container\">\n\t\t\t\t\t<div class=\"elementor-image\">\n\t\t\t\t\t\t\t\t\t\t<img loading=\"lazy\" decoding=\"async\" width=\"600\" height=\"456\" src=\"https:\/\/mayogiardelli.com.ar\/wp-content\/uploads\/2021\/04\/Portfolio-1-1.jpg\" class=\"attachment-large size-large\" alt=\"\" srcset=\"https:\/\/mayogiardelli.com.ar\/wp-content\/uploads\/2021\/04\/Portfolio-1-1.jpg 600w, https:\/\/mayogiardelli.com.ar\/wp-content\/uploads\/2021\/04\/Portfolio-1-1-300x228.jpg 300w\" sizes=\"auto, (max-width: 600px) 100vw, 600px\" \/>\t\t\t\t\t\t\t\t\t\t\t<\/div>\n\t\t\t\t<\/div>\n\t\t\t\t<\/div>\n\t\t\t\t<div class=\"elementor-element elementor-element-8a8b41c elementor-widget elementor-widget-heading\" data-id=\"8a8b41c\" data-element_type=\"widget\" data-widget_type=\"heading.default\">\n\t\t\t\t<div class=\"elementor-widget-container\">\n\t\t\t<h3 class=\"elementor-heading-title elementor-size-default\">Fusiones y adquisiciones<\/h3>\t\t<\/div>\n\t\t\t\t<\/div>\n\t\t\t\t<div class=\"elementor-element elementor-element-a7d7033 elementor-widget elementor-widget-text-editor\" data-id=\"a7d7033\" data-element_type=\"widget\" data-widget_type=\"text-editor.default\">\n\t\t\t\t<div class=\"elementor-widget-container\">\n\t\t\t\t\t<div class=\"elementor-text-editor elementor-clearfix\"><p>El Estudio y sus integrantes han asesorado en significativas compraventas y fusiones de empresas, representando a fondos de inversi\u00f3n, empresas y empresarios nacionales e internacionales.<\/p><\/div>\n\t\t\t\t<\/div>\n\t\t\t\t<\/div>\n\t\t\t\t\t<\/div>\n\t\t<\/div>\n\t\t\t\t\t\t\t<\/div>\n\t\t<\/section>\n\t\t\t\t<section class=\"elementor-section elementor-top-section elementor-element elementor-element-40bcea0 elementor-section-boxed elementor-section-height-default elementor-section-height-default\" data-id=\"40bcea0\" data-element_type=\"section\">\n\t\t\t\t\t\t<div class=\"elementor-container elementor-column-gap-default\">\n\t\t\t\t\t<div class=\"elementor-column elementor-col-33 elementor-top-column elementor-element elementor-element-f08a918\" data-id=\"f08a918\" data-element_type=\"column\">\n\t\t\t<div class=\"elementor-widget-wrap elementor-element-populated\">\n\t\t\t\t\t\t\t\t<div class=\"elementor-element elementor-element-2d44d35 elementor-widget elementor-widget-image\" data-id=\"2d44d35\" data-element_type=\"widget\" data-widget_type=\"image.default\">\n\t\t\t\t<div class=\"elementor-widget-container\">\n\t\t\t\t\t<div class=\"elementor-image\">\n\t\t\t\t\t\t\t\t\t\t<img loading=\"lazy\" decoding=\"async\" width=\"600\" height=\"455\" src=\"https:\/\/mayogiardelli.com.ar\/wp-content\/uploads\/2021\/04\/inversionextranjera-1.jpg\" class=\"attachment-large size-large\" alt=\"\" srcset=\"https:\/\/mayogiardelli.com.ar\/wp-content\/uploads\/2021\/04\/inversionextranjera-1.jpg 600w, https:\/\/mayogiardelli.com.ar\/wp-content\/uploads\/2021\/04\/inversionextranjera-1-300x228.jpg 300w\" sizes=\"auto, (max-width: 600px) 100vw, 600px\" \/>\t\t\t\t\t\t\t\t\t\t\t<\/div>\n\t\t\t\t<\/div>\n\t\t\t\t<\/div>\n\t\t\t\t<div class=\"elementor-element elementor-element-8310799 elementor-widget elementor-widget-heading\" data-id=\"8310799\" data-element_type=\"widget\" data-widget_type=\"heading.default\">\n\t\t\t\t<div class=\"elementor-widget-container\">\n\t\t\t<h3 class=\"elementor-heading-title elementor-size-default\">Inversi\u00f3n Extranjera<\/h3>\t\t<\/div>\n\t\t\t\t<\/div>\n\t\t\t\t<div class=\"elementor-element elementor-element-4868ba3 elementor-widget elementor-widget-text-editor\" data-id=\"4868ba3\" data-element_type=\"widget\" data-widget_type=\"text-editor.default\">\n\t\t\t\t<div class=\"elementor-widget-container\">\n\t\t\t\t\t<div class=\"elementor-text-editor elementor-clearfix\"><p>El Estudio asesora a clientes de los pa\u00edses m\u00e1s variados, tales como Estados Unidos, Alemania, B\u00e9lgica, Francia, Noruega, Hungr\u00eda, Suiza, Singapur, Brasil y Chile, en sus inversiones en Argentina, ya sea a nivel empresarial o particular.<\/p><\/div>\n\t\t\t\t<\/div>\n\t\t\t\t<\/div>\n\t\t\t\t\t<\/div>\n\t\t<\/div>\n\t\t\t\t<div class=\"elementor-column elementor-col-33 elementor-top-column elementor-element elementor-element-4c7c945\" data-id=\"4c7c945\" data-element_type=\"column\">\n\t\t\t<div class=\"elementor-widget-wrap elementor-element-populated\">\n\t\t\t\t\t\t\t\t<div class=\"elementor-element elementor-element-28e5a70 elementor-widget elementor-widget-image\" data-id=\"28e5a70\" data-element_type=\"widget\" data-widget_type=\"image.default\">\n\t\t\t\t<div class=\"elementor-widget-container\">\n\t\t\t\t\t<div class=\"elementor-image\">\n\t\t\t\t\t\t\t\t\t\t<img loading=\"lazy\" decoding=\"async\" width=\"600\" height=\"454\" src=\"https:\/\/mayogiardelli.com.ar\/wp-content\/uploads\/2021\/04\/LIBROS-1.jpg\" class=\"attachment-large size-large\" alt=\"\" srcset=\"https:\/\/mayogiardelli.com.ar\/wp-content\/uploads\/2021\/04\/LIBROS-1.jpg 600w, https:\/\/mayogiardelli.com.ar\/wp-content\/uploads\/2021\/04\/LIBROS-1-300x227.jpg 300w\" sizes=\"auto, (max-width: 600px) 100vw, 600px\" \/>\t\t\t\t\t\t\t\t\t\t\t<\/div>\n\t\t\t\t<\/div>\n\t\t\t\t<\/div>\n\t\t\t\t<div class=\"elementor-element elementor-element-09cdea3 elementor-widget elementor-widget-heading\" data-id=\"09cdea3\" data-element_type=\"widget\" data-widget_type=\"heading.default\">\n\t\t\t\t<div class=\"elementor-widget-container\">\n\t\t\t<h3 class=\"elementor-heading-title elementor-size-default\">Derecho Civil y Comercial<\/h3>\t\t<\/div>\n\t\t\t\t<\/div>\n\t\t\t\t<div class=\"elementor-element elementor-element-43c1a38 elementor-widget elementor-widget-text-editor\" data-id=\"43c1a38\" data-element_type=\"widget\" data-widget_type=\"text-editor.default\">\n\t\t\t\t<div class=\"elementor-widget-container\">\n\t\t\t\t\t<div class=\"elementor-text-editor elementor-clearfix\"><p>El Estudio presta asesoramiento en las diversas \u00e1reas del derecho civil y comercial, incluyendo redacci\u00f3n de contratos de todo tipo, reclamos o defensas del derecho de da\u00f1os, procedimientos sucesorios procurando la simplificaci\u00f3n y abaratamiento de la trasmisi\u00f3n hereditaria, derecho de familia bajo una \u00f3ptica human\u00edstica y, en general, la atenci\u00f3n de situaciones derivadas de la responsabilidad contractual o extracontractual.<\/p><\/div>\n\t\t\t\t<\/div>\n\t\t\t\t<\/div>\n\t\t\t\t\t<\/div>\n\t\t<\/div>\n\t\t\t\t<div class=\"elementor-column elementor-col-33 elementor-top-column elementor-element elementor-element-8c9de19\" data-id=\"8c9de19\" data-element_type=\"column\">\n\t\t\t<div class=\"elementor-widget-wrap elementor-element-populated\">\n\t\t\t\t\t\t\t\t<div class=\"elementor-element elementor-element-4344443 elementor-widget elementor-widget-image\" data-id=\"4344443\" data-element_type=\"widget\" data-widget_type=\"image.default\">\n\t\t\t\t<div class=\"elementor-widget-container\">\n\t\t\t\t\t<div class=\"elementor-image\">\n\t\t\t\t\t\t\t\t\t\t<img loading=\"lazy\" decoding=\"async\" width=\"600\" height=\"454\" src=\"https:\/\/mayogiardelli.com.ar\/wp-content\/uploads\/2021\/04\/Portfolio-31.jpg\" class=\"attachment-large size-large\" alt=\"\" srcset=\"https:\/\/mayogiardelli.com.ar\/wp-content\/uploads\/2021\/04\/Portfolio-31.jpg 600w, https:\/\/mayogiardelli.com.ar\/wp-content\/uploads\/2021\/04\/Portfolio-31-300x227.jpg 300w\" sizes=\"auto, (max-width: 600px) 100vw, 600px\" \/>\t\t\t\t\t\t\t\t\t\t\t<\/div>\n\t\t\t\t<\/div>\n\t\t\t\t<\/div>\n\t\t\t\t<div class=\"elementor-element elementor-element-b5150cc elementor-widget elementor-widget-heading\" data-id=\"b5150cc\" data-element_type=\"widget\" data-widget_type=\"heading.default\">\n\t\t\t\t<div class=\"elementor-widget-container\">\n\t\t\t<h3 class=\"elementor-heading-title elementor-size-default\">Derecho Laboral<\/h3>\t\t<\/div>\n\t\t\t\t<\/div>\n\t\t\t\t<div class=\"elementor-element elementor-element-798e373 elementor-widget elementor-widget-text-editor\" data-id=\"798e373\" data-element_type=\"widget\" data-widget_type=\"text-editor.default\">\n\t\t\t\t<div class=\"elementor-widget-container\">\n\t\t\t\t\t<div class=\"elementor-text-editor elementor-clearfix\"><p>El Estudio se especializa en el asesoramiento laboral de empresas de primera l\u00ednea, incluyendo la prevenci\u00f3n y resoluci\u00f3n de conflictos colectivos o individuales y otras contingencias laborales. Representa a empresas y a altos ejecutivos ante el Ministerio de Trabajo, Conciliadores Laborales y Tribunales de Trabajo.<\/p><\/div>\n\t\t\t\t<\/div>\n\t\t\t\t<\/div>\n\t\t\t\t\t<\/div>\n\t\t<\/div>\n\t\t\t\t\t\t\t<\/div>\n\t\t<\/section>\n\t\t\t\t<section class=\"elementor-section elementor-top-section elementor-element elementor-element-92cbf3a elementor-section-boxed elementor-section-height-default elementor-section-height-default\" data-id=\"92cbf3a\" data-element_type=\"section\">\n\t\t\t\t\t\t<div class=\"elementor-container elementor-column-gap-default\">\n\t\t\t\t\t<div class=\"elementor-column elementor-col-33 elementor-top-column elementor-element elementor-element-2eeb177\" data-id=\"2eeb177\" data-element_type=\"column\">\n\t\t\t<div class=\"elementor-widget-wrap\">\n\t\t\t\t\t\t\t\t\t<\/div>\n\t\t<\/div>\n\t\t\t\t<div class=\"elementor-column elementor-col-33 elementor-top-column elementor-element elementor-element-c3fed23\" data-id=\"c3fed23\" data-element_type=\"column\">\n\t\t\t<div class=\"elementor-widget-wrap elementor-element-populated\">\n\t\t\t\t\t\t\t\t<div class=\"elementor-element elementor-element-564b24e elementor-widget elementor-widget-image\" data-id=\"564b24e\" data-element_type=\"widget\" data-widget_type=\"image.default\">\n\t\t\t\t<div class=\"elementor-widget-container\">\n\t\t\t\t\t<div class=\"elementor-image\">\n\t\t\t\t\t\t\t\t\t\t<img loading=\"lazy\" decoding=\"async\" width=\"600\" height=\"455\" src=\"https:\/\/mayogiardelli.com.ar\/wp-content\/uploads\/2021\/04\/portfolio-4-1.jpg\" class=\"attachment-large size-large\" alt=\"\" srcset=\"https:\/\/mayogiardelli.com.ar\/wp-content\/uploads\/2021\/04\/portfolio-4-1.jpg 600w, https:\/\/mayogiardelli.com.ar\/wp-content\/uploads\/2021\/04\/portfolio-4-1-300x228.jpg 300w\" sizes=\"auto, (max-width: 600px) 100vw, 600px\" \/>\t\t\t\t\t\t\t\t\t\t\t<\/div>\n\t\t\t\t<\/div>\n\t\t\t\t<\/div>\n\t\t\t\t<div class=\"elementor-element elementor-element-59023f8 elementor-widget elementor-widget-heading\" data-id=\"59023f8\" data-element_type=\"widget\" data-widget_type=\"heading.default\">\n\t\t\t\t<div class=\"elementor-widget-container\">\n\t\t\t<h3 class=\"elementor-heading-title elementor-size-default\">Negociaci\u00f3n, Litigios y Arbitrajes<\/h3>\t\t<\/div>\n\t\t\t\t<\/div>\n\t\t\t\t<div class=\"elementor-element elementor-element-03dd263 elementor-widget elementor-widget-text-editor\" data-id=\"03dd263\" data-element_type=\"widget\" data-widget_type=\"text-editor.default\">\n\t\t\t\t<div class=\"elementor-widget-container\">\n\t\t\t\t\t<div class=\"elementor-text-editor elementor-clearfix\"><p>El Estudio se especializa en negociaciones complejas, con o sin intervenci\u00f3n de mediadores, y cuenta adem\u00e1s con una trayectoria de varias d\u00e9cadas en litigios, originada en su actuaci\u00f3n en jurisdicci\u00f3n judicial o arbitral, local o extranjera.<\/p><\/div>\n\t\t\t\t<\/div>\n\t\t\t\t<\/div>\n\t\t\t\t\t<\/div>\n\t\t<\/div>\n\t\t\t\t<div class=\"elementor-column elementor-col-33 elementor-top-column elementor-element elementor-element-79a6ff0\" data-id=\"79a6ff0\" data-element_type=\"column\">\n\t\t\t<div class=\"elementor-widget-wrap\">\n\t\t\t\t\t\t\t\t\t<\/div>\n\t\t<\/div>\n\t\t\t\t\t\t\t<\/div>\n\t\t<\/section>\n\t\t\t\t\t\t<\/div>\n\t\t\t\t\t<\/div>\n\t\t","protected":false},"excerpt":{"rendered":"<p>\u00c1reas de pr\u00e1ctica Derecho Empresarial El asesoramiento del Estudio abarca los m\u00e1s diversos aspectos de la actividad empresaria, incluyendo las distintas modalidades de organizaci\u00f3n societaria, la vinculaci\u00f3n y la regulaci\u00f3n contractual de la empresa con clientes y proveedores, la relaci\u00f3n con el personal orientada a la prevenci\u00f3n y eventual resoluci\u00f3n de conflictos colectivos o individuales, &hellip;<\/p>\n<p class=\"read-more\"> <a class=\"\" href=\"https:\/\/mayogiardelli.com.ar\/index.php\/areas-de-practica\/\"> <span class=\"screen-reader-text\">\u00c1reas de pr\u00e1ctica<\/span> Read More &raquo;<\/a><\/p>\n","protected":false},"author":1,"featured_media":0,"parent":0,"menu_order":0,"comment_status":"closed","ping_status":"closed","template":"","meta":{"footnotes":""},"class_list":["post-11","page","type-page","status-publish","hentry"],"yoast_head":"<!-- This site is optimized with the Yoast SEO plugin v16.1.1 - https:\/\/yoast.com\/wordpress\/plugins\/seo\/ -->\n<title>\u00c1reas de pr\u00e1ctica -<\/title>\n<link rel=\"canonical\" href=\"https:\/\/mayogiardelli.com.ar\/index.php\/areas-de-practica\/\" \/>\n<meta property=\"og:locale\" content=\"en_US\" \/>\n<meta property=\"og:type\" content=\"article\" \/>\n<meta property=\"og:title\" content=\"\u00c1reas de pr\u00e1ctica -\" \/>\n<meta property=\"og:description\" content=\"\u00c1reas de pr\u00e1ctica Derecho Empresarial El asesoramiento del Estudio abarca los m\u00e1s diversos aspectos de la actividad empresaria, incluyendo las distintas modalidades de organizaci\u00f3n societaria, la vinculaci\u00f3n y la regulaci\u00f3n contractual de la empresa con clientes y proveedores, la relaci\u00f3n con el personal orientada a la prevenci\u00f3n y eventual resoluci\u00f3n de conflictos colectivos o individuales, &hellip; \u00c1reas de pr\u00e1ctica Read More &raquo;\" \/>\n<meta property=\"og:url\" content=\"https:\/\/mayogiardelli.com.ar\/index.php\/areas-de-practica\/\" \/>\n<meta property=\"article:modified_time\" content=\"2021-04-13T17:54:22+00:00\" \/>\n<meta property=\"og:image\" content=\"https:\/\/mayogiardelli.com.ar\/wp-content\/uploads\/2021\/04\/Estudio-8-1.jpg\" \/>\n<meta name=\"twitter:card\" content=\"summary_large_image\" \/>\n<meta name=\"twitter:label1\" content=\"Est. reading time\">\n\t<meta name=\"twitter:data1\" content=\"3 minutes\">\n<script type=\"application\/ld+json\" class=\"yoast-schema-graph\">{\"@context\":\"https:\/\/schema.org\",\"@graph\":[{\"@type\":\"WebSite\",\"@id\":\"https:\/\/mayogiardelli.com.ar\/#website\",\"url\":\"https:\/\/mayogiardelli.com.ar\/\",\"name\":\"\",\"description\":\"\",\"potentialAction\":[{\"@type\":\"SearchAction\",\"target\":\"https:\/\/mayogiardelli.com.ar\/?s={search_term_string}\",\"query-input\":\"required name=search_term_string\"}],\"inLanguage\":\"en-US\"},{\"@type\":\"ImageObject\",\"@id\":\"https:\/\/mayogiardelli.com.ar\/index.php\/areas-de-practica\/#primaryimage\",\"inLanguage\":\"en-US\",\"url\":\"https:\/\/mayogiardelli.com.ar\/wp-content\/uploads\/2021\/04\/Estudio-8-1.jpg\",\"contentUrl\":\"https:\/\/mayogiardelli.com.ar\/wp-content\/uploads\/2021\/04\/Estudio-8-1.jpg\",\"width\":600,\"height\":456},{\"@type\":\"WebPage\",\"@id\":\"https:\/\/mayogiardelli.com.ar\/index.php\/areas-de-practica\/#webpage\",\"url\":\"https:\/\/mayogiardelli.com.ar\/index.php\/areas-de-practica\/\",\"name\":\"\\u00c1reas de pr\\u00e1ctica -\",\"isPartOf\":{\"@id\":\"https:\/\/mayogiardelli.com.ar\/#website\"},\"primaryImageOfPage\":{\"@id\":\"https:\/\/mayogiardelli.com.ar\/index.php\/areas-de-practica\/#primaryimage\"},\"datePublished\":\"2021-04-09T01:49:24+00:00\",\"dateModified\":\"2021-04-13T17:54:22+00:00\",\"breadcrumb\":{\"@id\":\"https:\/\/mayogiardelli.com.ar\/index.php\/areas-de-practica\/#breadcrumb\"},\"inLanguage\":\"en-US\",\"potentialAction\":[{\"@type\":\"ReadAction\",\"target\":[\"https:\/\/mayogiardelli.com.ar\/index.php\/areas-de-practica\/\"]}]},{\"@type\":\"BreadcrumbList\",\"@id\":\"https:\/\/mayogiardelli.com.ar\/index.php\/areas-de-practica\/#breadcrumb\",\"itemListElement\":[{\"@type\":\"ListItem\",\"position\":1,\"item\":{\"@type\":\"WebPage\",\"@id\":\"https:\/\/mayogiardelli.com.ar\/\",\"url\":\"https:\/\/mayogiardelli.com.ar\/\",\"name\":\"Home\"}},{\"@type\":\"ListItem\",\"position\":2,\"item\":{\"@type\":\"WebPage\",\"@id\":\"https:\/\/mayogiardelli.com.ar\/index.php\/areas-de-practica\/\",\"url\":\"https:\/\/mayogiardelli.com.ar\/index.php\/areas-de-practica\/\",\"name\":\"\\u00c1reas de pr\\u00e1ctica\"}}]}]}<\/script>\n<!-- \/ Yoast SEO plugin. -->","_links":{"self":[{"href":"https:\/\/mayogiardelli.com.ar\/index.php\/wp-json\/wp\/v2\/pages\/11","targetHints":{"allow":["GET"]}}],"collection":[{"href":"https:\/\/mayogiardelli.com.ar\/index.php\/wp-json\/wp\/v2\/pages"}],"about":[{"href":"https:\/\/mayogiardelli.com.ar\/index.php\/wp-json\/wp\/v2\/types\/page"}],"author":[{"embeddable":true,"href":"https:\/\/mayogiardelli.com.ar\/index.php\/wp-json\/wp\/v2\/users\/1"}],"replies":[{"embeddable":true,"href":"https:\/\/mayogiardelli.com.ar\/index.php\/wp-json\/wp\/v2\/comments?post=11"}],"version-history":[{"count":0,"href":"https:\/\/mayogiardelli.com.ar\/index.php\/wp-json\/wp\/v2\/pages\/11\/revisions"}],"wp:attachment":[{"href":"https:\/\/mayogiardelli.com.ar\/index.php\/wp-json\/wp\/v2\/media?parent=11"}],"curies":[{"name":"wp","href":"https:\/\/api.w.org\/{rel}","templated":true}]}}