{"id":98,"date":"2021-04-20T04:56:54","date_gmt":"2021-04-20T04:56:54","guid":{"rendered":"https:\/\/mayogiardelli.com.ar\/fr\/?page_id=98"},"modified":"2021-04-20T05:07:31","modified_gmt":"2021-04-20T05:07:31","slug":"osvaldo-giardelli","status":"publish","type":"page","link":"https:\/\/mayogiardelli.com.ar\/fr\/index.php\/osvaldo-giardelli\/","title":{"rendered":"Osvaldo Giardelli"},"content":{"rendered":"\t\t<div data-elementor-type=\"wp-page\" data-elementor-id=\"98\" class=\"elementor elementor-98\" data-elementor-settings=\"[]\">\n\t\t\t\t\t\t\t<div class=\"elementor-section-wrap\">\n\t\t\t\t\t\t\t<section class=\"elementor-section elementor-top-section elementor-element elementor-element-8734af4 elementor-section-boxed elementor-section-height-default elementor-section-height-default\" data-id=\"8734af4\" data-element_type=\"section\">\n\t\t\t\t\t\t<div class=\"elementor-container elementor-column-gap-default\">\n\t\t\t\t\t<div class=\"elementor-column elementor-col-100 elementor-top-column elementor-element elementor-element-f2dd74f\" data-id=\"f2dd74f\" data-element_type=\"column\">\n\t\t\t<div class=\"elementor-widget-wrap elementor-element-populated\">\n\t\t\t\t\t\t\t\t<div class=\"elementor-element elementor-element-158f1ba elementor-widget elementor-widget-spacer\" data-id=\"158f1ba\" data-element_type=\"widget\" data-widget_type=\"spacer.default\">\n\t\t\t\t<div class=\"elementor-widget-container\">\n\t\t\t\t\t<div class=\"elementor-spacer\">\n\t\t\t<div class=\"elementor-spacer-inner\"><\/div>\n\t\t<\/div>\n\t\t\t\t<\/div>\n\t\t\t\t<\/div>\n\t\t\t\t<div class=\"elementor-element elementor-element-c99d5fc elementor-widget elementor-widget-heading\" data-id=\"c99d5fc\" data-element_type=\"widget\" data-widget_type=\"heading.default\">\n\t\t\t\t<div class=\"elementor-widget-container\">\n\t\t\t<h2 class=\"elementor-heading-title elementor-size-default\">Osvaldo R. Giardelli<\/h2>\t\t<\/div>\n\t\t\t\t<\/div>\n\t\t\t\t<div class=\"elementor-element elementor-element-42f1ef7 elementor-widget elementor-widget-spacer\" data-id=\"42f1ef7\" data-element_type=\"widget\" data-widget_type=\"spacer.default\">\n\t\t\t\t<div class=\"elementor-widget-container\">\n\t\t\t\t\t<div class=\"elementor-spacer\">\n\t\t\t<div class=\"elementor-spacer-inner\"><\/div>\n\t\t<\/div>\n\t\t\t\t<\/div>\n\t\t\t\t<\/div>\n\t\t\t\t\t<\/div>\n\t\t<\/div>\n\t\t\t\t\t\t\t<\/div>\n\t\t<\/section>\n\t\t\t\t<section class=\"elementor-section elementor-top-section elementor-element elementor-element-c45ce64 elementor-section-boxed elementor-section-height-default elementor-section-height-default\" data-id=\"c45ce64\" data-element_type=\"section\">\n\t\t\t\t\t\t<div class=\"elementor-container elementor-column-gap-default\">\n\t\t\t\t\t<div class=\"elementor-column elementor-col-33 elementor-top-column elementor-element elementor-element-58d5a2c\" data-id=\"58d5a2c\" data-element_type=\"column\">\n\t\t\t<div class=\"elementor-widget-wrap elementor-element-populated\">\n\t\t\t\t\t\t\t\t<div class=\"elementor-element elementor-element-84d3e53 elementor-widget elementor-widget-image\" data-id=\"84d3e53\" data-element_type=\"widget\" data-widget_type=\"image.default\">\n\t\t\t\t<div class=\"elementor-widget-container\">\n\t\t\t\t\t<div class=\"elementor-image\">\n\t\t\t\t\t\t\t\t\t\t<img decoding=\"async\" width=\"800\" height=\"533\" src=\"https:\/\/mayogiardelli.com.ar\/fr\/wp-content\/uploads\/2021\/04\/despacho-osvaldo-2.jpg\" class=\"attachment-large size-large\" alt=\"\" srcset=\"https:\/\/mayogiardelli.com.ar\/fr\/wp-content\/uploads\/2021\/04\/despacho-osvaldo-2.jpg 800w, https:\/\/mayogiardelli.com.ar\/fr\/wp-content\/uploads\/2021\/04\/despacho-osvaldo-2-300x200.jpg 300w, https:\/\/mayogiardelli.com.ar\/fr\/wp-content\/uploads\/2021\/04\/despacho-osvaldo-2-768x512.jpg 768w\" sizes=\"(max-width: 800px) 100vw, 800px\" \/>\t\t\t\t\t\t\t\t\t\t\t<\/div>\n\t\t\t\t<\/div>\n\t\t\t\t<\/div>\n\t\t\t\t\t<\/div>\n\t\t<\/div>\n\t\t\t\t<div class=\"elementor-column elementor-col-66 elementor-top-column elementor-element elementor-element-b61914b\" data-id=\"b61914b\" data-element_type=\"column\">\n\t\t\t<div class=\"elementor-widget-wrap elementor-element-populated\">\n\t\t\t\t\t\t\t\t<div class=\"elementor-element elementor-element-e085797 elementor-widget elementor-widget-text-editor\" data-id=\"e085797\" data-element_type=\"widget\" data-widget_type=\"text-editor.default\">\n\t\t\t\t<div class=\"elementor-widget-container\">\n\t\t\t\t\t<div class=\"elementor-text-editor elementor-clearfix\"><p>Avocat dipl\u00f4m\u00e9 avec mention d\u2019honneur en 1969 en droit d\u00e0 l\u2019Universit\u00e9 du Salvador. Ma\u00eetre Giardelli a \u00e9t\u00e9 professeur assistant en droit de proc\u00e9dure civile et d\u00e0 l\u2019Universit\u00e9 du Salvador.<\/p><p> Il rejoint le Cabinet en 1970. Il est sp\u00e9cialis\u00e9 en droit commercial, civil et du travail.<\/p><p>Il poss\u00e8de de notions d\u2019italien et d\u2019anglais.<\/p><\/div>\n\t\t\t\t<\/div>\n\t\t\t\t<\/div>\n\t\t\t\t\t<\/div>\n\t\t<\/div>\n\t\t\t\t\t\t\t<\/div>\n\t\t<\/section>\n\t\t\t\t<section class=\"elementor-section elementor-top-section elementor-element elementor-element-e5b4365 elementor-section-boxed elementor-section-height-default elementor-section-height-default\" data-id=\"e5b4365\" data-element_type=\"section\">\n\t\t\t\t\t\t<div class=\"elementor-container elementor-column-gap-default\">\n\t\t\t\t\t<div class=\"elementor-column elementor-col-100 elementor-top-column elementor-element elementor-element-0adbc27\" data-id=\"0adbc27\" data-element_type=\"column\">\n\t\t\t<div class=\"elementor-widget-wrap elementor-element-populated\">\n\t\t\t\t\t\t\t\t<div class=\"elementor-element elementor-element-d6baa0d elementor-widget elementor-widget-spacer\" data-id=\"d6baa0d\" data-element_type=\"widget\" data-widget_type=\"spacer.default\">\n\t\t\t\t<div class=\"elementor-widget-container\">\n\t\t\t\t\t<div class=\"elementor-spacer\">\n\t\t\t<div class=\"elementor-spacer-inner\"><\/div>\n\t\t<\/div>\n\t\t\t\t<\/div>\n\t\t\t\t<\/div>\n\t\t\t\t<div class=\"elementor-element elementor-element-7e2acad elementor-widget elementor-widget-button\" data-id=\"7e2acad\" data-element_type=\"widget\" data-widget_type=\"button.default\">\n\t\t\t\t<div class=\"elementor-widget-container\">\n\t\t\t\t\t<div class=\"elementor-button-wrapper\">\n\t\t\t<a href=\"https:\/\/mayogiardelli.com.ar\/fr\/index.php\/avocats\/\" class=\"elementor-button-link elementor-button elementor-size-sm\" role=\"button\">\n\t\t\t\t\t\t<span class=\"elementor-button-content-wrapper\">\n\t\t\t\t\t\t<span class=\"elementor-button-icon elementor-align-icon-left\">\n\t\t\t\t<i aria-hidden=\"true\" class=\"fas fa-chevron-left\"><\/i>\t\t\t<\/span>\n\t\t\t\t\t\t<span class=\"elementor-button-text\">Revenir<\/span>\n\t\t<\/span>\n\t\t\t\t\t<\/a>\n\t\t<\/div>\n\t\t\t\t<\/div>\n\t\t\t\t<\/div>\n\t\t\t\t<div class=\"elementor-element elementor-element-7e42699 elementor-widget elementor-widget-spacer\" data-id=\"7e42699\" data-element_type=\"widget\" data-widget_type=\"spacer.default\">\n\t\t\t\t<div class=\"elementor-widget-container\">\n\t\t\t\t\t<div class=\"elementor-spacer\">\n\t\t\t<div class=\"elementor-spacer-inner\"><\/div>\n\t\t<\/div>\n\t\t\t\t<\/div>\n\t\t\t\t<\/div>\n\t\t\t\t\t<\/div>\n\t\t<\/div>\n\t\t\t\t\t\t\t<\/div>\n\t\t<\/section>\n\t\t\t\t\t\t<\/div>\n\t\t\t\t\t<\/div>\n\t\t","protected":false},"excerpt":{"rendered":"<p>Osvaldo R. Giardelli Avocat dipl\u00f4m\u00e9 avec mention d\u2019honneur en 1969 en droit d\u00e0 l\u2019Universit\u00e9 du Salvador. Ma\u00eetre Giardelli a \u00e9t\u00e9 professeur assistant en droit de proc\u00e9dure civile et d\u00e0 l\u2019Universit\u00e9 du Salvador. Il rejoint le Cabinet en 1970. Il est sp\u00e9cialis\u00e9 en droit commercial, civil et du travail. Il poss\u00e8de de notions d\u2019italien et d\u2019anglais. &hellip;<\/p>\n<p class=\"read-more\"> <a class=\"\" href=\"https:\/\/mayogiardelli.com.ar\/fr\/index.php\/osvaldo-giardelli\/\"> <span class=\"screen-reader-text\">Osvaldo Giardelli<\/span> Lire la suite\u00a0\u00bb<\/a><\/p>\n","protected":false},"author":1,"featured_media":0,"parent":0,"menu_order":0,"comment_status":"closed","ping_status":"closed","template":"","meta":{"footnotes":""},"class_list":["post-98","page","type-page","status-publish","hentry"],"yoast_head":"<!-- This site is optimized with the Yoast SEO plugin v16.1.1 - https:\/\/yoast.com\/wordpress\/plugins\/seo\/ -->\n<title>Osvaldo Giardelli - Mayo&amp;Giardelli<\/title>\n<link rel=\"canonical\" href=\"https:\/\/mayogiardelli.com.ar\/fr\/index.php\/osvaldo-giardelli\/\" \/>\n<meta property=\"og:locale\" content=\"fr_FR\" \/>\n<meta property=\"og:type\" content=\"article\" \/>\n<meta property=\"og:title\" content=\"Osvaldo Giardelli - Mayo&amp;Giardelli\" \/>\n<meta property=\"og:description\" content=\"Osvaldo R. Giardelli Avocat dipl\u00f4m\u00e9 avec mention d\u2019honneur en 1969 en droit d\u00e0 l\u2019Universit\u00e9 du Salvador. Ma\u00eetre Giardelli a \u00e9t\u00e9 professeur assistant en droit de proc\u00e9dure civile et d\u00e0 l\u2019Universit\u00e9 du Salvador. Il rejoint le Cabinet en 1970. Il est sp\u00e9cialis\u00e9 en droit commercial, civil et du travail. Il poss\u00e8de de notions d\u2019italien et d\u2019anglais. &hellip; Osvaldo Giardelli Lire la suite\u00a0\u00bb\" \/>\n<meta property=\"og:url\" content=\"https:\/\/mayogiardelli.com.ar\/fr\/index.php\/osvaldo-giardelli\/\" \/>\n<meta property=\"og:site_name\" content=\"Mayo&amp;Giardelli\" \/>\n<meta property=\"article:modified_time\" content=\"2021-04-20T05:07:31+00:00\" \/>\n<meta property=\"og:image\" content=\"https:\/\/mayogiardelli.com.ar\/fr\/wp-content\/uploads\/2021\/04\/despacho-osvaldo-2.jpg\" \/>\n<meta name=\"twitter:card\" content=\"summary_large_image\" \/>\n<meta name=\"twitter:label1\" content=\"Dur\u00e9e de lecture est.\">\n\t<meta name=\"twitter:data1\" content=\"1 minute\">\n<script type=\"application\/ld+json\" class=\"yoast-schema-graph\">{\"@context\":\"https:\/\/schema.org\",\"@graph\":[{\"@type\":\"WebSite\",\"@id\":\"https:\/\/mayogiardelli.com.ar\/fr\/#website\",\"url\":\"https:\/\/mayogiardelli.com.ar\/fr\/\",\"name\":\"Mayo&amp;Giardelli\",\"description\":\"\",\"potentialAction\":[{\"@type\":\"SearchAction\",\"target\":\"https:\/\/mayogiardelli.com.ar\/fr\/?s={search_term_string}\",\"query-input\":\"required name=search_term_string\"}],\"inLanguage\":\"fr-FR\"},{\"@type\":\"ImageObject\",\"@id\":\"https:\/\/mayogiardelli.com.ar\/fr\/index.php\/osvaldo-giardelli\/#primaryimage\",\"inLanguage\":\"fr-FR\",\"url\":\"https:\/\/mayogiardelli.com.ar\/fr\/wp-content\/uploads\/2021\/04\/despacho-osvaldo-2.jpg\",\"contentUrl\":\"https:\/\/mayogiardelli.com.ar\/fr\/wp-content\/uploads\/2021\/04\/despacho-osvaldo-2.jpg\",\"width\":800,\"height\":533},{\"@type\":\"WebPage\",\"@id\":\"https:\/\/mayogiardelli.com.ar\/fr\/index.php\/osvaldo-giardelli\/#webpage\",\"url\":\"https:\/\/mayogiardelli.com.ar\/fr\/index.php\/osvaldo-giardelli\/\",\"name\":\"Osvaldo Giardelli - Mayo&amp;Giardelli\",\"isPartOf\":{\"@id\":\"https:\/\/mayogiardelli.com.ar\/fr\/#website\"},\"primaryImageOfPage\":{\"@id\":\"https:\/\/mayogiardelli.com.ar\/fr\/index.php\/osvaldo-giardelli\/#primaryimage\"},\"datePublished\":\"2021-04-20T04:56:54+00:00\",\"dateModified\":\"2021-04-20T05:07:31+00:00\",\"breadcrumb\":{\"@id\":\"https:\/\/mayogiardelli.com.ar\/fr\/index.php\/osvaldo-giardelli\/#breadcrumb\"},\"inLanguage\":\"fr-FR\",\"potentialAction\":[{\"@type\":\"ReadAction\",\"target\":[\"https:\/\/mayogiardelli.com.ar\/fr\/index.php\/osvaldo-giardelli\/\"]}]},{\"@type\":\"BreadcrumbList\",\"@id\":\"https:\/\/mayogiardelli.com.ar\/fr\/index.php\/osvaldo-giardelli\/#breadcrumb\",\"itemListElement\":[{\"@type\":\"ListItem\",\"position\":1,\"item\":{\"@type\":\"WebPage\",\"@id\":\"https:\/\/mayogiardelli.com.ar\/fr\/\",\"url\":\"https:\/\/mayogiardelli.com.ar\/fr\/\",\"name\":\"Accueil\"}},{\"@type\":\"ListItem\",\"position\":2,\"item\":{\"@type\":\"WebPage\",\"@id\":\"https:\/\/mayogiardelli.com.ar\/fr\/index.php\/osvaldo-giardelli\/\",\"url\":\"https:\/\/mayogiardelli.com.ar\/fr\/index.php\/osvaldo-giardelli\/\",\"name\":\"Osvaldo Giardelli\"}}]}]}<\/script>\n<!-- \/ Yoast SEO plugin. -->","_links":{"self":[{"href":"https:\/\/mayogiardelli.com.ar\/fr\/index.php\/wp-json\/wp\/v2\/pages\/98","targetHints":{"allow":["GET"]}}],"collection":[{"href":"https:\/\/mayogiardelli.com.ar\/fr\/index.php\/wp-json\/wp\/v2\/pages"}],"about":[{"href":"https:\/\/mayogiardelli.com.ar\/fr\/index.php\/wp-json\/wp\/v2\/types\/page"}],"author":[{"embeddable":true,"href":"https:\/\/mayogiardelli.com.ar\/fr\/index.php\/wp-json\/wp\/v2\/users\/1"}],"replies":[{"embeddable":true,"href":"https:\/\/mayogiardelli.com.ar\/fr\/index.php\/wp-json\/wp\/v2\/comments?post=98"}],"version-history":[{"count":0,"href":"https:\/\/mayogiardelli.com.ar\/fr\/index.php\/wp-json\/wp\/v2\/pages\/98\/revisions"}],"wp:attachment":[{"href":"https:\/\/mayogiardelli.com.ar\/fr\/index.php\/wp-json\/wp\/v2\/media?parent=98"}],"curies":[{"name":"wp","href":"https:\/\/api.w.org\/{rel}","templated":true}]}}