{"id":91,"date":"2021-04-20T04:43:40","date_gmt":"2021-04-20T04:43:40","guid":{"rendered":"https:\/\/mayogiardelli.com.ar\/fr\/?page_id=91"},"modified":"2021-04-20T05:08:46","modified_gmt":"2021-04-20T05:08:46","slug":"miguel-mayo","status":"publish","type":"page","link":"https:\/\/mayogiardelli.com.ar\/fr\/index.php\/miguel-mayo\/","title":{"rendered":"Miguel Mayo"},"content":{"rendered":"\t\t<div data-elementor-type=\"wp-page\" data-elementor-id=\"91\" class=\"elementor elementor-91\" data-elementor-settings=\"[]\">\n\t\t\t\t\t\t\t<div class=\"elementor-section-wrap\">\n\t\t\t\t\t\t\t<section class=\"elementor-section elementor-top-section elementor-element elementor-element-8734af4 elementor-section-boxed elementor-section-height-default elementor-section-height-default\" data-id=\"8734af4\" data-element_type=\"section\">\n\t\t\t\t\t\t<div class=\"elementor-container elementor-column-gap-default\">\n\t\t\t\t\t<div class=\"elementor-column elementor-col-100 elementor-top-column elementor-element elementor-element-f2dd74f\" data-id=\"f2dd74f\" data-element_type=\"column\">\n\t\t\t<div class=\"elementor-widget-wrap elementor-element-populated\">\n\t\t\t\t\t\t\t\t<div class=\"elementor-element elementor-element-158f1ba elementor-widget elementor-widget-spacer\" data-id=\"158f1ba\" data-element_type=\"widget\" data-widget_type=\"spacer.default\">\n\t\t\t\t<div class=\"elementor-widget-container\">\n\t\t\t\t\t<div class=\"elementor-spacer\">\n\t\t\t<div class=\"elementor-spacer-inner\"><\/div>\n\t\t<\/div>\n\t\t\t\t<\/div>\n\t\t\t\t<\/div>\n\t\t\t\t<div class=\"elementor-element elementor-element-c99d5fc elementor-widget elementor-widget-heading\" data-id=\"c99d5fc\" data-element_type=\"widget\" data-widget_type=\"heading.default\">\n\t\t\t\t<div class=\"elementor-widget-container\">\n\t\t\t<h2 class=\"elementor-heading-title elementor-size-default\">Miguel C. Mayo<\/h2>\t\t<\/div>\n\t\t\t\t<\/div>\n\t\t\t\t<div class=\"elementor-element elementor-element-42f1ef7 elementor-widget elementor-widget-spacer\" data-id=\"42f1ef7\" data-element_type=\"widget\" data-widget_type=\"spacer.default\">\n\t\t\t\t<div class=\"elementor-widget-container\">\n\t\t\t\t\t<div class=\"elementor-spacer\">\n\t\t\t<div class=\"elementor-spacer-inner\"><\/div>\n\t\t<\/div>\n\t\t\t\t<\/div>\n\t\t\t\t<\/div>\n\t\t\t\t\t<\/div>\n\t\t<\/div>\n\t\t\t\t\t\t\t<\/div>\n\t\t<\/section>\n\t\t\t\t<section class=\"elementor-section elementor-top-section elementor-element elementor-element-c45ce64 elementor-section-boxed elementor-section-height-default elementor-section-height-default\" data-id=\"c45ce64\" data-element_type=\"section\">\n\t\t\t\t\t\t<div class=\"elementor-container elementor-column-gap-default\">\n\t\t\t\t\t<div class=\"elementor-column elementor-col-33 elementor-top-column elementor-element elementor-element-58d5a2c\" data-id=\"58d5a2c\" data-element_type=\"column\">\n\t\t\t<div class=\"elementor-widget-wrap elementor-element-populated\">\n\t\t\t\t\t\t\t\t<div class=\"elementor-element elementor-element-84d3e53 elementor-widget elementor-widget-image\" data-id=\"84d3e53\" data-element_type=\"widget\" data-widget_type=\"image.default\">\n\t\t\t\t<div class=\"elementor-widget-container\">\n\t\t\t\t\t<div class=\"elementor-image\">\n\t\t\t\t\t\t\t\t\t\t<img decoding=\"async\" width=\"800\" height=\"534\" src=\"https:\/\/mayogiardelli.com.ar\/fr\/wp-content\/uploads\/2021\/04\/MICHEL-DESPACHO-2.jpg\" class=\"attachment-large size-large\" alt=\"\" srcset=\"https:\/\/mayogiardelli.com.ar\/fr\/wp-content\/uploads\/2021\/04\/MICHEL-DESPACHO-2.jpg 800w, https:\/\/mayogiardelli.com.ar\/fr\/wp-content\/uploads\/2021\/04\/MICHEL-DESPACHO-2-300x200.jpg 300w, https:\/\/mayogiardelli.com.ar\/fr\/wp-content\/uploads\/2021\/04\/MICHEL-DESPACHO-2-768x513.jpg 768w\" sizes=\"(max-width: 800px) 100vw, 800px\" \/>\t\t\t\t\t\t\t\t\t\t\t<\/div>\n\t\t\t\t<\/div>\n\t\t\t\t<\/div>\n\t\t\t\t\t<\/div>\n\t\t<\/div>\n\t\t\t\t<div class=\"elementor-column elementor-col-66 elementor-top-column elementor-element elementor-element-b61914b\" data-id=\"b61914b\" data-element_type=\"column\">\n\t\t\t<div class=\"elementor-widget-wrap elementor-element-populated\">\n\t\t\t\t\t\t\t\t<div class=\"elementor-element elementor-element-e085797 elementor-widget elementor-widget-text-editor\" data-id=\"e085797\" data-element_type=\"widget\" data-widget_type=\"text-editor.default\">\n\t\t\t\t<div class=\"elementor-widget-container\">\n\t\t\t\t\t<div class=\"elementor-text-editor elementor-clearfix\"><p>N\u00e9 \u00e0 Bruxelles (Belgique) en 1934. Reside en Argentine depuis 1948. Avocat dipl\u00f4m\u00e9 avec les plus hautes qualifications en droit \u00e0 l\u2019Universit\u00e9 de Buenos Aires.<\/p><p>Ma\u00eetre Mayo a fond\u00e9 le Cabinet en 1955 et exerce depuis lors la profession d\u2019avocat conseil et plaidant. Ses comp\u00e9tences sont vivement recommand\u00e9es par sa propre client\u00e8le et ainsi que par ses pairs. Sp\u00e9cialis\u00e9 en droit des soci\u00e9t\u00e9s et en fusions et acquisitions d\u2019entreprises. Il poss\u00e8de aussi une connaissance approfondie du droit civil.<\/p><p>Parfaite ma\u00eetrise du fran\u00e7ais (langue maternelle).<\/p><\/div>\n\t\t\t\t<\/div>\n\t\t\t\t<\/div>\n\t\t\t\t\t<\/div>\n\t\t<\/div>\n\t\t\t\t\t\t\t<\/div>\n\t\t<\/section>\n\t\t\t\t<section class=\"elementor-section elementor-top-section elementor-element elementor-element-e5b4365 elementor-section-boxed elementor-section-height-default elementor-section-height-default\" data-id=\"e5b4365\" data-element_type=\"section\">\n\t\t\t\t\t\t<div class=\"elementor-container elementor-column-gap-default\">\n\t\t\t\t\t<div class=\"elementor-column elementor-col-100 elementor-top-column elementor-element elementor-element-0adbc27\" data-id=\"0adbc27\" data-element_type=\"column\">\n\t\t\t<div class=\"elementor-widget-wrap elementor-element-populated\">\n\t\t\t\t\t\t\t\t<div class=\"elementor-element elementor-element-d6baa0d elementor-widget elementor-widget-spacer\" data-id=\"d6baa0d\" data-element_type=\"widget\" data-widget_type=\"spacer.default\">\n\t\t\t\t<div class=\"elementor-widget-container\">\n\t\t\t\t\t<div class=\"elementor-spacer\">\n\t\t\t<div class=\"elementor-spacer-inner\"><\/div>\n\t\t<\/div>\n\t\t\t\t<\/div>\n\t\t\t\t<\/div>\n\t\t\t\t<div class=\"elementor-element elementor-element-7e2acad elementor-widget elementor-widget-button\" data-id=\"7e2acad\" data-element_type=\"widget\" data-widget_type=\"button.default\">\n\t\t\t\t<div class=\"elementor-widget-container\">\n\t\t\t\t\t<div class=\"elementor-button-wrapper\">\n\t\t\t<a href=\"https:\/\/mayogiardelli.com.ar\/fr\/index.php\/avocats\/\" class=\"elementor-button-link elementor-button elementor-size-sm\" role=\"button\">\n\t\t\t\t\t\t<span class=\"elementor-button-content-wrapper\">\n\t\t\t\t\t\t<span class=\"elementor-button-icon elementor-align-icon-left\">\n\t\t\t\t<i aria-hidden=\"true\" class=\"fas fa-chevron-left\"><\/i>\t\t\t<\/span>\n\t\t\t\t\t\t<span class=\"elementor-button-text\">Revenir<\/span>\n\t\t<\/span>\n\t\t\t\t\t<\/a>\n\t\t<\/div>\n\t\t\t\t<\/div>\n\t\t\t\t<\/div>\n\t\t\t\t<div class=\"elementor-element elementor-element-7e42699 elementor-widget elementor-widget-spacer\" data-id=\"7e42699\" data-element_type=\"widget\" data-widget_type=\"spacer.default\">\n\t\t\t\t<div class=\"elementor-widget-container\">\n\t\t\t\t\t<div class=\"elementor-spacer\">\n\t\t\t<div class=\"elementor-spacer-inner\"><\/div>\n\t\t<\/div>\n\t\t\t\t<\/div>\n\t\t\t\t<\/div>\n\t\t\t\t\t<\/div>\n\t\t<\/div>\n\t\t\t\t\t\t\t<\/div>\n\t\t<\/section>\n\t\t\t\t\t\t<\/div>\n\t\t\t\t\t<\/div>\n\t\t","protected":false},"excerpt":{"rendered":"<p>Miguel C. Mayo N\u00e9 \u00e0 Bruxelles (Belgique) en 1934. Reside en Argentine depuis 1948. Avocat dipl\u00f4m\u00e9 avec les plus hautes qualifications en droit \u00e0 l\u2019Universit\u00e9 de Buenos Aires. Ma\u00eetre Mayo a fond\u00e9 le Cabinet en 1955 et exerce depuis lors la profession d\u2019avocat conseil et plaidant. Ses comp\u00e9tences sont vivement recommand\u00e9es par sa propre client\u00e8le &hellip;<\/p>\n<p class=\"read-more\"> <a class=\"\" href=\"https:\/\/mayogiardelli.com.ar\/fr\/index.php\/miguel-mayo\/\"> <span class=\"screen-reader-text\">Miguel Mayo<\/span> Lire la suite\u00a0\u00bb<\/a><\/p>\n","protected":false},"author":1,"featured_media":0,"parent":0,"menu_order":0,"comment_status":"closed","ping_status":"closed","template":"","meta":{"footnotes":""},"class_list":["post-91","page","type-page","status-publish","hentry"],"yoast_head":"<!-- This site is optimized with the Yoast SEO plugin v16.1.1 - https:\/\/yoast.com\/wordpress\/plugins\/seo\/ -->\n<title>Miguel Mayo - Mayo&amp;Giardelli<\/title>\n<link rel=\"canonical\" href=\"https:\/\/mayogiardelli.com.ar\/fr\/index.php\/miguel-mayo\/\" \/>\n<meta property=\"og:locale\" content=\"fr_FR\" \/>\n<meta property=\"og:type\" content=\"article\" \/>\n<meta property=\"og:title\" content=\"Miguel Mayo - Mayo&amp;Giardelli\" \/>\n<meta property=\"og:description\" content=\"Miguel C. Mayo N\u00e9 \u00e0 Bruxelles (Belgique) en 1934. Reside en Argentine depuis 1948. Avocat dipl\u00f4m\u00e9 avec les plus hautes qualifications en droit \u00e0 l\u2019Universit\u00e9 de Buenos Aires. Ma\u00eetre Mayo a fond\u00e9 le Cabinet en 1955 et exerce depuis lors la profession d\u2019avocat conseil et plaidant. Ses comp\u00e9tences sont vivement recommand\u00e9es par sa propre client\u00e8le &hellip; Miguel Mayo Lire la suite\u00a0\u00bb\" \/>\n<meta property=\"og:url\" content=\"https:\/\/mayogiardelli.com.ar\/fr\/index.php\/miguel-mayo\/\" \/>\n<meta property=\"og:site_name\" content=\"Mayo&amp;Giardelli\" \/>\n<meta property=\"article:modified_time\" content=\"2021-04-20T05:08:46+00:00\" \/>\n<meta property=\"og:image\" content=\"https:\/\/mayogiardelli.com.ar\/fr\/wp-content\/uploads\/2021\/04\/MICHEL-DESPACHO-2.jpg\" \/>\n<meta name=\"twitter:card\" content=\"summary_large_image\" \/>\n<meta name=\"twitter:label1\" content=\"Dur\u00e9e de lecture est.\">\n\t<meta name=\"twitter:data1\" content=\"1 minute\">\n<script type=\"application\/ld+json\" class=\"yoast-schema-graph\">{\"@context\":\"https:\/\/schema.org\",\"@graph\":[{\"@type\":\"WebSite\",\"@id\":\"https:\/\/mayogiardelli.com.ar\/fr\/#website\",\"url\":\"https:\/\/mayogiardelli.com.ar\/fr\/\",\"name\":\"Mayo&amp;Giardelli\",\"description\":\"\",\"potentialAction\":[{\"@type\":\"SearchAction\",\"target\":\"https:\/\/mayogiardelli.com.ar\/fr\/?s={search_term_string}\",\"query-input\":\"required name=search_term_string\"}],\"inLanguage\":\"fr-FR\"},{\"@type\":\"ImageObject\",\"@id\":\"https:\/\/mayogiardelli.com.ar\/fr\/index.php\/miguel-mayo\/#primaryimage\",\"inLanguage\":\"fr-FR\",\"url\":\"https:\/\/mayogiardelli.com.ar\/fr\/wp-content\/uploads\/2021\/04\/MICHEL-DESPACHO-2.jpg\",\"contentUrl\":\"https:\/\/mayogiardelli.com.ar\/fr\/wp-content\/uploads\/2021\/04\/MICHEL-DESPACHO-2.jpg\",\"width\":800,\"height\":534},{\"@type\":\"WebPage\",\"@id\":\"https:\/\/mayogiardelli.com.ar\/fr\/index.php\/miguel-mayo\/#webpage\",\"url\":\"https:\/\/mayogiardelli.com.ar\/fr\/index.php\/miguel-mayo\/\",\"name\":\"Miguel Mayo - Mayo&amp;Giardelli\",\"isPartOf\":{\"@id\":\"https:\/\/mayogiardelli.com.ar\/fr\/#website\"},\"primaryImageOfPage\":{\"@id\":\"https:\/\/mayogiardelli.com.ar\/fr\/index.php\/miguel-mayo\/#primaryimage\"},\"datePublished\":\"2021-04-20T04:43:40+00:00\",\"dateModified\":\"2021-04-20T05:08:46+00:00\",\"breadcrumb\":{\"@id\":\"https:\/\/mayogiardelli.com.ar\/fr\/index.php\/miguel-mayo\/#breadcrumb\"},\"inLanguage\":\"fr-FR\",\"potentialAction\":[{\"@type\":\"ReadAction\",\"target\":[\"https:\/\/mayogiardelli.com.ar\/fr\/index.php\/miguel-mayo\/\"]}]},{\"@type\":\"BreadcrumbList\",\"@id\":\"https:\/\/mayogiardelli.com.ar\/fr\/index.php\/miguel-mayo\/#breadcrumb\",\"itemListElement\":[{\"@type\":\"ListItem\",\"position\":1,\"item\":{\"@type\":\"WebPage\",\"@id\":\"https:\/\/mayogiardelli.com.ar\/fr\/\",\"url\":\"https:\/\/mayogiardelli.com.ar\/fr\/\",\"name\":\"Accueil\"}},{\"@type\":\"ListItem\",\"position\":2,\"item\":{\"@type\":\"WebPage\",\"@id\":\"https:\/\/mayogiardelli.com.ar\/fr\/index.php\/miguel-mayo\/\",\"url\":\"https:\/\/mayogiardelli.com.ar\/fr\/index.php\/miguel-mayo\/\",\"name\":\"Miguel Mayo\"}}]}]}<\/script>\n<!-- \/ Yoast SEO plugin. -->","_links":{"self":[{"href":"https:\/\/mayogiardelli.com.ar\/fr\/index.php\/wp-json\/wp\/v2\/pages\/91","targetHints":{"allow":["GET"]}}],"collection":[{"href":"https:\/\/mayogiardelli.com.ar\/fr\/index.php\/wp-json\/wp\/v2\/pages"}],"about":[{"href":"https:\/\/mayogiardelli.com.ar\/fr\/index.php\/wp-json\/wp\/v2\/types\/page"}],"author":[{"embeddable":true,"href":"https:\/\/mayogiardelli.com.ar\/fr\/index.php\/wp-json\/wp\/v2\/users\/1"}],"replies":[{"embeddable":true,"href":"https:\/\/mayogiardelli.com.ar\/fr\/index.php\/wp-json\/wp\/v2\/comments?post=91"}],"version-history":[{"count":0,"href":"https:\/\/mayogiardelli.com.ar\/fr\/index.php\/wp-json\/wp\/v2\/pages\/91\/revisions"}],"wp:attachment":[{"href":"https:\/\/mayogiardelli.com.ar\/fr\/index.php\/wp-json\/wp\/v2\/media?parent=91"}],"curies":[{"name":"wp","href":"https:\/\/api.w.org\/{rel}","templated":true}]}}