{"id":20,"date":"2021-04-16T16:17:24","date_gmt":"2021-04-16T16:17:24","guid":{"rendered":"https:\/\/mayogiardelli.com.ar\/fr\/?page_id=20"},"modified":"2021-04-20T05:26:48","modified_gmt":"2021-04-20T05:26:48","slug":"domaine-de-competences","status":"publish","type":"page","link":"https:\/\/mayogiardelli.com.ar\/fr\/index.php\/domaine-de-competences\/","title":{"rendered":"Domaine de comp\u00e9tences"},"content":{"rendered":"\t\t<div data-elementor-type=\"wp-page\" data-elementor-id=\"20\" class=\"elementor elementor-20\" data-elementor-settings=\"[]\">\n\t\t\t\t\t\t\t<div class=\"elementor-section-wrap\">\n\t\t\t\t\t\t\t<section class=\"elementor-section elementor-top-section elementor-element elementor-element-7d404b1 elementor-section-boxed elementor-section-height-default elementor-section-height-default\" data-id=\"7d404b1\" data-element_type=\"section\">\n\t\t\t\t\t\t<div class=\"elementor-container elementor-column-gap-default\">\n\t\t\t\t\t<div class=\"elementor-column elementor-col-100 elementor-top-column elementor-element elementor-element-4afc593\" data-id=\"4afc593\" data-element_type=\"column\">\n\t\t\t<div class=\"elementor-widget-wrap elementor-element-populated\">\n\t\t\t\t\t\t\t\t<div class=\"elementor-element elementor-element-5a8711f elementor-widget elementor-widget-spacer\" data-id=\"5a8711f\" data-element_type=\"widget\" data-widget_type=\"spacer.default\">\n\t\t\t\t<div class=\"elementor-widget-container\">\n\t\t\t\t\t<div class=\"elementor-spacer\">\n\t\t\t<div class=\"elementor-spacer-inner\"><\/div>\n\t\t<\/div>\n\t\t\t\t<\/div>\n\t\t\t\t<\/div>\n\t\t\t\t<div class=\"elementor-element elementor-element-8969506 elementor-widget elementor-widget-heading\" data-id=\"8969506\" data-element_type=\"widget\" data-widget_type=\"heading.default\">\n\t\t\t\t<div class=\"elementor-widget-container\">\n\t\t\t<h2 class=\"elementor-heading-title elementor-size-default\">Domaine de\ncomp\u00e9tences<\/h2>\t\t<\/div>\n\t\t\t\t<\/div>\n\t\t\t\t<div class=\"elementor-element elementor-element-66ca367 elementor-widget elementor-widget-spacer\" data-id=\"66ca367\" data-element_type=\"widget\" data-widget_type=\"spacer.default\">\n\t\t\t\t<div class=\"elementor-widget-container\">\n\t\t\t\t\t<div class=\"elementor-spacer\">\n\t\t\t<div class=\"elementor-spacer-inner\"><\/div>\n\t\t<\/div>\n\t\t\t\t<\/div>\n\t\t\t\t<\/div>\n\t\t\t\t\t<\/div>\n\t\t<\/div>\n\t\t\t\t\t\t\t<\/div>\n\t\t<\/section>\n\t\t\t\t<section class=\"elementor-section elementor-top-section elementor-element elementor-element-ad7002e elementor-section-boxed elementor-section-height-default elementor-section-height-default\" data-id=\"ad7002e\" data-element_type=\"section\">\n\t\t\t\t\t\t<div class=\"elementor-container elementor-column-gap-default\">\n\t\t\t\t\t<div class=\"elementor-column elementor-col-33 elementor-top-column elementor-element elementor-element-3c367e1\" data-id=\"3c367e1\" data-element_type=\"column\">\n\t\t\t<div class=\"elementor-widget-wrap elementor-element-populated\">\n\t\t\t\t\t\t\t\t<div class=\"elementor-element elementor-element-3cf9e4a elementor-widget elementor-widget-image\" data-id=\"3cf9e4a\" data-element_type=\"widget\" data-widget_type=\"image.default\">\n\t\t\t\t<div class=\"elementor-widget-container\">\n\t\t\t\t\t<div class=\"elementor-image\">\n\t\t\t\t\t\t\t\t\t\t<img decoding=\"async\" width=\"600\" height=\"456\" src=\"https:\/\/mayogiardelli.com.ar\/fr\/wp-content\/uploads\/2021\/04\/Estudio-8.jpg\" class=\"attachment-large size-large\" alt=\"\" srcset=\"https:\/\/mayogiardelli.com.ar\/fr\/wp-content\/uploads\/2021\/04\/Estudio-8.jpg 600w, https:\/\/mayogiardelli.com.ar\/fr\/wp-content\/uploads\/2021\/04\/Estudio-8-300x228.jpg 300w\" sizes=\"(max-width: 600px) 100vw, 600px\" \/>\t\t\t\t\t\t\t\t\t\t\t<\/div>\n\t\t\t\t<\/div>\n\t\t\t\t<\/div>\n\t\t\t\t<div class=\"elementor-element elementor-element-3c71f33 elementor-widget elementor-widget-heading\" data-id=\"3c71f33\" data-element_type=\"widget\" data-widget_type=\"heading.default\">\n\t\t\t\t<div class=\"elementor-widget-container\">\n\t\t\t<h3 class=\"elementor-heading-title elementor-size-default\">Droit des affaires<\/h3>\t\t<\/div>\n\t\t\t\t<\/div>\n\t\t\t\t<div class=\"elementor-element elementor-element-2f27240 elementor-widget elementor-widget-text-editor\" data-id=\"2f27240\" data-element_type=\"widget\" data-widget_type=\"text-editor.default\">\n\t\t\t\t<div class=\"elementor-widget-container\">\n\t\t\t\t\t<div class=\"elementor-text-editor elementor-clearfix\"><p>L\u2019activit\u00e9 de conseil du Cabinet recouvre les domaines les plus divers de l\u2019 activit\u00e9 de l\u2019entreprise, allant des diff\u00e9rentes modalit\u00e9s d&rsquo;organisation des soci\u00e9t\u00e9s, du lien contractuel de l&rsquo;entreprise avec ses clients et ses fournisseurs, de la relation avec son personnel ax\u00e9e sur la pr\u00e9vention et la r\u00e9solution de conflits collectifs ou individuels, des accords intrasoci\u00e9taires\u00a0 conduisant, le cas \u00e9ch\u00e9ant, jusqu\u2019\u00e0 la vente,\u00a0 la cession ou la scission de la soci\u00e9t\u00e9 ou tout autre formule.<\/p><\/div>\n\t\t\t\t<\/div>\n\t\t\t\t<\/div>\n\t\t\t\t\t<\/div>\n\t\t<\/div>\n\t\t\t\t<div class=\"elementor-column elementor-col-33 elementor-top-column elementor-element elementor-element-0db3a53\" data-id=\"0db3a53\" data-element_type=\"column\">\n\t\t\t<div class=\"elementor-widget-wrap elementor-element-populated\">\n\t\t\t\t\t\t\t\t<div class=\"elementor-element elementor-element-07db9b5 elementor-widget elementor-widget-image\" data-id=\"07db9b5\" data-element_type=\"widget\" data-widget_type=\"image.default\">\n\t\t\t\t<div class=\"elementor-widget-container\">\n\t\t\t\t\t<div class=\"elementor-image\">\n\t\t\t\t\t\t\t\t\t\t<img decoding=\"async\" width=\"600\" height=\"454\" src=\"https:\/\/mayogiardelli.com.ar\/fr\/wp-content\/uploads\/2021\/04\/Estudio-6.jpg\" class=\"attachment-large size-large\" alt=\"\" srcset=\"https:\/\/mayogiardelli.com.ar\/fr\/wp-content\/uploads\/2021\/04\/Estudio-6.jpg 600w, https:\/\/mayogiardelli.com.ar\/fr\/wp-content\/uploads\/2021\/04\/Estudio-6-300x227.jpg 300w\" sizes=\"(max-width: 600px) 100vw, 600px\" \/>\t\t\t\t\t\t\t\t\t\t\t<\/div>\n\t\t\t\t<\/div>\n\t\t\t\t<\/div>\n\t\t\t\t<div class=\"elementor-element elementor-element-5d3d91d elementor-widget elementor-widget-heading\" data-id=\"5d3d91d\" data-element_type=\"widget\" data-widget_type=\"heading.default\">\n\t\t\t\t<div class=\"elementor-widget-container\">\n\t\t\t<h3 class=\"elementor-heading-title elementor-size-default\">Droit des Soci\u00e9t\u00e9s et Fiduciaire<\/h3>\t\t<\/div>\n\t\t\t\t<\/div>\n\t\t\t\t<div class=\"elementor-element elementor-element-00b4c47 elementor-widget elementor-widget-text-editor\" data-id=\"00b4c47\" data-element_type=\"widget\" data-widget_type=\"text-editor.default\">\n\t\t\t\t<div class=\"elementor-widget-container\">\n\t\t\t\t\t<div class=\"elementor-text-editor elementor-clearfix\"><p>Le Cabinet est r\u00e9put\u00e9 en vue de son exp\u00e9rience en mati\u00e9re d\u2019 organisation et de r\u00e9organisation soci\u00e9taire, r\u00e9daction de pactes d&rsquo;actionnaires, fid\u00e9icommis de management et de garantie, r\u00e9solution de conflits visant \u00e0 la protection des int\u00e9r\u00eats d\u2019 actionnaires majoritaires ainsi que minoritaires.<\/p><\/div>\n\t\t\t\t<\/div>\n\t\t\t\t<\/div>\n\t\t\t\t\t<\/div>\n\t\t<\/div>\n\t\t\t\t<div class=\"elementor-column elementor-col-33 elementor-top-column elementor-element elementor-element-7510945\" data-id=\"7510945\" data-element_type=\"column\">\n\t\t\t<div class=\"elementor-widget-wrap elementor-element-populated\">\n\t\t\t\t\t\t\t\t<div class=\"elementor-element elementor-element-5493ab3 elementor-widget elementor-widget-image\" data-id=\"5493ab3\" data-element_type=\"widget\" data-widget_type=\"image.default\">\n\t\t\t\t<div class=\"elementor-widget-container\">\n\t\t\t\t\t<div class=\"elementor-image\">\n\t\t\t\t\t\t\t\t\t\t<img decoding=\"async\" width=\"600\" height=\"456\" src=\"https:\/\/mayogiardelli.com.ar\/fr\/wp-content\/uploads\/2021\/04\/Portfolio-1.jpg\" class=\"attachment-large size-large\" alt=\"\" srcset=\"https:\/\/mayogiardelli.com.ar\/fr\/wp-content\/uploads\/2021\/04\/Portfolio-1.jpg 600w, https:\/\/mayogiardelli.com.ar\/fr\/wp-content\/uploads\/2021\/04\/Portfolio-1-300x228.jpg 300w\" sizes=\"(max-width: 600px) 100vw, 600px\" \/>\t\t\t\t\t\t\t\t\t\t\t<\/div>\n\t\t\t\t<\/div>\n\t\t\t\t<\/div>\n\t\t\t\t<div class=\"elementor-element elementor-element-f5977d1 elementor-widget elementor-widget-heading\" data-id=\"f5977d1\" data-element_type=\"widget\" data-widget_type=\"heading.default\">\n\t\t\t\t<div class=\"elementor-widget-container\">\n\t\t\t<h3 class=\"elementor-heading-title elementor-size-default\">Fusions et acquisitions<\/h3>\t\t<\/div>\n\t\t\t\t<\/div>\n\t\t\t\t<div class=\"elementor-element elementor-element-1bc8eae elementor-widget elementor-widget-text-editor\" data-id=\"1bc8eae\" data-element_type=\"widget\" data-widget_type=\"text-editor.default\">\n\t\t\t\t<div class=\"elementor-widget-container\">\n\t\t\t\t\t<div class=\"elementor-text-editor elementor-clearfix\"><p>Le Cabinet ainsi que chacun de ses membres ont repr\u00e9sent\u00e9 des clients aussi bien locaux<br \/>qu\u2019 internationaux dans des transactions d\u2019envergure, d\u2019achats\/ventes et fusions<br \/>d\u2019entreprises, en tant qu\u2019avocats conseils de fonds d\u2019investissements locaux ainsi qu\u2019<br \/>\u00e9trangers.<\/p><\/div>\n\t\t\t\t<\/div>\n\t\t\t\t<\/div>\n\t\t\t\t\t<\/div>\n\t\t<\/div>\n\t\t\t\t\t\t\t<\/div>\n\t\t<\/section>\n\t\t\t\t<section class=\"elementor-section elementor-top-section elementor-element elementor-element-fd58c92 elementor-section-boxed elementor-section-height-default elementor-section-height-default\" data-id=\"fd58c92\" data-element_type=\"section\">\n\t\t\t\t\t\t<div class=\"elementor-container elementor-column-gap-default\">\n\t\t\t\t\t<div class=\"elementor-column elementor-col-33 elementor-top-column elementor-element elementor-element-0ec7e71\" data-id=\"0ec7e71\" data-element_type=\"column\">\n\t\t\t<div class=\"elementor-widget-wrap elementor-element-populated\">\n\t\t\t\t\t\t\t\t<div class=\"elementor-element elementor-element-675344e elementor-widget elementor-widget-image\" data-id=\"675344e\" data-element_type=\"widget\" data-widget_type=\"image.default\">\n\t\t\t\t<div class=\"elementor-widget-container\">\n\t\t\t\t\t<div class=\"elementor-image\">\n\t\t\t\t\t\t\t\t\t\t<img decoding=\"async\" width=\"600\" height=\"455\" src=\"https:\/\/mayogiardelli.com.ar\/fr\/wp-content\/uploads\/2021\/04\/inversionextranjera.jpg\" class=\"attachment-large size-large\" alt=\"\" srcset=\"https:\/\/mayogiardelli.com.ar\/fr\/wp-content\/uploads\/2021\/04\/inversionextranjera.jpg 600w, https:\/\/mayogiardelli.com.ar\/fr\/wp-content\/uploads\/2021\/04\/inversionextranjera-300x228.jpg 300w\" sizes=\"(max-width: 600px) 100vw, 600px\" \/>\t\t\t\t\t\t\t\t\t\t\t<\/div>\n\t\t\t\t<\/div>\n\t\t\t\t<\/div>\n\t\t\t\t<div class=\"elementor-element elementor-element-d52ccd3 elementor-widget elementor-widget-heading\" data-id=\"d52ccd3\" data-element_type=\"widget\" data-widget_type=\"heading.default\">\n\t\t\t\t<div class=\"elementor-widget-container\">\n\t\t\t<h3 class=\"elementor-heading-title elementor-size-default\">Investissements \u00e9trangers<\/h3>\t\t<\/div>\n\t\t\t\t<\/div>\n\t\t\t\t<div class=\"elementor-element elementor-element-dfd5da4 elementor-widget elementor-widget-text-editor\" data-id=\"dfd5da4\" data-element_type=\"widget\" data-widget_type=\"text-editor.default\">\n\t\t\t\t<div class=\"elementor-widget-container\">\n\t\t\t\t\t<div class=\"elementor-text-editor elementor-clearfix\"><p>Le Cabinet a conseill\u00e9 et conseille aussi bien soci\u00e9t\u00e9s et particuliers de provenance des plus<br \/>diverses (Etats-Unis, Allemagne, Belgique, France, Norv\u00e8ge, Hongrie, Suisse, Singapour,<br \/>Chili, etc.) quant \u00e0 leurs investissements en Argentine.<\/p><\/div>\n\t\t\t\t<\/div>\n\t\t\t\t<\/div>\n\t\t\t\t\t<\/div>\n\t\t<\/div>\n\t\t\t\t<div class=\"elementor-column elementor-col-33 elementor-top-column elementor-element elementor-element-2f7a3c7\" data-id=\"2f7a3c7\" data-element_type=\"column\">\n\t\t\t<div class=\"elementor-widget-wrap elementor-element-populated\">\n\t\t\t\t\t\t\t\t<div class=\"elementor-element elementor-element-6c5cdbe elementor-widget elementor-widget-image\" data-id=\"6c5cdbe\" data-element_type=\"widget\" data-widget_type=\"image.default\">\n\t\t\t\t<div class=\"elementor-widget-container\">\n\t\t\t\t\t<div class=\"elementor-image\">\n\t\t\t\t\t\t\t\t\t\t<img decoding=\"async\" width=\"600\" height=\"454\" src=\"https:\/\/mayogiardelli.com.ar\/fr\/wp-content\/uploads\/2021\/04\/LIBROS.jpg\" class=\"attachment-large size-large\" alt=\"\" srcset=\"https:\/\/mayogiardelli.com.ar\/fr\/wp-content\/uploads\/2021\/04\/LIBROS.jpg 600w, https:\/\/mayogiardelli.com.ar\/fr\/wp-content\/uploads\/2021\/04\/LIBROS-300x227.jpg 300w\" sizes=\"(max-width: 600px) 100vw, 600px\" \/>\t\t\t\t\t\t\t\t\t\t\t<\/div>\n\t\t\t\t<\/div>\n\t\t\t\t<\/div>\n\t\t\t\t<div class=\"elementor-element elementor-element-fb00fbc elementor-widget elementor-widget-heading\" data-id=\"fb00fbc\" data-element_type=\"widget\" data-widget_type=\"heading.default\">\n\t\t\t\t<div class=\"elementor-widget-container\">\n\t\t\t<h3 class=\"elementor-heading-title elementor-size-default\">Droit civil et commercial<\/h3>\t\t<\/div>\n\t\t\t\t<\/div>\n\t\t\t\t<div class=\"elementor-element elementor-element-8777aac elementor-widget elementor-widget-text-editor\" data-id=\"8777aac\" data-element_type=\"widget\" data-widget_type=\"text-editor.default\">\n\t\t\t\t<div class=\"elementor-widget-container\">\n\t\t\t\t\t<div class=\"elementor-text-editor elementor-clearfix\"><p>Le Cabinet prodigue ses conseils en domaines de tous genres appartenant au droit civil et<br \/>commercial, y compris la r\u00e9daction tours de contrats en tous genres, les proc\u00e8s judiciaires<br \/>ainsi que les proc\u00e9dures successorales visant \u00e0 la simplification et la r\u00e9duction des co\u00fbts de<br \/>transmission h\u00e9r\u00e9ditaire, le droit de la famille dans une perspective humaniste, ainsi que les<br \/>d\u00e9rivations de la responsabilit\u00e9 en general.<\/p><\/div>\n\t\t\t\t<\/div>\n\t\t\t\t<\/div>\n\t\t\t\t\t<\/div>\n\t\t<\/div>\n\t\t\t\t<div class=\"elementor-column elementor-col-33 elementor-top-column elementor-element elementor-element-7337a1e\" data-id=\"7337a1e\" data-element_type=\"column\">\n\t\t\t<div class=\"elementor-widget-wrap elementor-element-populated\">\n\t\t\t\t\t\t\t\t<div class=\"elementor-element elementor-element-8916955 elementor-widget elementor-widget-image\" data-id=\"8916955\" data-element_type=\"widget\" data-widget_type=\"image.default\">\n\t\t\t\t<div class=\"elementor-widget-container\">\n\t\t\t\t\t<div class=\"elementor-image\">\n\t\t\t\t\t\t\t\t\t\t<img decoding=\"async\" width=\"600\" height=\"454\" src=\"https:\/\/mayogiardelli.com.ar\/fr\/wp-content\/uploads\/2021\/04\/Portfolio-31.jpg\" class=\"attachment-large size-large\" alt=\"\" srcset=\"https:\/\/mayogiardelli.com.ar\/fr\/wp-content\/uploads\/2021\/04\/Portfolio-31.jpg 600w, https:\/\/mayogiardelli.com.ar\/fr\/wp-content\/uploads\/2021\/04\/Portfolio-31-300x227.jpg 300w\" sizes=\"(max-width: 600px) 100vw, 600px\" \/>\t\t\t\t\t\t\t\t\t\t\t<\/div>\n\t\t\t\t<\/div>\n\t\t\t\t<\/div>\n\t\t\t\t<div class=\"elementor-element elementor-element-23d4fe3 elementor-widget elementor-widget-heading\" data-id=\"23d4fe3\" data-element_type=\"widget\" data-widget_type=\"heading.default\">\n\t\t\t\t<div class=\"elementor-widget-container\">\n\t\t\t<h3 class=\"elementor-heading-title elementor-size-default\">Droit Laboral<\/h3>\t\t<\/div>\n\t\t\t\t<\/div>\n\t\t\t\t<div class=\"elementor-element elementor-element-aa3f2b0 elementor-widget elementor-widget-text-editor\" data-id=\"aa3f2b0\" data-element_type=\"widget\" data-widget_type=\"text-editor.default\">\n\t\t\t\t<div class=\"elementor-widget-container\">\n\t\t\t\t\t<div class=\"elementor-text-editor elementor-clearfix\"><p>Le Cabinet est le consulteur juridique de nombreuses, entreprises en ce qui concerne le<br \/>droit du travail y compris la pr\u00e9vention et la r\u00e9solution de conflits collectifs ou individuels et<br \/>autres contingences. Il repr\u00e9sente leurs clients vis-\u00e0-vis du Minist\u00e8re du Travail, des<br \/>organismes de conciliation et de m\u00e9diation et des tribunaux du travail.<\/p><\/div>\n\t\t\t\t<\/div>\n\t\t\t\t<\/div>\n\t\t\t\t\t<\/div>\n\t\t<\/div>\n\t\t\t\t\t\t\t<\/div>\n\t\t<\/section>\n\t\t\t\t<section class=\"elementor-section elementor-top-section elementor-element elementor-element-2bb7d9f elementor-section-boxed elementor-section-height-default elementor-section-height-default\" data-id=\"2bb7d9f\" data-element_type=\"section\">\n\t\t\t\t\t\t<div class=\"elementor-container elementor-column-gap-default\">\n\t\t\t\t\t<div class=\"elementor-column elementor-col-33 elementor-top-column elementor-element elementor-element-6fca876\" data-id=\"6fca876\" data-element_type=\"column\">\n\t\t\t<div class=\"elementor-widget-wrap\">\n\t\t\t\t\t\t\t\t\t<\/div>\n\t\t<\/div>\n\t\t\t\t<div class=\"elementor-column elementor-col-33 elementor-top-column elementor-element elementor-element-995a1ce\" data-id=\"995a1ce\" data-element_type=\"column\">\n\t\t\t<div class=\"elementor-widget-wrap elementor-element-populated\">\n\t\t\t\t\t\t\t\t<div class=\"elementor-element elementor-element-bc57230 elementor-widget elementor-widget-image\" data-id=\"bc57230\" data-element_type=\"widget\" data-widget_type=\"image.default\">\n\t\t\t\t<div class=\"elementor-widget-container\">\n\t\t\t\t\t<div class=\"elementor-image\">\n\t\t\t\t\t\t\t\t\t\t<img decoding=\"async\" width=\"1024\" height=\"724\" src=\"https:\/\/mayogiardelli.com.ar\/fr\/wp-content\/uploads\/2021\/04\/Portfolio-4.jpg\" class=\"attachment-large size-large\" alt=\"\" srcset=\"https:\/\/mayogiardelli.com.ar\/fr\/wp-content\/uploads\/2021\/04\/Portfolio-4.jpg 1024w, https:\/\/mayogiardelli.com.ar\/fr\/wp-content\/uploads\/2021\/04\/Portfolio-4-300x212.jpg 300w, https:\/\/mayogiardelli.com.ar\/fr\/wp-content\/uploads\/2021\/04\/Portfolio-4-768x543.jpg 768w\" sizes=\"(max-width: 1024px) 100vw, 1024px\" \/>\t\t\t\t\t\t\t\t\t\t\t<\/div>\n\t\t\t\t<\/div>\n\t\t\t\t<\/div>\n\t\t\t\t<div class=\"elementor-element elementor-element-9a3dbde elementor-widget elementor-widget-heading\" data-id=\"9a3dbde\" data-element_type=\"widget\" data-widget_type=\"heading.default\">\n\t\t\t\t<div class=\"elementor-widget-container\">\n\t\t\t<h3 class=\"elementor-heading-title elementor-size-default\">N\u00e9gociation, litiges et arbitrages<\/h3>\t\t<\/div>\n\t\t\t\t<\/div>\n\t\t\t\t<div class=\"elementor-element elementor-element-83ed739 elementor-widget elementor-widget-text-editor\" data-id=\"83ed739\" data-element_type=\"widget\" data-widget_type=\"text-editor.default\">\n\t\t\t\t<div class=\"elementor-widget-container\">\n\t\t\t\t\t<div class=\"elementor-text-editor elementor-clearfix\"><p>Le Cabinet se sp\u00e9cialise en n\u00e9gociations complexes, avec ou sans intervention de<br \/>m\u00e9diateurs, et se pr\u00e9vaut d\u2019 une trajectoire de plusieurs d\u00e9cennies en litiges propre de la<br \/>jurisdiction, locale et \u00e9trang\u00e8re, ainsi qu\u2019 arbitrale.<\/p><\/div>\n\t\t\t\t<\/div>\n\t\t\t\t<\/div>\n\t\t\t\t\t<\/div>\n\t\t<\/div>\n\t\t\t\t<div class=\"elementor-column elementor-col-33 elementor-top-column elementor-element elementor-element-70a0fec\" data-id=\"70a0fec\" data-element_type=\"column\">\n\t\t\t<div class=\"elementor-widget-wrap\">\n\t\t\t\t\t\t\t\t\t<\/div>\n\t\t<\/div>\n\t\t\t\t\t\t\t<\/div>\n\t\t<\/section>\n\t\t\t\t\t\t<\/div>\n\t\t\t\t\t<\/div>\n\t\t","protected":false},"excerpt":{"rendered":"<p>Domaine de comp\u00e9tences Droit des affaires L\u2019activit\u00e9 de conseil du Cabinet recouvre les domaines les plus divers de l\u2019 activit\u00e9 de l\u2019entreprise, allant des diff\u00e9rentes modalit\u00e9s d&rsquo;organisation des soci\u00e9t\u00e9s, du lien contractuel de l&rsquo;entreprise avec ses clients et ses fournisseurs, de la relation avec son personnel ax\u00e9e sur la pr\u00e9vention et la r\u00e9solution de conflits &hellip;<\/p>\n<p class=\"read-more\"> <a class=\"\" href=\"https:\/\/mayogiardelli.com.ar\/fr\/index.php\/domaine-de-competences\/\"> <span class=\"screen-reader-text\">Domaine de comp\u00e9tences<\/span> Lire la suite\u00a0\u00bb<\/a><\/p>\n","protected":false},"author":1,"featured_media":0,"parent":0,"menu_order":0,"comment_status":"closed","ping_status":"closed","template":"","meta":{"footnotes":""},"class_list":["post-20","page","type-page","status-publish","hentry"],"yoast_head":"<!-- This site is optimized with the Yoast SEO plugin v16.1.1 - https:\/\/yoast.com\/wordpress\/plugins\/seo\/ -->\n<title>Domaine de comp\u00e9tences - Mayo&amp;Giardelli<\/title>\n<link rel=\"canonical\" href=\"https:\/\/mayogiardelli.com.ar\/fr\/index.php\/domaine-de-competences\/\" \/>\n<meta property=\"og:locale\" content=\"fr_FR\" \/>\n<meta property=\"og:type\" content=\"article\" \/>\n<meta property=\"og:title\" content=\"Domaine de comp\u00e9tences - Mayo&amp;Giardelli\" \/>\n<meta property=\"og:description\" content=\"Domaine de comp\u00e9tences Droit des affaires L\u2019activit\u00e9 de conseil du Cabinet recouvre les domaines les plus divers de l\u2019 activit\u00e9 de l\u2019entreprise, allant des diff\u00e9rentes modalit\u00e9s d&rsquo;organisation des soci\u00e9t\u00e9s, du lien contractuel de l&rsquo;entreprise avec ses clients et ses fournisseurs, de la relation avec son personnel ax\u00e9e sur la pr\u00e9vention et la r\u00e9solution de conflits &hellip; Domaine de comp\u00e9tences Lire la suite\u00a0\u00bb\" \/>\n<meta property=\"og:url\" content=\"https:\/\/mayogiardelli.com.ar\/fr\/index.php\/domaine-de-competences\/\" \/>\n<meta property=\"og:site_name\" content=\"Mayo&amp;Giardelli\" \/>\n<meta property=\"article:modified_time\" content=\"2021-04-20T05:26:48+00:00\" \/>\n<meta property=\"og:image\" content=\"https:\/\/mayogiardelli.com.ar\/fr\/wp-content\/uploads\/2021\/04\/Estudio-8.jpg\" \/>\n<meta name=\"twitter:card\" content=\"summary_large_image\" \/>\n<meta name=\"twitter:label1\" content=\"Dur\u00e9e de lecture est.\">\n\t<meta name=\"twitter:data1\" content=\"3 minutes\">\n<script type=\"application\/ld+json\" class=\"yoast-schema-graph\">{\"@context\":\"https:\/\/schema.org\",\"@graph\":[{\"@type\":\"WebSite\",\"@id\":\"https:\/\/mayogiardelli.com.ar\/fr\/#website\",\"url\":\"https:\/\/mayogiardelli.com.ar\/fr\/\",\"name\":\"Mayo&amp;Giardelli\",\"description\":\"\",\"potentialAction\":[{\"@type\":\"SearchAction\",\"target\":\"https:\/\/mayogiardelli.com.ar\/fr\/?s={search_term_string}\",\"query-input\":\"required name=search_term_string\"}],\"inLanguage\":\"fr-FR\"},{\"@type\":\"ImageObject\",\"@id\":\"https:\/\/mayogiardelli.com.ar\/fr\/index.php\/domaine-de-competences\/#primaryimage\",\"inLanguage\":\"fr-FR\",\"url\":\"https:\/\/mayogiardelli.com.ar\/fr\/wp-content\/uploads\/2021\/04\/Estudio-8.jpg\",\"contentUrl\":\"https:\/\/mayogiardelli.com.ar\/fr\/wp-content\/uploads\/2021\/04\/Estudio-8.jpg\",\"width\":600,\"height\":456},{\"@type\":\"WebPage\",\"@id\":\"https:\/\/mayogiardelli.com.ar\/fr\/index.php\/domaine-de-competences\/#webpage\",\"url\":\"https:\/\/mayogiardelli.com.ar\/fr\/index.php\/domaine-de-competences\/\",\"name\":\"Domaine de comp\\u00e9tences - Mayo&amp;Giardelli\",\"isPartOf\":{\"@id\":\"https:\/\/mayogiardelli.com.ar\/fr\/#website\"},\"primaryImageOfPage\":{\"@id\":\"https:\/\/mayogiardelli.com.ar\/fr\/index.php\/domaine-de-competences\/#primaryimage\"},\"datePublished\":\"2021-04-16T16:17:24+00:00\",\"dateModified\":\"2021-04-20T05:26:48+00:00\",\"breadcrumb\":{\"@id\":\"https:\/\/mayogiardelli.com.ar\/fr\/index.php\/domaine-de-competences\/#breadcrumb\"},\"inLanguage\":\"fr-FR\",\"potentialAction\":[{\"@type\":\"ReadAction\",\"target\":[\"https:\/\/mayogiardelli.com.ar\/fr\/index.php\/domaine-de-competences\/\"]}]},{\"@type\":\"BreadcrumbList\",\"@id\":\"https:\/\/mayogiardelli.com.ar\/fr\/index.php\/domaine-de-competences\/#breadcrumb\",\"itemListElement\":[{\"@type\":\"ListItem\",\"position\":1,\"item\":{\"@type\":\"WebPage\",\"@id\":\"https:\/\/mayogiardelli.com.ar\/fr\/\",\"url\":\"https:\/\/mayogiardelli.com.ar\/fr\/\",\"name\":\"Accueil\"}},{\"@type\":\"ListItem\",\"position\":2,\"item\":{\"@type\":\"WebPage\",\"@id\":\"https:\/\/mayogiardelli.com.ar\/fr\/index.php\/domaine-de-competences\/\",\"url\":\"https:\/\/mayogiardelli.com.ar\/fr\/index.php\/domaine-de-competences\/\",\"name\":\"Domaine de comp\\u00e9tences\"}}]}]}<\/script>\n<!-- \/ Yoast SEO plugin. -->","_links":{"self":[{"href":"https:\/\/mayogiardelli.com.ar\/fr\/index.php\/wp-json\/wp\/v2\/pages\/20","targetHints":{"allow":["GET"]}}],"collection":[{"href":"https:\/\/mayogiardelli.com.ar\/fr\/index.php\/wp-json\/wp\/v2\/pages"}],"about":[{"href":"https:\/\/mayogiardelli.com.ar\/fr\/index.php\/wp-json\/wp\/v2\/types\/page"}],"author":[{"embeddable":true,"href":"https:\/\/mayogiardelli.com.ar\/fr\/index.php\/wp-json\/wp\/v2\/users\/1"}],"replies":[{"embeddable":true,"href":"https:\/\/mayogiardelli.com.ar\/fr\/index.php\/wp-json\/wp\/v2\/comments?post=20"}],"version-history":[{"count":0,"href":"https:\/\/mayogiardelli.com.ar\/fr\/index.php\/wp-json\/wp\/v2\/pages\/20\/revisions"}],"wp:attachment":[{"href":"https:\/\/mayogiardelli.com.ar\/fr\/index.php\/wp-json\/wp\/v2\/media?parent=20"}],"curies":[{"name":"wp","href":"https:\/\/api.w.org\/{rel}","templated":true}]}}