{"id":100,"date":"2021-04-20T04:58:43","date_gmt":"2021-04-20T04:58:43","guid":{"rendered":"https:\/\/mayogiardelli.com.ar\/fr\/?page_id=100"},"modified":"2021-04-20T05:10:51","modified_gmt":"2021-04-20T05:10:51","slug":"axel-mayo","status":"publish","type":"page","link":"https:\/\/mayogiardelli.com.ar\/fr\/index.php\/axel-mayo\/","title":{"rendered":"Axel Mayo"},"content":{"rendered":"\t\t<div data-elementor-type=\"wp-page\" data-elementor-id=\"100\" class=\"elementor elementor-100\" data-elementor-settings=\"[]\">\n\t\t\t\t\t\t\t<div class=\"elementor-section-wrap\">\n\t\t\t\t\t\t\t<section class=\"elementor-section elementor-top-section elementor-element elementor-element-8734af4 elementor-section-boxed elementor-section-height-default elementor-section-height-default\" data-id=\"8734af4\" data-element_type=\"section\">\n\t\t\t\t\t\t<div class=\"elementor-container elementor-column-gap-default\">\n\t\t\t\t\t<div class=\"elementor-column elementor-col-100 elementor-top-column elementor-element elementor-element-f2dd74f\" data-id=\"f2dd74f\" data-element_type=\"column\">\n\t\t\t<div class=\"elementor-widget-wrap elementor-element-populated\">\n\t\t\t\t\t\t\t\t<div class=\"elementor-element elementor-element-158f1ba elementor-widget elementor-widget-spacer\" data-id=\"158f1ba\" data-element_type=\"widget\" data-widget_type=\"spacer.default\">\n\t\t\t\t<div class=\"elementor-widget-container\">\n\t\t\t\t\t<div class=\"elementor-spacer\">\n\t\t\t<div class=\"elementor-spacer-inner\"><\/div>\n\t\t<\/div>\n\t\t\t\t<\/div>\n\t\t\t\t<\/div>\n\t\t\t\t<div class=\"elementor-element elementor-element-c99d5fc elementor-widget elementor-widget-heading\" data-id=\"c99d5fc\" data-element_type=\"widget\" data-widget_type=\"heading.default\">\n\t\t\t\t<div class=\"elementor-widget-container\">\n\t\t\t<h2 class=\"elementor-heading-title elementor-size-default\">Axel Mayo<\/h2>\t\t<\/div>\n\t\t\t\t<\/div>\n\t\t\t\t<div class=\"elementor-element elementor-element-42f1ef7 elementor-widget elementor-widget-spacer\" data-id=\"42f1ef7\" data-element_type=\"widget\" data-widget_type=\"spacer.default\">\n\t\t\t\t<div class=\"elementor-widget-container\">\n\t\t\t\t\t<div class=\"elementor-spacer\">\n\t\t\t<div class=\"elementor-spacer-inner\"><\/div>\n\t\t<\/div>\n\t\t\t\t<\/div>\n\t\t\t\t<\/div>\n\t\t\t\t\t<\/div>\n\t\t<\/div>\n\t\t\t\t\t\t\t<\/div>\n\t\t<\/section>\n\t\t\t\t<section class=\"elementor-section elementor-top-section elementor-element elementor-element-c45ce64 elementor-section-boxed elementor-section-height-default elementor-section-height-default\" data-id=\"c45ce64\" data-element_type=\"section\">\n\t\t\t\t\t\t<div class=\"elementor-container elementor-column-gap-default\">\n\t\t\t\t\t<div class=\"elementor-column elementor-col-33 elementor-top-column elementor-element elementor-element-58d5a2c\" data-id=\"58d5a2c\" data-element_type=\"column\">\n\t\t\t<div class=\"elementor-widget-wrap elementor-element-populated\">\n\t\t\t\t\t\t\t\t<div class=\"elementor-element elementor-element-84d3e53 elementor-widget elementor-widget-image\" data-id=\"84d3e53\" data-element_type=\"widget\" data-widget_type=\"image.default\">\n\t\t\t\t<div class=\"elementor-widget-container\">\n\t\t\t\t\t<div class=\"elementor-image\">\n\t\t\t\t\t\t\t\t\t\t<img decoding=\"async\" width=\"1024\" height=\"803\" src=\"https:\/\/mayogiardelli.com.ar\/fr\/wp-content\/uploads\/2021\/04\/AXEL-DESPACHO.jpg\" class=\"attachment-large size-large\" alt=\"\" srcset=\"https:\/\/mayogiardelli.com.ar\/fr\/wp-content\/uploads\/2021\/04\/AXEL-DESPACHO.jpg 1024w, https:\/\/mayogiardelli.com.ar\/fr\/wp-content\/uploads\/2021\/04\/AXEL-DESPACHO-300x235.jpg 300w, https:\/\/mayogiardelli.com.ar\/fr\/wp-content\/uploads\/2021\/04\/AXEL-DESPACHO-768x602.jpg 768w\" sizes=\"(max-width: 1024px) 100vw, 1024px\" \/>\t\t\t\t\t\t\t\t\t\t\t<\/div>\n\t\t\t\t<\/div>\n\t\t\t\t<\/div>\n\t\t\t\t\t<\/div>\n\t\t<\/div>\n\t\t\t\t<div class=\"elementor-column elementor-col-66 elementor-top-column elementor-element elementor-element-b61914b\" data-id=\"b61914b\" data-element_type=\"column\">\n\t\t\t<div class=\"elementor-widget-wrap elementor-element-populated\">\n\t\t\t\t\t\t\t\t<div class=\"elementor-element elementor-element-e085797 elementor-widget elementor-widget-text-editor\" data-id=\"e085797\" data-element_type=\"widget\" data-widget_type=\"text-editor.default\">\n\t\t\t\t<div class=\"elementor-widget-container\">\n\t\t\t\t\t<div class=\"elementor-text-editor elementor-clearfix\"><p>N\u00e9 en Buenos Aires en 1971. Avocat dipl\u00f4m\u00e9 en droit en 1995 \u00e0 l\u2019Universit\u00e9 de Belgrano. Dipl\u00f4m\u00e9 en journalisme sportif \u00e0 Deportea en 1995. En 1998\/99 il obtient un Master en Droit (LL.M) \u00e0 l\u2019universit\u00e9 de Pennsylvanie (USA). <br><\/p><p>Axel Mayo a exerc\u00e9 dans les Cabinets Marval, O`Farrell &amp; Mairal (Buenos Aires), Proskauer Rose (New York) et Hope, Duggan &amp; Silva (Buenos Aires). Il se sp\u00e9cialise en droit des affaires. <br><\/p><p>Il poss\u00e8de une excellente ma\u00eetrise de l\u2019anglais et de l\u2019allemand (langue maternelle).<\/p><\/div>\n\t\t\t\t<\/div>\n\t\t\t\t<\/div>\n\t\t\t\t\t<\/div>\n\t\t<\/div>\n\t\t\t\t\t\t\t<\/div>\n\t\t<\/section>\n\t\t\t\t<section class=\"elementor-section elementor-top-section elementor-element elementor-element-e5b4365 elementor-section-boxed elementor-section-height-default elementor-section-height-default\" data-id=\"e5b4365\" data-element_type=\"section\">\n\t\t\t\t\t\t<div class=\"elementor-container elementor-column-gap-default\">\n\t\t\t\t\t<div class=\"elementor-column elementor-col-100 elementor-top-column elementor-element elementor-element-0adbc27\" data-id=\"0adbc27\" data-element_type=\"column\">\n\t\t\t<div class=\"elementor-widget-wrap elementor-element-populated\">\n\t\t\t\t\t\t\t\t<div class=\"elementor-element elementor-element-d6baa0d elementor-widget elementor-widget-spacer\" data-id=\"d6baa0d\" data-element_type=\"widget\" data-widget_type=\"spacer.default\">\n\t\t\t\t<div class=\"elementor-widget-container\">\n\t\t\t\t\t<div class=\"elementor-spacer\">\n\t\t\t<div class=\"elementor-spacer-inner\"><\/div>\n\t\t<\/div>\n\t\t\t\t<\/div>\n\t\t\t\t<\/div>\n\t\t\t\t<div class=\"elementor-element elementor-element-7e2acad elementor-widget elementor-widget-button\" data-id=\"7e2acad\" data-element_type=\"widget\" data-widget_type=\"button.default\">\n\t\t\t\t<div class=\"elementor-widget-container\">\n\t\t\t\t\t<div class=\"elementor-button-wrapper\">\n\t\t\t<a href=\"https:\/\/mayogiardelli.com.ar\/fr\/index.php\/avocats\/\" class=\"elementor-button-link elementor-button elementor-size-sm\" role=\"button\">\n\t\t\t\t\t\t<span class=\"elementor-button-content-wrapper\">\n\t\t\t\t\t\t<span class=\"elementor-button-icon elementor-align-icon-left\">\n\t\t\t\t<i aria-hidden=\"true\" class=\"fas fa-chevron-left\"><\/i>\t\t\t<\/span>\n\t\t\t\t\t\t<span class=\"elementor-button-text\">Revenir<\/span>\n\t\t<\/span>\n\t\t\t\t\t<\/a>\n\t\t<\/div>\n\t\t\t\t<\/div>\n\t\t\t\t<\/div>\n\t\t\t\t<div class=\"elementor-element elementor-element-7e42699 elementor-widget elementor-widget-spacer\" data-id=\"7e42699\" data-element_type=\"widget\" data-widget_type=\"spacer.default\">\n\t\t\t\t<div class=\"elementor-widget-container\">\n\t\t\t\t\t<div class=\"elementor-spacer\">\n\t\t\t<div class=\"elementor-spacer-inner\"><\/div>\n\t\t<\/div>\n\t\t\t\t<\/div>\n\t\t\t\t<\/div>\n\t\t\t\t\t<\/div>\n\t\t<\/div>\n\t\t\t\t\t\t\t<\/div>\n\t\t<\/section>\n\t\t\t\t\t\t<\/div>\n\t\t\t\t\t<\/div>\n\t\t","protected":false},"excerpt":{"rendered":"<p>Axel Mayo N\u00e9 en Buenos Aires en 1971. Avocat dipl\u00f4m\u00e9 en droit en 1995 \u00e0 l\u2019Universit\u00e9 de Belgrano. Dipl\u00f4m\u00e9 en journalisme sportif \u00e0 Deportea en 1995. En 1998\/99 il obtient un Master en Droit (LL.M) \u00e0 l\u2019universit\u00e9 de Pennsylvanie (USA). Axel Mayo a exerc\u00e9 dans les Cabinets Marval, O`Farrell &amp; Mairal (Buenos Aires), Proskauer Rose &hellip;<\/p>\n<p class=\"read-more\"> <a class=\"\" href=\"https:\/\/mayogiardelli.com.ar\/fr\/index.php\/axel-mayo\/\"> <span class=\"screen-reader-text\">Axel Mayo<\/span> Lire la suite\u00a0\u00bb<\/a><\/p>\n","protected":false},"author":1,"featured_media":0,"parent":0,"menu_order":0,"comment_status":"closed","ping_status":"closed","template":"","meta":{"footnotes":""},"class_list":["post-100","page","type-page","status-publish","hentry"],"yoast_head":"<!-- This site is optimized with the Yoast SEO plugin v16.1.1 - https:\/\/yoast.com\/wordpress\/plugins\/seo\/ -->\n<title>Axel Mayo - Mayo&amp;Giardelli<\/title>\n<link rel=\"canonical\" href=\"https:\/\/mayogiardelli.com.ar\/fr\/index.php\/axel-mayo\/\" \/>\n<meta property=\"og:locale\" content=\"fr_FR\" \/>\n<meta property=\"og:type\" content=\"article\" \/>\n<meta property=\"og:title\" content=\"Axel Mayo - Mayo&amp;Giardelli\" \/>\n<meta property=\"og:description\" content=\"Axel Mayo N\u00e9 en Buenos Aires en 1971. Avocat dipl\u00f4m\u00e9 en droit en 1995 \u00e0 l\u2019Universit\u00e9 de Belgrano. Dipl\u00f4m\u00e9 en journalisme sportif \u00e0 Deportea en 1995. En 1998\/99 il obtient un Master en Droit (LL.M) \u00e0 l\u2019universit\u00e9 de Pennsylvanie (USA). Axel Mayo a exerc\u00e9 dans les Cabinets Marval, O`Farrell &amp; Mairal (Buenos Aires), Proskauer Rose &hellip; Axel Mayo Lire la suite\u00a0\u00bb\" \/>\n<meta property=\"og:url\" content=\"https:\/\/mayogiardelli.com.ar\/fr\/index.php\/axel-mayo\/\" \/>\n<meta property=\"og:site_name\" content=\"Mayo&amp;Giardelli\" \/>\n<meta property=\"article:modified_time\" content=\"2021-04-20T05:10:51+00:00\" \/>\n<meta property=\"og:image\" content=\"https:\/\/mayogiardelli.com.ar\/fr\/wp-content\/uploads\/2021\/04\/AXEL-DESPACHO.jpg\" \/>\n<meta name=\"twitter:card\" content=\"summary_large_image\" \/>\n<meta name=\"twitter:label1\" content=\"Dur\u00e9e de lecture est.\">\n\t<meta name=\"twitter:data1\" content=\"1 minute\">\n<script type=\"application\/ld+json\" class=\"yoast-schema-graph\">{\"@context\":\"https:\/\/schema.org\",\"@graph\":[{\"@type\":\"WebSite\",\"@id\":\"https:\/\/mayogiardelli.com.ar\/fr\/#website\",\"url\":\"https:\/\/mayogiardelli.com.ar\/fr\/\",\"name\":\"Mayo&amp;Giardelli\",\"description\":\"\",\"potentialAction\":[{\"@type\":\"SearchAction\",\"target\":\"https:\/\/mayogiardelli.com.ar\/fr\/?s={search_term_string}\",\"query-input\":\"required name=search_term_string\"}],\"inLanguage\":\"fr-FR\"},{\"@type\":\"ImageObject\",\"@id\":\"https:\/\/mayogiardelli.com.ar\/fr\/index.php\/axel-mayo\/#primaryimage\",\"inLanguage\":\"fr-FR\",\"url\":\"https:\/\/mayogiardelli.com.ar\/fr\/wp-content\/uploads\/2021\/04\/AXEL-DESPACHO.jpg\",\"contentUrl\":\"https:\/\/mayogiardelli.com.ar\/fr\/wp-content\/uploads\/2021\/04\/AXEL-DESPACHO.jpg\",\"width\":1024,\"height\":803},{\"@type\":\"WebPage\",\"@id\":\"https:\/\/mayogiardelli.com.ar\/fr\/index.php\/axel-mayo\/#webpage\",\"url\":\"https:\/\/mayogiardelli.com.ar\/fr\/index.php\/axel-mayo\/\",\"name\":\"Axel Mayo - Mayo&amp;Giardelli\",\"isPartOf\":{\"@id\":\"https:\/\/mayogiardelli.com.ar\/fr\/#website\"},\"primaryImageOfPage\":{\"@id\":\"https:\/\/mayogiardelli.com.ar\/fr\/index.php\/axel-mayo\/#primaryimage\"},\"datePublished\":\"2021-04-20T04:58:43+00:00\",\"dateModified\":\"2021-04-20T05:10:51+00:00\",\"breadcrumb\":{\"@id\":\"https:\/\/mayogiardelli.com.ar\/fr\/index.php\/axel-mayo\/#breadcrumb\"},\"inLanguage\":\"fr-FR\",\"potentialAction\":[{\"@type\":\"ReadAction\",\"target\":[\"https:\/\/mayogiardelli.com.ar\/fr\/index.php\/axel-mayo\/\"]}]},{\"@type\":\"BreadcrumbList\",\"@id\":\"https:\/\/mayogiardelli.com.ar\/fr\/index.php\/axel-mayo\/#breadcrumb\",\"itemListElement\":[{\"@type\":\"ListItem\",\"position\":1,\"item\":{\"@type\":\"WebPage\",\"@id\":\"https:\/\/mayogiardelli.com.ar\/fr\/\",\"url\":\"https:\/\/mayogiardelli.com.ar\/fr\/\",\"name\":\"Accueil\"}},{\"@type\":\"ListItem\",\"position\":2,\"item\":{\"@type\":\"WebPage\",\"@id\":\"https:\/\/mayogiardelli.com.ar\/fr\/index.php\/axel-mayo\/\",\"url\":\"https:\/\/mayogiardelli.com.ar\/fr\/index.php\/axel-mayo\/\",\"name\":\"Axel Mayo\"}}]}]}<\/script>\n<!-- \/ Yoast SEO plugin. -->","_links":{"self":[{"href":"https:\/\/mayogiardelli.com.ar\/fr\/index.php\/wp-json\/wp\/v2\/pages\/100","targetHints":{"allow":["GET"]}}],"collection":[{"href":"https:\/\/mayogiardelli.com.ar\/fr\/index.php\/wp-json\/wp\/v2\/pages"}],"about":[{"href":"https:\/\/mayogiardelli.com.ar\/fr\/index.php\/wp-json\/wp\/v2\/types\/page"}],"author":[{"embeddable":true,"href":"https:\/\/mayogiardelli.com.ar\/fr\/index.php\/wp-json\/wp\/v2\/users\/1"}],"replies":[{"embeddable":true,"href":"https:\/\/mayogiardelli.com.ar\/fr\/index.php\/wp-json\/wp\/v2\/comments?post=100"}],"version-history":[{"count":0,"href":"https:\/\/mayogiardelli.com.ar\/fr\/index.php\/wp-json\/wp\/v2\/pages\/100\/revisions"}],"wp:attachment":[{"href":"https:\/\/mayogiardelli.com.ar\/fr\/index.php\/wp-json\/wp\/v2\/media?parent=100"}],"curies":[{"name":"wp","href":"https:\/\/api.w.org\/{rel}","templated":true}]}}