{"id":53,"date":"2021-04-22T17:43:13","date_gmt":"2021-04-22T17:43:13","guid":{"rendered":"https:\/\/mayogiardelli.com.ar\/en\/?page_id=53"},"modified":"2021-05-04T21:41:35","modified_gmt":"2021-05-04T21:41:35","slug":"about-us","status":"publish","type":"page","link":"https:\/\/mayogiardelli.com.ar\/en\/index.php\/about-us\/","title":{"rendered":"About us"},"content":{"rendered":"\t\t<div data-elementor-type=\"wp-page\" data-elementor-id=\"53\" class=\"elementor elementor-53\" data-elementor-settings=\"[]\">\n\t\t\t\t\t\t\t<div class=\"elementor-section-wrap\">\n\t\t\t\t\t\t\t<section class=\"elementor-section elementor-top-section elementor-element elementor-element-6118921 elementor-section-boxed elementor-section-height-default elementor-section-height-default\" data-id=\"6118921\" data-element_type=\"section\">\n\t\t\t\t\t\t<div class=\"elementor-container elementor-column-gap-default\">\n\t\t\t\t\t<div class=\"elementor-column elementor-col-100 elementor-top-column elementor-element elementor-element-5de82b5\" data-id=\"5de82b5\" data-element_type=\"column\">\n\t\t\t<div class=\"elementor-widget-wrap elementor-element-populated\">\n\t\t\t\t\t\t\t\t<div class=\"elementor-element elementor-element-ed6062c elementor-widget elementor-widget-spacer\" data-id=\"ed6062c\" data-element_type=\"widget\" data-widget_type=\"spacer.default\">\n\t\t\t\t<div class=\"elementor-widget-container\">\n\t\t\t\t\t<div class=\"elementor-spacer\">\n\t\t\t<div class=\"elementor-spacer-inner\"><\/div>\n\t\t<\/div>\n\t\t\t\t<\/div>\n\t\t\t\t<\/div>\n\t\t\t\t<div class=\"elementor-element elementor-element-1ccb267 elementor-widget elementor-widget-heading\" data-id=\"1ccb267\" data-element_type=\"widget\" data-widget_type=\"heading.default\">\n\t\t\t\t<div class=\"elementor-widget-container\">\n\t\t\t<h2 class=\"elementor-heading-title elementor-size-default\">About us<\/h2>\t\t<\/div>\n\t\t\t\t<\/div>\n\t\t\t\t\t<\/div>\n\t\t<\/div>\n\t\t\t\t\t\t\t<\/div>\n\t\t<\/section>\n\t\t\t\t<section class=\"elementor-section elementor-top-section elementor-element elementor-element-d1b7209 elementor-section-boxed elementor-section-height-default elementor-section-height-default\" data-id=\"d1b7209\" data-element_type=\"section\">\n\t\t\t\t\t\t<div class=\"elementor-container elementor-column-gap-default\">\n\t\t\t\t\t<div class=\"elementor-column elementor-col-50 elementor-top-column elementor-element elementor-element-dc43863\" data-id=\"dc43863\" data-element_type=\"column\">\n\t\t\t<div class=\"elementor-widget-wrap elementor-element-populated\">\n\t\t\t\t\t\t\t\t<div class=\"elementor-element elementor-element-82a1e9c elementor-widget elementor-widget-heading\" data-id=\"82a1e9c\" data-element_type=\"widget\" data-widget_type=\"heading.default\">\n\t\t\t\t<div class=\"elementor-widget-container\">\n\t\t\t<h2 class=\"elementor-heading-title elementor-size-default\">Our Firm<\/h2>\t\t<\/div>\n\t\t\t\t<\/div>\n\t\t\t\t<div class=\"elementor-element elementor-element-357f3d1 elementor-widget elementor-widget-text-editor\" data-id=\"357f3d1\" data-element_type=\"widget\" data-widget_type=\"text-editor.default\">\n\t\t\t\t<div class=\"elementor-widget-container\">\n\t\t\t\t\t<div class=\"elementor-text-editor elementor-clearfix\"><p><strong><span style=\"vertical-align: inherit;\"><span style=\"vertical-align: inherit;\">La Firma cuenta con abogados de alto nivel y litigantes como parte del equipo.<\/span><\/span><\/strong><\/p><\/div>\n\t\t\t\t<\/div>\n\t\t\t\t<\/div>\n\t\t\t\t<div class=\"elementor-element elementor-element-1bcd58d elementor-widget elementor-widget-text-editor\" data-id=\"1bcd58d\" data-element_type=\"widget\" data-widget_type=\"text-editor.default\">\n\t\t\t\t<div class=\"elementor-widget-container\">\n\t\t\t\t\t<div class=\"elementor-text-editor elementor-clearfix\"><p><span style=\"vertical-align: inherit;\"><span style=\"vertical-align: inherit;\">Sus integrantes reclaman una vocaci\u00f3n proactiva en decisiones sobre inversiones, transacciones, conflictos, negociaciones, contratos, cobranzas, arbitrajes, mediaciones, fusiones, adquisiciones y reestructuraciones, fideicomisos, sucesiones y normativa patrimonial a nivel familiar y presucesario.<\/span><\/span><\/p><p><span style=\"vertical-align: inherit;\"><span style=\"vertical-align: inherit;\">Su desempe\u00f1o se caracteriza por la alianza de una \u00e9tica irreprochable y un trato altamente profesional, en un marco de estricto cumplimiento, puntualidad y confidencialidad, con miras a una relaci\u00f3n de confianza mutua y de largo plazo.<\/span><\/span><\/p><p><span style=\"vertical-align: inherit;\"><span style=\"vertical-align: inherit;\">La Firma prioriza el trabajo en equipo, la creatividad, la industria y la minuciosidad. <\/span><span style=\"vertical-align: inherit;\">Se brinda atenci\u00f3n personalizada y asesoramiento permanente a nivel Senior. <\/span><span style=\"vertical-align: inherit;\">Tambi\u00e9n se alinea con los clientes y los asesora estrat\u00e9gicamente para evitar juicios innecesarios y facturaci\u00f3n horaria sobreabundante, al tiempo que promueve esquemas de retribuci\u00f3n acordes con los intereses del cliente y los resultados obtenidos.<\/span><\/span><\/p><p><span style=\"vertical-align: inherit;\"><span style=\"vertical-align: inherit;\">Internamente, la Firma mantiene tradicionalmente la pol\u00edtica de premiar el esfuerzo de sus colaboradores en mayor medida de lo habitual, consolidando as\u00ed un grupo humano con un alto grado de permanencia y compromiso con su tarea.<\/span><\/span><\/p><\/div>\n\t\t\t\t<\/div>\n\t\t\t\t<\/div>\n\t\t\t\t\t<\/div>\n\t\t<\/div>\n\t\t\t\t<div class=\"elementor-column elementor-col-50 elementor-top-column elementor-element elementor-element-5dbeb18\" data-id=\"5dbeb18\" data-element_type=\"column\">\n\t\t\t<div class=\"elementor-widget-wrap elementor-element-populated\">\n\t\t\t\t\t\t\t\t<div class=\"elementor-element elementor-element-40bfe09 elementor-widget elementor-widget-image\" data-id=\"40bfe09\" data-element_type=\"widget\" data-widget_type=\"image.default\">\n\t\t\t\t<div class=\"elementor-widget-container\">\n\t\t\t\t\t<div class=\"elementor-image\">\n\t\t\t\t\t\t\t\t\t\t<img decoding=\"async\" width=\"389\" height=\"410\" src=\"https:\/\/mayogiardelli.com.ar\/en\/wp-content\/uploads\/2021\/05\/axel7.jpg\" class=\"attachment-large size-large\" alt=\"\" srcset=\"https:\/\/mayogiardelli.com.ar\/en\/wp-content\/uploads\/2021\/05\/axel7.jpg 389w, https:\/\/mayogiardelli.com.ar\/en\/wp-content\/uploads\/2021\/05\/axel7-285x300.jpg 285w\" sizes=\"(max-width: 389px) 100vw, 389px\" \/>\t\t\t\t\t\t\t\t\t\t\t<\/div>\n\t\t\t\t<\/div>\n\t\t\t\t<\/div>\n\t\t\t\t\t<\/div>\n\t\t<\/div>\n\t\t\t\t\t\t\t<\/div>\n\t\t<\/section>\n\t\t\t\t<section class=\"elementor-section elementor-top-section elementor-element elementor-element-a60435c elementor-section-boxed elementor-section-height-default elementor-section-height-default\" data-id=\"a60435c\" data-element_type=\"section\">\n\t\t\t\t\t\t<div class=\"elementor-container elementor-column-gap-default\">\n\t\t\t\t\t<div class=\"elementor-column elementor-col-50 elementor-top-column elementor-element elementor-element-320dc39\" data-id=\"320dc39\" data-element_type=\"column\">\n\t\t\t<div class=\"elementor-widget-wrap elementor-element-populated\">\n\t\t\t\t\t\t\t\t<div class=\"elementor-element elementor-element-4c79b81 elementor-hidden-tablet elementor-hidden-phone elementor-widget elementor-widget-spacer\" data-id=\"4c79b81\" data-element_type=\"widget\" data-widget_type=\"spacer.default\">\n\t\t\t\t<div class=\"elementor-widget-container\">\n\t\t\t\t\t<div class=\"elementor-spacer\">\n\t\t\t<div class=\"elementor-spacer-inner\"><\/div>\n\t\t<\/div>\n\t\t\t\t<\/div>\n\t\t\t\t<\/div>\n\t\t\t\t<div class=\"elementor-element elementor-element-c6a925f elementor-widget elementor-widget-image\" data-id=\"c6a925f\" data-element_type=\"widget\" data-widget_type=\"image.default\">\n\t\t\t\t<div class=\"elementor-widget-container\">\n\t\t\t\t\t<div class=\"elementor-image\">\n\t\t\t\t\t\t\t\t\t\t<img decoding=\"async\" width=\"800\" height=\"533\" src=\"https:\/\/mayogiardelli.com.ar\/en\/wp-content\/uploads\/2021\/04\/despacho-osvaldo-2.jpg\" class=\"attachment-large size-large\" alt=\"\" srcset=\"https:\/\/mayogiardelli.com.ar\/en\/wp-content\/uploads\/2021\/04\/despacho-osvaldo-2.jpg 800w, https:\/\/mayogiardelli.com.ar\/en\/wp-content\/uploads\/2021\/04\/despacho-osvaldo-2-300x200.jpg 300w, https:\/\/mayogiardelli.com.ar\/en\/wp-content\/uploads\/2021\/04\/despacho-osvaldo-2-768x512.jpg 768w\" sizes=\"(max-width: 800px) 100vw, 800px\" \/>\t\t\t\t\t\t\t\t\t\t\t<\/div>\n\t\t\t\t<\/div>\n\t\t\t\t<\/div>\n\t\t\t\t\t<\/div>\n\t\t<\/div>\n\t\t\t\t<div class=\"elementor-column elementor-col-50 elementor-top-column elementor-element elementor-element-9bba58c\" data-id=\"9bba58c\" data-element_type=\"column\">\n\t\t\t<div class=\"elementor-widget-wrap elementor-element-populated\">\n\t\t\t\t\t\t\t\t<div class=\"elementor-element elementor-element-ecaa5a6 elementor-widget elementor-widget-heading\" data-id=\"ecaa5a6\" data-element_type=\"widget\" data-widget_type=\"heading.default\">\n\t\t\t\t<div class=\"elementor-widget-container\">\n\t\t\t<h2 class=\"elementor-heading-title elementor-size-default\">Our clients<\/h2>\t\t<\/div>\n\t\t\t\t<\/div>\n\t\t\t\t<div class=\"elementor-element elementor-element-a2ee9ab elementor-widget elementor-widget-text-editor\" data-id=\"a2ee9ab\" data-element_type=\"widget\" data-widget_type=\"text-editor.default\">\n\t\t\t\t<div class=\"elementor-widget-container\">\n\t\t\t\t\t<div class=\"elementor-text-editor elementor-clearfix\"><p><strong>The Firm advises leading companies in the most varied areas.<\/strong><\/p><\/div>\n\t\t\t\t<\/div>\n\t\t\t\t<\/div>\n\t\t\t\t<div class=\"elementor-element elementor-element-e8a80ae elementor-widget elementor-widget-text-editor\" data-id=\"e8a80ae\" data-element_type=\"widget\" data-widget_type=\"text-editor.default\">\n\t\t\t\t<div class=\"elementor-widget-container\">\n\t\t\t\t\t<div class=\"elementor-text-editor elementor-clearfix\"><p>Such areas include oil, PVC, metallurgical, textile, real estate, hotel, IT, transportation, logistics, alternative energy, agriculture and wine production, among others.<\/p><p>Our professionals have participated in very significant transactions within the areas of sale and reorganization of companies, interacting permanently with important law firms, consultancies and institutions in Argentina and abroad.<\/p><\/div>\n\t\t\t\t<\/div>\n\t\t\t\t<\/div>\n\t\t\t\t\t<\/div>\n\t\t<\/div>\n\t\t\t\t\t\t\t<\/div>\n\t\t<\/section>\n\t\t\t\t<section class=\"elementor-section elementor-top-section elementor-element elementor-element-2de5ba9 elementor-section-boxed elementor-section-height-default elementor-section-height-default\" data-id=\"2de5ba9\" data-element_type=\"section\">\n\t\t\t\t\t\t<div class=\"elementor-container elementor-column-gap-default\">\n\t\t\t\t\t<div class=\"elementor-column elementor-col-50 elementor-top-column elementor-element elementor-element-8994907\" data-id=\"8994907\" data-element_type=\"column\">\n\t\t\t<div class=\"elementor-widget-wrap elementor-element-populated\">\n\t\t\t\t\t\t\t\t<div class=\"elementor-element elementor-element-a3c5a9d elementor-widget elementor-widget-heading\" data-id=\"a3c5a9d\" data-element_type=\"widget\" data-widget_type=\"heading.default\">\n\t\t\t\t<div class=\"elementor-widget-container\">\n\t\t\t<h2 class=\"elementor-heading-title elementor-size-default\">Our path<\/h2>\t\t<\/div>\n\t\t\t\t<\/div>\n\t\t\t\t<div class=\"elementor-element elementor-element-54d0348 elementor-widget elementor-widget-text-editor\" data-id=\"54d0348\" data-element_type=\"widget\" data-widget_type=\"text-editor.default\">\n\t\t\t\t<div class=\"elementor-widget-container\">\n\t\t\t\t\t<div class=\"elementor-text-editor elementor-clearfix\"><p><strong>The Firm has been advising top-level companies and, individually, their executives since 1955<br \/><\/strong><\/p><\/div>\n\t\t\t\t<\/div>\n\t\t\t\t<\/div>\n\t\t\t\t<div class=\"elementor-element elementor-element-7f7d5c8 elementor-widget elementor-widget-text-editor\" data-id=\"7f7d5c8\" data-element_type=\"widget\" data-widget_type=\"text-editor.default\">\n\t\t\t\t<div class=\"elementor-widget-container\">\n\t\t\t\t\t<div class=\"elementor-text-editor elementor-clearfix\"><p>Our long trajectory and accumulated experience, positions the Firm and its professionals in an important categorization within the legal world.<\/p><p>Throughout so many decades, the need for constant updating became evident, motivating its members to permanently adapt to the evolution of the required legal advice.<\/p><\/div>\n\t\t\t\t<\/div>\n\t\t\t\t<\/div>\n\t\t\t\t\t<\/div>\n\t\t<\/div>\n\t\t\t\t<div class=\"elementor-column elementor-col-50 elementor-top-column elementor-element elementor-element-e6adca1\" data-id=\"e6adca1\" data-element_type=\"column\">\n\t\t\t<div class=\"elementor-widget-wrap elementor-element-populated\">\n\t\t\t\t\t\t\t\t<div class=\"elementor-element elementor-element-1f616a5 elementor-hidden-tablet elementor-hidden-phone elementor-widget elementor-widget-spacer\" data-id=\"1f616a5\" data-element_type=\"widget\" data-widget_type=\"spacer.default\">\n\t\t\t\t<div class=\"elementor-widget-container\">\n\t\t\t\t\t<div class=\"elementor-spacer\">\n\t\t\t<div class=\"elementor-spacer-inner\"><\/div>\n\t\t<\/div>\n\t\t\t\t<\/div>\n\t\t\t\t<\/div>\n\t\t\t\t<div class=\"elementor-element elementor-element-243e511 elementor-widget elementor-widget-image\" data-id=\"243e511\" data-element_type=\"widget\" data-widget_type=\"image.default\">\n\t\t\t\t<div class=\"elementor-widget-container\">\n\t\t\t\t\t<div class=\"elementor-image\">\n\t\t\t\t\t\t\t\t\t\t<img decoding=\"async\" width=\"261\" height=\"179\" src=\"https:\/\/mayogiardelli.com.ar\/en\/wp-content\/uploads\/2021\/04\/LOGO-130x89.png\" class=\"attachment-large size-large\" alt=\"\" srcset=\"https:\/\/mayogiardelli.com.ar\/en\/wp-content\/uploads\/2021\/04\/LOGO.png 261w, https:\/\/mayogiardelli.com.ar\/en\/wp-content\/uploads\/2021\/04\/LOGO-130x89.png 130w\" sizes=\"(max-width: 261px) 100vw, 261px\" \/>\t\t\t\t\t\t\t\t\t\t\t<\/div>\n\t\t\t\t<\/div>\n\t\t\t\t<\/div>\n\t\t\t\t\t<\/div>\n\t\t<\/div>\n\t\t\t\t\t\t\t<\/div>\n\t\t<\/section>\n\t\t\t\t<section class=\"elementor-section elementor-top-section elementor-element elementor-element-6d22ea9 elementor-section-boxed elementor-section-height-default elementor-section-height-default\" data-id=\"6d22ea9\" data-element_type=\"section\">\n\t\t\t\t\t\t<div class=\"elementor-container elementor-column-gap-default\">\n\t\t\t\t\t<div class=\"elementor-column elementor-col-100 elementor-top-column elementor-element elementor-element-d3aec90\" data-id=\"d3aec90\" data-element_type=\"column\">\n\t\t\t<div class=\"elementor-widget-wrap elementor-element-populated\">\n\t\t\t\t\t\t\t\t<div class=\"elementor-element elementor-element-34f0fd0 elementor-widget elementor-widget-spacer\" data-id=\"34f0fd0\" data-element_type=\"widget\" data-widget_type=\"spacer.default\">\n\t\t\t\t<div class=\"elementor-widget-container\">\n\t\t\t\t\t<div class=\"elementor-spacer\">\n\t\t\t<div class=\"elementor-spacer-inner\"><\/div>\n\t\t<\/div>\n\t\t\t\t<\/div>\n\t\t\t\t<\/div>\n\t\t\t\t<div class=\"elementor-element elementor-element-c33dd73 elementor-widget elementor-widget-button\" data-id=\"c33dd73\" data-element_type=\"widget\" data-widget_type=\"button.default\">\n\t\t\t\t<div class=\"elementor-widget-container\">\n\t\t\t\t\t<div class=\"elementor-button-wrapper\">\n\t\t\t<a href=\"https:\/\/mayogiardelli.com.ar\/en\/\" class=\"elementor-button-link elementor-button elementor-size-sm\" role=\"button\">\n\t\t\t\t\t\t<span class=\"elementor-button-content-wrapper\">\n\t\t\t\t\t\t<span class=\"elementor-button-icon elementor-align-icon-left\">\n\t\t\t\t<i aria-hidden=\"true\" class=\"fas fa-chevron-left\"><\/i>\t\t\t<\/span>\n\t\t\t\t\t\t<span class=\"elementor-button-text\">Return <\/span>\n\t\t<\/span>\n\t\t\t\t\t<\/a>\n\t\t<\/div>\n\t\t\t\t<\/div>\n\t\t\t\t<\/div>\n\t\t\t\t\t<\/div>\n\t\t<\/div>\n\t\t\t\t\t\t\t<\/div>\n\t\t<\/section>\n\t\t\t\t\t\t<\/div>\n\t\t\t\t\t<\/div>\n\t\t","protected":false},"excerpt":{"rendered":"<p>About us Our Firm La Firma cuenta con abogados de alto nivel y litigantes como parte del equipo. Sus integrantes reclaman una vocaci\u00f3n proactiva en decisiones sobre inversiones, transacciones, conflictos, negociaciones, contratos, cobranzas, arbitrajes, mediaciones, fusiones, adquisiciones y reestructuraciones, fideicomisos, sucesiones y normativa patrimonial a nivel familiar y presucesario. Su desempe\u00f1o se caracteriza por la &hellip;<\/p>\n<p class=\"read-more\"> <a class=\"\" href=\"https:\/\/mayogiardelli.com.ar\/en\/index.php\/about-us\/\"> <span class=\"screen-reader-text\">About us<\/span> Read More &raquo;<\/a><\/p>\n","protected":false},"author":1,"featured_media":0,"parent":0,"menu_order":0,"comment_status":"closed","ping_status":"closed","template":"","meta":{"footnotes":""},"class_list":["post-53","page","type-page","status-publish","hentry"],"yoast_head":"<!-- This site is optimized with the Yoast SEO plugin v16.1.1 - https:\/\/yoast.com\/wordpress\/plugins\/seo\/ -->\n<title>About us - Mayo&amp;Giardelli<\/title>\n<link rel=\"canonical\" href=\"https:\/\/mayogiardelli.com.ar\/en\/index.php\/about-us\/\" \/>\n<meta property=\"og:locale\" content=\"en_US\" \/>\n<meta property=\"og:type\" content=\"article\" \/>\n<meta property=\"og:title\" content=\"About us - Mayo&amp;Giardelli\" \/>\n<meta property=\"og:description\" content=\"About us Our Firm La Firma cuenta con abogados de alto nivel y litigantes como parte del equipo. Sus integrantes reclaman una vocaci\u00f3n proactiva en decisiones sobre inversiones, transacciones, conflictos, negociaciones, contratos, cobranzas, arbitrajes, mediaciones, fusiones, adquisiciones y reestructuraciones, fideicomisos, sucesiones y normativa patrimonial a nivel familiar y presucesario. Su desempe\u00f1o se caracteriza por la &hellip; About us Read More &raquo;\" \/>\n<meta property=\"og:url\" content=\"https:\/\/mayogiardelli.com.ar\/en\/index.php\/about-us\/\" \/>\n<meta property=\"og:site_name\" content=\"Mayo&amp;Giardelli\" \/>\n<meta property=\"article:modified_time\" content=\"2021-05-04T21:41:35+00:00\" \/>\n<meta property=\"og:image\" content=\"https:\/\/mayogiardelli.com.ar\/en\/wp-content\/uploads\/2021\/05\/axel7.jpg\" \/>\n<meta name=\"twitter:card\" content=\"summary_large_image\" \/>\n<meta name=\"twitter:label1\" content=\"Est. reading time\">\n\t<meta name=\"twitter:data1\" content=\"3 minutes\">\n<script type=\"application\/ld+json\" class=\"yoast-schema-graph\">{\"@context\":\"https:\/\/schema.org\",\"@graph\":[{\"@type\":\"WebSite\",\"@id\":\"https:\/\/mayogiardelli.com.ar\/en\/#website\",\"url\":\"https:\/\/mayogiardelli.com.ar\/en\/\",\"name\":\"Mayo&amp;Giardelli\",\"description\":\"Just another WordPress site\",\"potentialAction\":[{\"@type\":\"SearchAction\",\"target\":\"https:\/\/mayogiardelli.com.ar\/en\/?s={search_term_string}\",\"query-input\":\"required name=search_term_string\"}],\"inLanguage\":\"en-US\"},{\"@type\":\"ImageObject\",\"@id\":\"https:\/\/mayogiardelli.com.ar\/en\/index.php\/about-us\/#primaryimage\",\"inLanguage\":\"en-US\",\"url\":\"https:\/\/mayogiardelli.com.ar\/en\/wp-content\/uploads\/2021\/05\/axel7.jpg\",\"contentUrl\":\"https:\/\/mayogiardelli.com.ar\/en\/wp-content\/uploads\/2021\/05\/axel7.jpg\",\"width\":389,\"height\":410},{\"@type\":\"WebPage\",\"@id\":\"https:\/\/mayogiardelli.com.ar\/en\/index.php\/about-us\/#webpage\",\"url\":\"https:\/\/mayogiardelli.com.ar\/en\/index.php\/about-us\/\",\"name\":\"About us - Mayo&amp;Giardelli\",\"isPartOf\":{\"@id\":\"https:\/\/mayogiardelli.com.ar\/en\/#website\"},\"primaryImageOfPage\":{\"@id\":\"https:\/\/mayogiardelli.com.ar\/en\/index.php\/about-us\/#primaryimage\"},\"datePublished\":\"2021-04-22T17:43:13+00:00\",\"dateModified\":\"2021-05-04T21:41:35+00:00\",\"breadcrumb\":{\"@id\":\"https:\/\/mayogiardelli.com.ar\/en\/index.php\/about-us\/#breadcrumb\"},\"inLanguage\":\"en-US\",\"potentialAction\":[{\"@type\":\"ReadAction\",\"target\":[\"https:\/\/mayogiardelli.com.ar\/en\/index.php\/about-us\/\"]}]},{\"@type\":\"BreadcrumbList\",\"@id\":\"https:\/\/mayogiardelli.com.ar\/en\/index.php\/about-us\/#breadcrumb\",\"itemListElement\":[{\"@type\":\"ListItem\",\"position\":1,\"item\":{\"@type\":\"WebPage\",\"@id\":\"https:\/\/mayogiardelli.com.ar\/en\/\",\"url\":\"https:\/\/mayogiardelli.com.ar\/en\/\",\"name\":\"Home\"}},{\"@type\":\"ListItem\",\"position\":2,\"item\":{\"@type\":\"WebPage\",\"@id\":\"https:\/\/mayogiardelli.com.ar\/en\/index.php\/about-us\/\",\"url\":\"https:\/\/mayogiardelli.com.ar\/en\/index.php\/about-us\/\",\"name\":\"About us\"}}]}]}<\/script>\n<!-- \/ Yoast SEO plugin. -->","_links":{"self":[{"href":"https:\/\/mayogiardelli.com.ar\/en\/index.php\/wp-json\/wp\/v2\/pages\/53","targetHints":{"allow":["GET"]}}],"collection":[{"href":"https:\/\/mayogiardelli.com.ar\/en\/index.php\/wp-json\/wp\/v2\/pages"}],"about":[{"href":"https:\/\/mayogiardelli.com.ar\/en\/index.php\/wp-json\/wp\/v2\/types\/page"}],"author":[{"embeddable":true,"href":"https:\/\/mayogiardelli.com.ar\/en\/index.php\/wp-json\/wp\/v2\/users\/1"}],"replies":[{"embeddable":true,"href":"https:\/\/mayogiardelli.com.ar\/en\/index.php\/wp-json\/wp\/v2\/comments?post=53"}],"version-history":[{"count":6,"href":"https:\/\/mayogiardelli.com.ar\/en\/index.php\/wp-json\/wp\/v2\/pages\/53\/revisions"}],"predecessor-version":[{"id":199,"href":"https:\/\/mayogiardelli.com.ar\/en\/index.php\/wp-json\/wp\/v2\/pages\/53\/revisions\/199"}],"wp:attachment":[{"href":"https:\/\/mayogiardelli.com.ar\/en\/index.php\/wp-json\/wp\/v2\/media?parent=53"}],"curies":[{"name":"wp","href":"https:\/\/api.w.org\/{rel}","templated":true}]}}