{"id":58,"date":"2021-04-21T17:36:23","date_gmt":"2021-04-21T17:36:23","guid":{"rendered":"https:\/\/mayogiardelli.com.ar\/de\/?page_id=58"},"modified":"2021-05-04T21:55:39","modified_gmt":"2021-05-04T21:55:39","slug":"ueber-uns","status":"publish","type":"page","link":"https:\/\/mayogiardelli.com.ar\/de\/index.php\/ueber-uns\/","title":{"rendered":"\u00dcber uns"},"content":{"rendered":"\t\t<div data-elementor-type=\"wp-page\" data-elementor-id=\"58\" class=\"elementor elementor-58\" data-elementor-settings=\"[]\">\n\t\t\t\t\t\t\t<div class=\"elementor-section-wrap\">\n\t\t\t\t\t\t\t<section class=\"elementor-section elementor-top-section elementor-element elementor-element-a3a4e9c elementor-section-boxed elementor-section-height-default elementor-section-height-default\" data-id=\"a3a4e9c\" data-element_type=\"section\">\n\t\t\t\t\t\t<div class=\"elementor-container elementor-column-gap-default\">\n\t\t\t\t\t<div class=\"elementor-column elementor-col-100 elementor-top-column elementor-element elementor-element-1f81bd8\" data-id=\"1f81bd8\" data-element_type=\"column\">\n\t\t\t<div class=\"elementor-widget-wrap elementor-element-populated\">\n\t\t\t\t\t\t\t\t<div class=\"elementor-element elementor-element-d8ef93c elementor-widget elementor-widget-spacer\" data-id=\"d8ef93c\" data-element_type=\"widget\" data-widget_type=\"spacer.default\">\n\t\t\t\t<div class=\"elementor-widget-container\">\n\t\t\t\t\t<div class=\"elementor-spacer\">\n\t\t\t<div class=\"elementor-spacer-inner\"><\/div>\n\t\t<\/div>\n\t\t\t\t<\/div>\n\t\t\t\t<\/div>\n\t\t\t\t<div class=\"elementor-element elementor-element-7667208 elementor-widget elementor-widget-heading\" data-id=\"7667208\" data-element_type=\"widget\" data-widget_type=\"heading.default\">\n\t\t\t\t<div class=\"elementor-widget-container\">\n\t\t\t<h2 class=\"elementor-heading-title elementor-size-default\">\u00dcber uns<\/h2>\t\t<\/div>\n\t\t\t\t<\/div>\n\t\t\t\t<div class=\"elementor-element elementor-element-88f5271 elementor-widget elementor-widget-spacer\" data-id=\"88f5271\" data-element_type=\"widget\" data-widget_type=\"spacer.default\">\n\t\t\t\t<div class=\"elementor-widget-container\">\n\t\t\t\t\t<div class=\"elementor-spacer\">\n\t\t\t<div class=\"elementor-spacer-inner\"><\/div>\n\t\t<\/div>\n\t\t\t\t<\/div>\n\t\t\t\t<\/div>\n\t\t\t\t\t<\/div>\n\t\t<\/div>\n\t\t\t\t\t\t\t<\/div>\n\t\t<\/section>\n\t\t\t\t<section class=\"elementor-section elementor-top-section elementor-element elementor-element-4037517 elementor-section-boxed elementor-section-height-default elementor-section-height-default\" data-id=\"4037517\" data-element_type=\"section\">\n\t\t\t\t\t\t<div class=\"elementor-container elementor-column-gap-default\">\n\t\t\t\t\t<div class=\"elementor-column elementor-col-66 elementor-top-column elementor-element elementor-element-431688f\" data-id=\"431688f\" data-element_type=\"column\">\n\t\t\t<div class=\"elementor-widget-wrap elementor-element-populated\">\n\t\t\t\t\t\t\t\t<div class=\"elementor-element elementor-element-8803cbd elementor-widget elementor-widget-heading\" data-id=\"8803cbd\" data-element_type=\"widget\" data-widget_type=\"heading.default\">\n\t\t\t\t<div class=\"elementor-widget-container\">\n\t\t\t<h2 class=\"elementor-heading-title elementor-size-default\">Unsere Kanzlei<\/h2>\t\t<\/div>\n\t\t\t\t<\/div>\n\t\t\t\t<div class=\"elementor-element elementor-element-6792e26 elementor-widget elementor-widget-text-editor\" data-id=\"6792e26\" data-element_type=\"widget\" data-widget_type=\"text-editor.default\">\n\t\t\t\t<div class=\"elementor-widget-container\">\n\t\t\t\t\t<div class=\"elementor-text-editor elementor-clearfix\"><p><strong>Die Kanzlei arbeitet mit erstklassigen Rechtsanw\u00e4lten und prozessf\u00fchrenden Berater.<\/strong><\/p><\/div>\n\t\t\t\t<\/div>\n\t\t\t\t<\/div>\n\t\t\t\t<div class=\"elementor-element elementor-element-c6cd5ea elementor-widget elementor-widget-text-editor\" data-id=\"c6cd5ea\" data-element_type=\"widget\" data-widget_type=\"text-editor.default\">\n\t\t\t\t<div class=\"elementor-widget-container\">\n\t\t\t\t\t<div class=\"elementor-text-editor elementor-clearfix\"><p>Sie \u00fcbernehmen eine proaktive Rolle bei Entscheidungen \u00fcber Investitionen, Gesch\u00e4ftsabschl\u00fcsse, Konflikte, Vereinbarungen, Vertr\u00e4ge, Inkasso, Schiedsverfahren, Mediationsverfahren, Fusionen, Erwerbungen,&nbsp; Neustrukturierungen, Treuh\u00e4nderschaft, Erbschaften und G\u00fcterrecht der Familien.<\/p><p>Ihr Handeln wird gekennzeichnet von der Verbindung einer tadellosen Ethik und eine hochprofessionellen Einstellung im Umgang mit der Wiedergabe von Informationen, P\u00fcnktlichkeit und Vertraulichkeit, um eine andauernde Vertrauensbeziehung zum Kunden herzustellen.<\/p>\n<p>Die Kanzlei vertritt Ihre Kunden umfassend, ber\u00e4t sie klug und kostensparend und legt Wert auf Teamarbeit, Kreativit\u00e4t und Genauigkeit.<\/p>\n<p>Alle Kollegen bieten ihnen pers\u00f6nliche Aufmerksamkeit und eine Beratung auf dauerhafthohem Niveau.<\/p><\/div>\n\t\t\t\t<\/div>\n\t\t\t\t<\/div>\n\t\t\t\t\t<\/div>\n\t\t<\/div>\n\t\t\t\t<div class=\"elementor-column elementor-col-33 elementor-top-column elementor-element elementor-element-4bf3424\" data-id=\"4bf3424\" data-element_type=\"column\">\n\t\t\t<div class=\"elementor-widget-wrap elementor-element-populated\">\n\t\t\t\t\t\t\t\t<div class=\"elementor-element elementor-element-904508f elementor-hidden-desktop elementor-widget elementor-widget-image\" data-id=\"904508f\" data-element_type=\"widget\" data-widget_type=\"image.default\">\n\t\t\t\t<div class=\"elementor-widget-container\">\n\t\t\t\t\t<div class=\"elementor-image\">\n\t\t\t\t\t\t\t\t\t\t<img decoding=\"async\" width=\"600\" height=\"334\" src=\"https:\/\/mayogiardelli.com.ar\/de\/wp-content\/uploads\/2021\/04\/Estudio-22.jpg\" class=\"attachment-large size-large\" alt=\"\" srcset=\"https:\/\/mayogiardelli.com.ar\/de\/wp-content\/uploads\/2021\/04\/Estudio-22.jpg 600w, https:\/\/mayogiardelli.com.ar\/de\/wp-content\/uploads\/2021\/04\/Estudio-22-300x167.jpg 300w\" sizes=\"(max-width: 600px) 100vw, 600px\" \/>\t\t\t\t\t\t\t\t\t\t\t<\/div>\n\t\t\t\t<\/div>\n\t\t\t\t<\/div>\n\t\t\t\t<div class=\"elementor-element elementor-element-9983786 elementor-hidden-tablet elementor-hidden-phone elementor-widget elementor-widget-image\" data-id=\"9983786\" data-element_type=\"widget\" data-widget_type=\"image.default\">\n\t\t\t\t<div class=\"elementor-widget-container\">\n\t\t\t\t\t<div class=\"elementor-image\">\n\t\t\t\t\t\t\t\t\t\t<img decoding=\"async\" width=\"1024\" height=\"803\" src=\"https:\/\/mayogiardelli.com.ar\/de\/wp-content\/uploads\/2021\/04\/AXEL-DESPACHO.jpg\" class=\"attachment-large size-large\" alt=\"\" srcset=\"https:\/\/mayogiardelli.com.ar\/de\/wp-content\/uploads\/2021\/04\/AXEL-DESPACHO.jpg 1024w, https:\/\/mayogiardelli.com.ar\/de\/wp-content\/uploads\/2021\/04\/AXEL-DESPACHO-300x235.jpg 300w, https:\/\/mayogiardelli.com.ar\/de\/wp-content\/uploads\/2021\/04\/AXEL-DESPACHO-768x602.jpg 768w\" sizes=\"(max-width: 1024px) 100vw, 1024px\" \/>\t\t\t\t\t\t\t\t\t\t\t<\/div>\n\t\t\t\t<\/div>\n\t\t\t\t<\/div>\n\t\t\t\t\t<\/div>\n\t\t<\/div>\n\t\t\t\t\t\t\t<\/div>\n\t\t<\/section>\n\t\t\t\t<section class=\"elementor-section elementor-top-section elementor-element elementor-element-3e7b76a elementor-section-boxed elementor-section-height-default elementor-section-height-default\" data-id=\"3e7b76a\" data-element_type=\"section\">\n\t\t\t\t\t\t<div class=\"elementor-container elementor-column-gap-default\">\n\t\t\t\t\t<div class=\"elementor-column elementor-col-50 elementor-top-column elementor-element elementor-element-7e775c9\" data-id=\"7e775c9\" data-element_type=\"column\">\n\t\t\t<div class=\"elementor-widget-wrap elementor-element-populated\">\n\t\t\t\t\t\t\t\t<div class=\"elementor-element elementor-element-71527a1 elementor-hidden-tablet elementor-hidden-phone elementor-widget elementor-widget-spacer\" data-id=\"71527a1\" data-element_type=\"widget\" data-widget_type=\"spacer.default\">\n\t\t\t\t<div class=\"elementor-widget-container\">\n\t\t\t\t\t<div class=\"elementor-spacer\">\n\t\t\t<div class=\"elementor-spacer-inner\"><\/div>\n\t\t<\/div>\n\t\t\t\t<\/div>\n\t\t\t\t<\/div>\n\t\t\t\t<div class=\"elementor-element elementor-element-3060f8c elementor-widget elementor-widget-image\" data-id=\"3060f8c\" data-element_type=\"widget\" data-widget_type=\"image.default\">\n\t\t\t\t<div class=\"elementor-widget-container\">\n\t\t\t\t\t<div class=\"elementor-image\">\n\t\t\t\t\t\t\t\t\t\t<img decoding=\"async\" width=\"800\" height=\"533\" src=\"https:\/\/mayogiardelli.com.ar\/de\/wp-content\/uploads\/2021\/04\/despacho-osvaldo-2.jpg\" class=\"attachment-large size-large\" alt=\"\" srcset=\"https:\/\/mayogiardelli.com.ar\/de\/wp-content\/uploads\/2021\/04\/despacho-osvaldo-2.jpg 800w, https:\/\/mayogiardelli.com.ar\/de\/wp-content\/uploads\/2021\/04\/despacho-osvaldo-2-300x200.jpg 300w, https:\/\/mayogiardelli.com.ar\/de\/wp-content\/uploads\/2021\/04\/despacho-osvaldo-2-768x512.jpg 768w\" sizes=\"(max-width: 800px) 100vw, 800px\" \/>\t\t\t\t\t\t\t\t\t\t\t<\/div>\n\t\t\t\t<\/div>\n\t\t\t\t<\/div>\n\t\t\t\t\t<\/div>\n\t\t<\/div>\n\t\t\t\t<div class=\"elementor-column elementor-col-50 elementor-top-column elementor-element elementor-element-01aa1cf\" data-id=\"01aa1cf\" data-element_type=\"column\">\n\t\t\t<div class=\"elementor-widget-wrap elementor-element-populated\">\n\t\t\t\t\t\t\t\t<div class=\"elementor-element elementor-element-6e28b07 elementor-widget elementor-widget-heading\" data-id=\"6e28b07\" data-element_type=\"widget\" data-widget_type=\"heading.default\">\n\t\t\t\t<div class=\"elementor-widget-container\">\n\t\t\t<h2 class=\"elementor-heading-title elementor-size-default\">Unsere Geschichte<\/h2>\t\t<\/div>\n\t\t\t\t<\/div>\n\t\t\t\t<div class=\"elementor-element elementor-element-23eb404 elementor-widget elementor-widget-text-editor\" data-id=\"23eb404\" data-element_type=\"widget\" data-widget_type=\"text-editor.default\">\n\t\t\t\t<div class=\"elementor-widget-container\">\n\t\t\t\t\t<div class=\"elementor-text-editor elementor-clearfix\"><p><strong>Die Kanzlei ber\u00e4t seit 1955 bedeutende Unternehmen und F\u00fchrungskr\u00e4fte.<\/strong><\/p><\/div>\n\t\t\t\t<\/div>\n\t\t\t\t<\/div>\n\t\t\t\t<div class=\"elementor-element elementor-element-453fc02 elementor-widget elementor-widget-text-editor\" data-id=\"453fc02\" data-element_type=\"widget\" data-widget_type=\"text-editor.default\">\n\t\t\t\t<div class=\"elementor-widget-container\">\n\t\t\t\t\t<div class=\"elementor-text-editor elementor-clearfix\"><p>Unsere lange Erfahrung und Geschichte gew\u00e4hrleistet der Kanzlei eine bedeutende Position in der Welt des Rechts.<\/p><p>Im Lauf der Jahrzehnte hat sich die Notwendigkeit eines kontinuierlichen Wandels herausgestellt. Das brachte es mit sich, dass sich ihre Berater st\u00e4ndig auf die wechselnden Notwendigkeiten bei der Beratung ihrer Mandanten einstellen.<\/p><\/div>\n\t\t\t\t<\/div>\n\t\t\t\t<\/div>\n\t\t\t\t\t<\/div>\n\t\t<\/div>\n\t\t\t\t\t\t\t<\/div>\n\t\t<\/section>\n\t\t\t\t<section class=\"elementor-section elementor-top-section elementor-element elementor-element-75df96d elementor-section-boxed elementor-section-height-default elementor-section-height-default\" data-id=\"75df96d\" data-element_type=\"section\">\n\t\t\t\t\t\t<div class=\"elementor-container elementor-column-gap-default\">\n\t\t\t\t\t<div class=\"elementor-column elementor-col-66 elementor-top-column elementor-element elementor-element-27d5e60\" data-id=\"27d5e60\" data-element_type=\"column\">\n\t\t\t<div class=\"elementor-widget-wrap elementor-element-populated\">\n\t\t\t\t\t\t\t\t<div class=\"elementor-element elementor-element-5bab4b5 elementor-widget elementor-widget-heading\" data-id=\"5bab4b5\" data-element_type=\"widget\" data-widget_type=\"heading.default\">\n\t\t\t\t<div class=\"elementor-widget-container\">\n\t\t\t<h2 class=\"elementor-heading-title elementor-size-default\">Unsere Kunden<\/h2>\t\t<\/div>\n\t\t\t\t<\/div>\n\t\t\t\t<div class=\"elementor-element elementor-element-1f1174a elementor-widget elementor-widget-text-editor\" data-id=\"1f1174a\" data-element_type=\"widget\" data-widget_type=\"text-editor.default\">\n\t\t\t\t<div class=\"elementor-widget-container\">\n\t\t\t\t\t<div class=\"elementor-text-editor elementor-clearfix\"><p><strong>Die Kanzlei widmet sich besonders dem Unternehmungsrecht, dem Zivilrecht,dem Arbeitsrecht und dem Verwaltungsrecht.<\/strong><\/p><\/div>\n\t\t\t\t<\/div>\n\t\t\t\t<\/div>\n\t\t\t\t<div class=\"elementor-element elementor-element-49fcc09 elementor-widget elementor-widget-text-editor\" data-id=\"49fcc09\" data-element_type=\"widget\" data-widget_type=\"text-editor.default\">\n\t\t\t\t<div class=\"elementor-widget-container\">\n\t\t\t\t\t<div class=\"elementor-text-editor elementor-clearfix\"><p>Ihre Rechtsanw\u00e4lte beraten f\u00fchrende Unternehmen in den verschiedensten Branchen: Erd\u00f6l, PVC,\u00a0 Metallgewinnung, Textilien, Immobilien, Hotelgewerbe, Informatik, Transport und Logistik, alternative Energien, Landwirtschaft, Weinanbau, und viele mehr.<\/p><p>Die Berater der Kanzlei haben ihre Mandanten bei sehr bedeutenden Transaktionen sowie bei der Neustrukturierung verschiedener Unternehmen zum Erfolg gef\u00fchrt, indem Sie auch st\u00e4ndig mit anderen renommierten Kanzleien, Beratungsstellen und argentinischen und ausl\u00e4ndischen Beh\u00f6rden in Kontakt sind.<\/p><\/div>\n\t\t\t\t<\/div>\n\t\t\t\t<\/div>\n\t\t\t\t\t<\/div>\n\t\t<\/div>\n\t\t\t\t<div class=\"elementor-column elementor-col-33 elementor-top-column elementor-element elementor-element-856d57c\" data-id=\"856d57c\" data-element_type=\"column\">\n\t\t\t<div class=\"elementor-widget-wrap elementor-element-populated\">\n\t\t\t\t\t\t\t\t<div class=\"elementor-element elementor-element-ce75695 elementor-hidden-tablet elementor-hidden-phone elementor-widget elementor-widget-spacer\" data-id=\"ce75695\" data-element_type=\"widget\" data-widget_type=\"spacer.default\">\n\t\t\t\t<div class=\"elementor-widget-container\">\n\t\t\t\t\t<div class=\"elementor-spacer\">\n\t\t\t<div class=\"elementor-spacer-inner\"><\/div>\n\t\t<\/div>\n\t\t\t\t<\/div>\n\t\t\t\t<\/div>\n\t\t\t\t<div class=\"elementor-element elementor-element-07dac4d elementor-widget elementor-widget-image\" data-id=\"07dac4d\" data-element_type=\"widget\" data-widget_type=\"image.default\">\n\t\t\t\t<div class=\"elementor-widget-container\">\n\t\t\t\t\t<div class=\"elementor-image\">\n\t\t\t\t\t\t\t\t\t\t<img decoding=\"async\" width=\"261\" height=\"179\" src=\"https:\/\/mayogiardelli.com.ar\/de\/wp-content\/uploads\/2021\/04\/LOGO-130x89.png\" class=\"attachment-large size-large\" alt=\"\" srcset=\"https:\/\/mayogiardelli.com.ar\/de\/wp-content\/uploads\/2021\/04\/LOGO.png 261w, https:\/\/mayogiardelli.com.ar\/de\/wp-content\/uploads\/2021\/04\/LOGO-130x89.png 130w\" sizes=\"(max-width: 261px) 100vw, 261px\" \/>\t\t\t\t\t\t\t\t\t\t\t<\/div>\n\t\t\t\t<\/div>\n\t\t\t\t<\/div>\n\t\t\t\t\t<\/div>\n\t\t<\/div>\n\t\t\t\t\t\t\t<\/div>\n\t\t<\/section>\n\t\t\t\t<section class=\"elementor-section elementor-top-section elementor-element elementor-element-dc80203 elementor-section-boxed elementor-section-height-default elementor-section-height-default\" data-id=\"dc80203\" data-element_type=\"section\">\n\t\t\t\t\t\t<div class=\"elementor-container elementor-column-gap-default\">\n\t\t\t\t\t\t\t\t<\/div>\n\t\t<\/section>\n\t\t\t\t<section class=\"elementor-section elementor-top-section elementor-element elementor-element-2f7a43b elementor-section-boxed elementor-section-height-default elementor-section-height-default\" data-id=\"2f7a43b\" data-element_type=\"section\">\n\t\t\t\t\t\t<div class=\"elementor-container elementor-column-gap-default\">\n\t\t\t\t\t<div class=\"elementor-column elementor-col-100 elementor-top-column elementor-element elementor-element-1f68db8\" data-id=\"1f68db8\" data-element_type=\"column\">\n\t\t\t<div class=\"elementor-widget-wrap elementor-element-populated\">\n\t\t\t\t\t\t\t\t<div class=\"elementor-element elementor-element-2467db4 elementor-widget elementor-widget-spacer\" data-id=\"2467db4\" data-element_type=\"widget\" data-widget_type=\"spacer.default\">\n\t\t\t\t<div class=\"elementor-widget-container\">\n\t\t\t\t\t<div class=\"elementor-spacer\">\n\t\t\t<div class=\"elementor-spacer-inner\"><\/div>\n\t\t<\/div>\n\t\t\t\t<\/div>\n\t\t\t\t<\/div>\n\t\t\t\t<div class=\"elementor-element elementor-element-4e998b4 elementor-widget elementor-widget-button\" data-id=\"4e998b4\" data-element_type=\"widget\" data-widget_type=\"button.default\">\n\t\t\t\t<div class=\"elementor-widget-container\">\n\t\t\t\t\t<div class=\"elementor-button-wrapper\">\n\t\t\t<a href=\"https:\/\/mayogiardelli.com.ar\/de\/\" class=\"elementor-button-link elementor-button elementor-size-sm\" role=\"button\">\n\t\t\t\t\t\t<span class=\"elementor-button-content-wrapper\">\n\t\t\t\t\t\t<span class=\"elementor-button-icon elementor-align-icon-left\">\n\t\t\t\t<i aria-hidden=\"true\" class=\"fas fa-chevron-left\"><\/i>\t\t\t<\/span>\n\t\t\t\t\t\t<span class=\"elementor-button-text\">Wieder<\/span>\n\t\t<\/span>\n\t\t\t\t\t<\/a>\n\t\t<\/div>\n\t\t\t\t<\/div>\n\t\t\t\t<\/div>\n\t\t\t\t\t<\/div>\n\t\t<\/div>\n\t\t\t\t\t\t\t<\/div>\n\t\t<\/section>\n\t\t\t\t\t\t<\/div>\n\t\t\t\t\t<\/div>\n\t\t","protected":false},"excerpt":{"rendered":"<p>\u00dcber uns Unsere Kanzlei Die Kanzlei arbeitet mit erstklassigen Rechtsanw\u00e4lten und prozessf\u00fchrenden Berater. Sie \u00fcbernehmen eine proaktive Rolle bei Entscheidungen \u00fcber Investitionen, Gesch\u00e4ftsabschl\u00fcsse, Konflikte, Vereinbarungen, Vertr\u00e4ge, Inkasso, Schiedsverfahren, Mediationsverfahren, Fusionen, Erwerbungen,&nbsp; Neustrukturierungen, Treuh\u00e4nderschaft, Erbschaften und G\u00fcterrecht der Familien. Ihr Handeln wird gekennzeichnet von der Verbindung einer tadellosen Ethik und eine hochprofessionellen Einstellung im Umgang mit &hellip;<\/p>\n<p class=\"read-more\"> <a class=\"\" href=\"https:\/\/mayogiardelli.com.ar\/de\/index.php\/ueber-uns\/\"> <span class=\"screen-reader-text\">\u00dcber uns<\/span> Read More &raquo;<\/a><\/p>\n","protected":false},"author":1,"featured_media":0,"parent":0,"menu_order":0,"comment_status":"closed","ping_status":"closed","template":"","meta":{"footnotes":""},"class_list":["post-58","page","type-page","status-publish","hentry"],"yoast_head":"<!-- This site is optimized with the Yoast SEO plugin v16.1.1 - https:\/\/yoast.com\/wordpress\/plugins\/seo\/ -->\n<title>\u00dcber uns - Mayo&amp;Giardelli<\/title>\n<link rel=\"canonical\" href=\"https:\/\/mayogiardelli.com.ar\/de\/index.php\/ueber-uns\/\" \/>\n<meta property=\"og:locale\" content=\"de_DE\" \/>\n<meta property=\"og:type\" content=\"article\" \/>\n<meta property=\"og:title\" content=\"\u00dcber uns - Mayo&amp;Giardelli\" \/>\n<meta property=\"og:description\" content=\"\u00dcber uns Unsere Kanzlei Die Kanzlei arbeitet mit erstklassigen Rechtsanw\u00e4lten und prozessf\u00fchrenden Berater. Sie \u00fcbernehmen eine proaktive Rolle bei Entscheidungen \u00fcber Investitionen, Gesch\u00e4ftsabschl\u00fcsse, Konflikte, Vereinbarungen, Vertr\u00e4ge, Inkasso, Schiedsverfahren, Mediationsverfahren, Fusionen, Erwerbungen,&nbsp; Neustrukturierungen, Treuh\u00e4nderschaft, Erbschaften und G\u00fcterrecht der Familien. Ihr Handeln wird gekennzeichnet von der Verbindung einer tadellosen Ethik und eine hochprofessionellen Einstellung im Umgang mit &hellip; \u00dcber uns Read More &raquo;\" \/>\n<meta property=\"og:url\" content=\"https:\/\/mayogiardelli.com.ar\/de\/index.php\/ueber-uns\/\" \/>\n<meta property=\"og:site_name\" content=\"Mayo&amp;Giardelli\" \/>\n<meta property=\"article:modified_time\" content=\"2021-05-04T21:55:39+00:00\" \/>\n<meta property=\"og:image\" content=\"https:\/\/mayogiardelli.com.ar\/de\/wp-content\/uploads\/2021\/04\/Estudio-22.jpg\" \/>\n<meta name=\"twitter:card\" content=\"summary_large_image\" \/>\n<meta name=\"twitter:label1\" content=\"Est. reading time\">\n\t<meta name=\"twitter:data1\" content=\"2\u00a0Minuten\">\n<script type=\"application\/ld+json\" class=\"yoast-schema-graph\">{\"@context\":\"https:\/\/schema.org\",\"@graph\":[{\"@type\":\"WebSite\",\"@id\":\"https:\/\/mayogiardelli.com.ar\/de\/#website\",\"url\":\"https:\/\/mayogiardelli.com.ar\/de\/\",\"name\":\"Mayo&amp;Giardelli\",\"description\":\"Just another WordPress site\",\"potentialAction\":[{\"@type\":\"SearchAction\",\"target\":\"https:\/\/mayogiardelli.com.ar\/de\/?s={search_term_string}\",\"query-input\":\"required name=search_term_string\"}],\"inLanguage\":\"de-CH\"},{\"@type\":\"ImageObject\",\"@id\":\"https:\/\/mayogiardelli.com.ar\/de\/index.php\/ueber-uns\/#primaryimage\",\"inLanguage\":\"de-CH\",\"url\":\"https:\/\/mayogiardelli.com.ar\/de\/wp-content\/uploads\/2021\/04\/Estudio-22.jpg\",\"contentUrl\":\"https:\/\/mayogiardelli.com.ar\/de\/wp-content\/uploads\/2021\/04\/Estudio-22.jpg\",\"width\":600,\"height\":334},{\"@type\":\"WebPage\",\"@id\":\"https:\/\/mayogiardelli.com.ar\/de\/index.php\/ueber-uns\/#webpage\",\"url\":\"https:\/\/mayogiardelli.com.ar\/de\/index.php\/ueber-uns\/\",\"name\":\"\\u00dcber uns - Mayo&amp;Giardelli\",\"isPartOf\":{\"@id\":\"https:\/\/mayogiardelli.com.ar\/de\/#website\"},\"primaryImageOfPage\":{\"@id\":\"https:\/\/mayogiardelli.com.ar\/de\/index.php\/ueber-uns\/#primaryimage\"},\"datePublished\":\"2021-04-21T17:36:23+00:00\",\"dateModified\":\"2021-05-04T21:55:39+00:00\",\"breadcrumb\":{\"@id\":\"https:\/\/mayogiardelli.com.ar\/de\/index.php\/ueber-uns\/#breadcrumb\"},\"inLanguage\":\"de-CH\",\"potentialAction\":[{\"@type\":\"ReadAction\",\"target\":[\"https:\/\/mayogiardelli.com.ar\/de\/index.php\/ueber-uns\/\"]}]},{\"@type\":\"BreadcrumbList\",\"@id\":\"https:\/\/mayogiardelli.com.ar\/de\/index.php\/ueber-uns\/#breadcrumb\",\"itemListElement\":[{\"@type\":\"ListItem\",\"position\":1,\"item\":{\"@type\":\"WebPage\",\"@id\":\"https:\/\/mayogiardelli.com.ar\/de\/\",\"url\":\"https:\/\/mayogiardelli.com.ar\/de\/\",\"name\":\"Home\"}},{\"@type\":\"ListItem\",\"position\":2,\"item\":{\"@type\":\"WebPage\",\"@id\":\"https:\/\/mayogiardelli.com.ar\/de\/index.php\/ueber-uns\/\",\"url\":\"https:\/\/mayogiardelli.com.ar\/de\/index.php\/ueber-uns\/\",\"name\":\"\\u00dcber uns\"}}]}]}<\/script>\n<!-- \/ Yoast SEO plugin. -->","_links":{"self":[{"href":"https:\/\/mayogiardelli.com.ar\/de\/index.php\/wp-json\/wp\/v2\/pages\/58","targetHints":{"allow":["GET"]}}],"collection":[{"href":"https:\/\/mayogiardelli.com.ar\/de\/index.php\/wp-json\/wp\/v2\/pages"}],"about":[{"href":"https:\/\/mayogiardelli.com.ar\/de\/index.php\/wp-json\/wp\/v2\/types\/page"}],"author":[{"embeddable":true,"href":"https:\/\/mayogiardelli.com.ar\/de\/index.php\/wp-json\/wp\/v2\/users\/1"}],"replies":[{"embeddable":true,"href":"https:\/\/mayogiardelli.com.ar\/de\/index.php\/wp-json\/wp\/v2\/comments?post=58"}],"version-history":[{"count":3,"href":"https:\/\/mayogiardelli.com.ar\/de\/index.php\/wp-json\/wp\/v2\/pages\/58\/revisions"}],"predecessor-version":[{"id":184,"href":"https:\/\/mayogiardelli.com.ar\/de\/index.php\/wp-json\/wp\/v2\/pages\/58\/revisions\/184"}],"wp:attachment":[{"href":"https:\/\/mayogiardelli.com.ar\/de\/index.php\/wp-json\/wp\/v2\/media?parent=58"}],"curies":[{"name":"wp","href":"https:\/\/api.w.org\/{rel}","templated":true}]}}