{"id":22,"date":"2021-04-20T17:30:06","date_gmt":"2021-04-20T17:30:06","guid":{"rendered":"https:\/\/mayogiardelli.com.ar\/de\/?page_id=22"},"modified":"2021-04-21T22:26:32","modified_gmt":"2021-04-21T22:26:32","slug":"arbeitsgebiete","status":"publish","type":"page","link":"https:\/\/mayogiardelli.com.ar\/de\/index.php\/arbeitsgebiete\/","title":{"rendered":"Arbeitsgebiete"},"content":{"rendered":"\t\t<div data-elementor-type=\"wp-page\" data-elementor-id=\"22\" class=\"elementor elementor-22\" data-elementor-settings=\"[]\">\n\t\t\t\t\t\t\t<div class=\"elementor-section-wrap\">\n\t\t\t\t\t\t\t<section class=\"elementor-section elementor-top-section elementor-element elementor-element-7a1bab4 elementor-section-boxed elementor-section-height-default elementor-section-height-default\" data-id=\"7a1bab4\" data-element_type=\"section\">\n\t\t\t\t\t\t<div class=\"elementor-container elementor-column-gap-default\">\n\t\t\t\t\t<div class=\"elementor-column elementor-col-100 elementor-top-column elementor-element elementor-element-87784c2\" data-id=\"87784c2\" data-element_type=\"column\">\n\t\t\t<div class=\"elementor-widget-wrap elementor-element-populated\">\n\t\t\t\t\t\t\t\t<div class=\"elementor-element elementor-element-b86d14e elementor-widget elementor-widget-spacer\" data-id=\"b86d14e\" data-element_type=\"widget\" data-widget_type=\"spacer.default\">\n\t\t\t\t<div class=\"elementor-widget-container\">\n\t\t\t\t\t<div class=\"elementor-spacer\">\n\t\t\t<div class=\"elementor-spacer-inner\"><\/div>\n\t\t<\/div>\n\t\t\t\t<\/div>\n\t\t\t\t<\/div>\n\t\t\t\t<div class=\"elementor-element elementor-element-0cd2eb7 elementor-widget elementor-widget-heading\" data-id=\"0cd2eb7\" data-element_type=\"widget\" data-widget_type=\"heading.default\">\n\t\t\t\t<div class=\"elementor-widget-container\">\n\t\t\t<h2 class=\"elementor-heading-title elementor-size-default\">Arbeitsgebiete<\/h2>\t\t<\/div>\n\t\t\t\t<\/div>\n\t\t\t\t<div class=\"elementor-element elementor-element-7db2c0b elementor-widget elementor-widget-spacer\" data-id=\"7db2c0b\" data-element_type=\"widget\" data-widget_type=\"spacer.default\">\n\t\t\t\t<div class=\"elementor-widget-container\">\n\t\t\t\t\t<div class=\"elementor-spacer\">\n\t\t\t<div class=\"elementor-spacer-inner\"><\/div>\n\t\t<\/div>\n\t\t\t\t<\/div>\n\t\t\t\t<\/div>\n\t\t\t\t\t<\/div>\n\t\t<\/div>\n\t\t\t\t\t\t\t<\/div>\n\t\t<\/section>\n\t\t\t\t<section class=\"elementor-section elementor-top-section elementor-element elementor-element-1ea5e08 elementor-section-boxed elementor-section-height-default elementor-section-height-default\" data-id=\"1ea5e08\" data-element_type=\"section\">\n\t\t\t\t\t\t<div class=\"elementor-container elementor-column-gap-default\">\n\t\t\t\t\t<div class=\"elementor-column elementor-col-33 elementor-top-column elementor-element elementor-element-3ba580c\" data-id=\"3ba580c\" data-element_type=\"column\">\n\t\t\t<div class=\"elementor-widget-wrap elementor-element-populated\">\n\t\t\t\t\t\t\t\t<div class=\"elementor-element elementor-element-0b10b29 elementor-widget elementor-widget-image\" data-id=\"0b10b29\" data-element_type=\"widget\" data-widget_type=\"image.default\">\n\t\t\t\t<div class=\"elementor-widget-container\">\n\t\t\t\t\t<div class=\"elementor-image\">\n\t\t\t\t\t\t\t\t\t\t<img decoding=\"async\" width=\"600\" height=\"456\" src=\"https:\/\/mayogiardelli.com.ar\/de\/wp-content\/uploads\/2021\/04\/Estudio-8.jpg\" class=\"attachment-large size-large\" alt=\"\" srcset=\"https:\/\/mayogiardelli.com.ar\/de\/wp-content\/uploads\/2021\/04\/Estudio-8.jpg 600w, https:\/\/mayogiardelli.com.ar\/de\/wp-content\/uploads\/2021\/04\/Estudio-8-300x228.jpg 300w\" sizes=\"(max-width: 600px) 100vw, 600px\" \/>\t\t\t\t\t\t\t\t\t\t\t<\/div>\n\t\t\t\t<\/div>\n\t\t\t\t<\/div>\n\t\t\t\t<div class=\"elementor-element elementor-element-da49fb5 elementor-widget elementor-widget-heading\" data-id=\"da49fb5\" data-element_type=\"widget\" data-widget_type=\"heading.default\">\n\t\t\t\t<div class=\"elementor-widget-container\">\n\t\t\t<h3 class=\"elementor-heading-title elementor-size-default\">Unternehmensrecht<\/h3>\t\t<\/div>\n\t\t\t\t<\/div>\n\t\t\t\t<div class=\"elementor-element elementor-element-e0364db elementor-widget elementor-widget-text-editor\" data-id=\"e0364db\" data-element_type=\"widget\" data-widget_type=\"text-editor.default\">\n\t\t\t\t<div class=\"elementor-widget-container\">\n\t\t\t\t\t<div class=\"elementor-text-editor elementor-clearfix\"><p>Die Kanzleiberatung schlie\u00dft alle Teile der Unternehmensaktivit\u00e4t mit ein: Unternehmensorganisation; Vertr\u00e4ge, die das Unternehmen mit anderen Firmen und Zulieferanten schlie\u00dft; Personalangelegenheiten wie Vorbeugung und Konfliktl\u00f6sung der einzelnen Angestellten oder Genossenschaften; Abkommen zwischen Firmen; der Verkauf, die Abtretung oder die Teilung des Unternehmens, etc. Absolut alles, was einer Firma<br \/>interessiert.<\/p><\/div>\n\t\t\t\t<\/div>\n\t\t\t\t<\/div>\n\t\t\t\t\t<\/div>\n\t\t<\/div>\n\t\t\t\t<div class=\"elementor-column elementor-col-33 elementor-top-column elementor-element elementor-element-712a6bb\" data-id=\"712a6bb\" data-element_type=\"column\">\n\t\t\t<div class=\"elementor-widget-wrap elementor-element-populated\">\n\t\t\t\t\t\t\t\t<div class=\"elementor-element elementor-element-f05ad94 elementor-widget elementor-widget-image\" data-id=\"f05ad94\" data-element_type=\"widget\" data-widget_type=\"image.default\">\n\t\t\t\t<div class=\"elementor-widget-container\">\n\t\t\t\t\t<div class=\"elementor-image\">\n\t\t\t\t\t\t\t\t\t\t<img decoding=\"async\" width=\"1024\" height=\"724\" src=\"https:\/\/mayogiardelli.com.ar\/de\/wp-content\/uploads\/2021\/04\/Portfolio-21.jpg\" class=\"attachment-large size-large\" alt=\"\" srcset=\"https:\/\/mayogiardelli.com.ar\/de\/wp-content\/uploads\/2021\/04\/Portfolio-21.jpg 1024w, https:\/\/mayogiardelli.com.ar\/de\/wp-content\/uploads\/2021\/04\/Portfolio-21-300x212.jpg 300w, https:\/\/mayogiardelli.com.ar\/de\/wp-content\/uploads\/2021\/04\/Portfolio-21-768x543.jpg 768w\" sizes=\"(max-width: 1024px) 100vw, 1024px\" \/>\t\t\t\t\t\t\t\t\t\t\t<\/div>\n\t\t\t\t<\/div>\n\t\t\t\t<\/div>\n\t\t\t\t<div class=\"elementor-element elementor-element-63e5f7f elementor-widget elementor-widget-heading\" data-id=\"63e5f7f\" data-element_type=\"widget\" data-widget_type=\"heading.default\">\n\t\t\t\t<div class=\"elementor-widget-container\">\n\t\t\t<h3 class=\"elementor-heading-title elementor-size-default\">Gesellschaftsrecht und Treuhand<\/h3>\t\t<\/div>\n\t\t\t\t<\/div>\n\t\t\t\t<div class=\"elementor-element elementor-element-06e27d9 elementor-widget elementor-widget-text-editor\" data-id=\"06e27d9\" data-element_type=\"widget\" data-widget_type=\"text-editor.default\">\n\t\t\t\t<div class=\"elementor-widget-container\">\n\t\t\t\t\t<div class=\"elementor-text-editor elementor-clearfix\"><p>Die Kanzlei ist bekannt f\u00fcr ihre Kenntnisse und Erfahrung bei Neustrukturierungen, Gesellschaftsvertr\u00e4gen, Konfliktl\u00f6sung und beim Schutz der Interessen von Mehrheits- oder<br \/>Minderheitsaktion\u00e4ren, sowie bei der T\u00e4tigkeit im Rahmen von Treuhandverwaltungen.<\/p><\/div>\n\t\t\t\t<\/div>\n\t\t\t\t<\/div>\n\t\t\t\t\t<\/div>\n\t\t<\/div>\n\t\t\t\t<div class=\"elementor-column elementor-col-33 elementor-top-column elementor-element elementor-element-6cc2b23\" data-id=\"6cc2b23\" data-element_type=\"column\">\n\t\t\t<div class=\"elementor-widget-wrap elementor-element-populated\">\n\t\t\t\t\t\t\t\t<div class=\"elementor-element elementor-element-7839b05 elementor-widget elementor-widget-image\" data-id=\"7839b05\" data-element_type=\"widget\" data-widget_type=\"image.default\">\n\t\t\t\t<div class=\"elementor-widget-container\">\n\t\t\t\t\t<div class=\"elementor-image\">\n\t\t\t\t\t\t\t\t\t\t<img decoding=\"async\" width=\"600\" height=\"456\" src=\"https:\/\/mayogiardelli.com.ar\/de\/wp-content\/uploads\/2021\/04\/Portfolio-1-1.jpg\" class=\"attachment-large size-large\" alt=\"\" srcset=\"https:\/\/mayogiardelli.com.ar\/de\/wp-content\/uploads\/2021\/04\/Portfolio-1-1.jpg 600w, https:\/\/mayogiardelli.com.ar\/de\/wp-content\/uploads\/2021\/04\/Portfolio-1-1-300x228.jpg 300w\" sizes=\"(max-width: 600px) 100vw, 600px\" \/>\t\t\t\t\t\t\t\t\t\t\t<\/div>\n\t\t\t\t<\/div>\n\t\t\t\t<\/div>\n\t\t\t\t<div class=\"elementor-element elementor-element-9be77ed elementor-widget elementor-widget-heading\" data-id=\"9be77ed\" data-element_type=\"widget\" data-widget_type=\"heading.default\">\n\t\t\t\t<div class=\"elementor-widget-container\">\n\t\t\t<h3 class=\"elementor-heading-title elementor-size-default\">Unternehmenszusammenschl\u00fcsse<\/h3>\t\t<\/div>\n\t\t\t\t<\/div>\n\t\t\t\t<div class=\"elementor-element elementor-element-7fab76e elementor-widget elementor-widget-text-editor\" data-id=\"7fab76e\" data-element_type=\"widget\" data-widget_type=\"text-editor.default\">\n\t\t\t\t<div class=\"elementor-widget-container\">\n\t\t\t\t\t<div class=\"elementor-text-editor elementor-clearfix\"><p>Die Kanzlei und ihre Rechtsanw\u00e4lte haben argentinische und ausl\u00e4ndische Investmentfonds<br>und Unternehmer beim Verkauf und Zusammenschl\u00fcssen von bedeutenden Unternehmen<br>berahten.<\/p><\/div>\n\t\t\t\t<\/div>\n\t\t\t\t<\/div>\n\t\t\t\t\t<\/div>\n\t\t<\/div>\n\t\t\t\t\t\t\t<\/div>\n\t\t<\/section>\n\t\t\t\t<section class=\"elementor-section elementor-top-section elementor-element elementor-element-1950cdf elementor-section-boxed elementor-section-height-default elementor-section-height-default\" data-id=\"1950cdf\" data-element_type=\"section\">\n\t\t\t\t\t\t<div class=\"elementor-container elementor-column-gap-default\">\n\t\t\t\t\t<div class=\"elementor-column elementor-col-33 elementor-top-column elementor-element elementor-element-2efcbf7\" data-id=\"2efcbf7\" data-element_type=\"column\">\n\t\t\t<div class=\"elementor-widget-wrap elementor-element-populated\">\n\t\t\t\t\t\t\t\t<div class=\"elementor-element elementor-element-19e6a24 elementor-widget elementor-widget-image\" data-id=\"19e6a24\" data-element_type=\"widget\" data-widget_type=\"image.default\">\n\t\t\t\t<div class=\"elementor-widget-container\">\n\t\t\t\t\t<div class=\"elementor-image\">\n\t\t\t\t\t\t\t\t\t\t<img decoding=\"async\" width=\"600\" height=\"455\" src=\"https:\/\/mayogiardelli.com.ar\/de\/wp-content\/uploads\/2021\/04\/inversionextranjera.jpg\" class=\"attachment-large size-large\" alt=\"\" srcset=\"https:\/\/mayogiardelli.com.ar\/de\/wp-content\/uploads\/2021\/04\/inversionextranjera.jpg 600w, https:\/\/mayogiardelli.com.ar\/de\/wp-content\/uploads\/2021\/04\/inversionextranjera-300x228.jpg 300w\" sizes=\"(max-width: 600px) 100vw, 600px\" \/>\t\t\t\t\t\t\t\t\t\t\t<\/div>\n\t\t\t\t<\/div>\n\t\t\t\t<\/div>\n\t\t\t\t<div class=\"elementor-element elementor-element-2b6a65c elementor-widget elementor-widget-heading\" data-id=\"2b6a65c\" data-element_type=\"widget\" data-widget_type=\"heading.default\">\n\t\t\t\t<div class=\"elementor-widget-container\">\n\t\t\t<h3 class=\"elementor-heading-title elementor-size-default\">Auslandsinvestitionen<\/h3>\t\t<\/div>\n\t\t\t\t<\/div>\n\t\t\t\t<div class=\"elementor-element elementor-element-71adfae elementor-widget elementor-widget-text-editor\" data-id=\"71adfae\" data-element_type=\"widget\" data-widget_type=\"text-editor.default\">\n\t\t\t\t<div class=\"elementor-widget-container\">\n\t\t\t\t\t<div class=\"elementor-text-editor elementor-clearfix\"><p>Die Kanzlei betreut auch Mandanten aus L\u00e4ndern wie den USA, Deutschland, Belgien, Frankreich, Norwegen, Ungarn, Schweiz, Singapur, Brasilien und Chile, bei ihren Investitionen in Argentinien, sei es\u00a0 betriebswirtschaftlich oder privat.<\/p><\/div>\n\t\t\t\t<\/div>\n\t\t\t\t<\/div>\n\t\t\t\t\t<\/div>\n\t\t<\/div>\n\t\t\t\t<div class=\"elementor-column elementor-col-33 elementor-top-column elementor-element elementor-element-610fe4e\" data-id=\"610fe4e\" data-element_type=\"column\">\n\t\t\t<div class=\"elementor-widget-wrap elementor-element-populated\">\n\t\t\t\t\t\t\t\t<div class=\"elementor-element elementor-element-40ca3be elementor-widget elementor-widget-image\" data-id=\"40ca3be\" data-element_type=\"widget\" data-widget_type=\"image.default\">\n\t\t\t\t<div class=\"elementor-widget-container\">\n\t\t\t\t\t<div class=\"elementor-image\">\n\t\t\t\t\t\t\t\t\t\t<img decoding=\"async\" width=\"600\" height=\"454\" src=\"https:\/\/mayogiardelli.com.ar\/de\/wp-content\/uploads\/2021\/04\/LIBROS.jpg\" class=\"attachment-large size-large\" alt=\"\" srcset=\"https:\/\/mayogiardelli.com.ar\/de\/wp-content\/uploads\/2021\/04\/LIBROS.jpg 600w, https:\/\/mayogiardelli.com.ar\/de\/wp-content\/uploads\/2021\/04\/LIBROS-300x227.jpg 300w\" sizes=\"(max-width: 600px) 100vw, 600px\" \/>\t\t\t\t\t\t\t\t\t\t\t<\/div>\n\t\t\t\t<\/div>\n\t\t\t\t<\/div>\n\t\t\t\t<div class=\"elementor-element elementor-element-6f78554 elementor-widget elementor-widget-heading\" data-id=\"6f78554\" data-element_type=\"widget\" data-widget_type=\"heading.default\">\n\t\t\t\t<div class=\"elementor-widget-container\">\n\t\t\t<h3 class=\"elementor-heading-title elementor-size-default\">Zivil und Handelsrecht<\/h3>\t\t<\/div>\n\t\t\t\t<\/div>\n\t\t\t\t<div class=\"elementor-element elementor-element-204ee28 elementor-widget elementor-widget-text-editor\" data-id=\"204ee28\" data-element_type=\"widget\" data-widget_type=\"text-editor.default\">\n\t\t\t\t<div class=\"elementor-widget-container\">\n\t\t\t\t\t<div class=\"elementor-text-editor elementor-clearfix\"><p>Wir wirken auch beratend in den verschiedenen Gebieten des Zivil und Handelsrechts, inklusive bei der Vorbereitung der Vertr\u00e4ge, Gew\u00e4hrleistungsrecht oder bei der Wahrnehmung der Rechte der Mandanten<br \/>bei Sachsch\u00e4den oder in Erbschaftsangelegenheiten. Dabei versuchen wir immer das Verfahren zu vereinfachen und die Kosten niedrig zu halten. Wir \u00fcben auch das Familienrecht in eine humanistische Art und Weise aus, und greifen in Situationen ein, die sich durch vertraglichen oder au\u00dfervertraglichen Verantwortlickeiten ergeben.<\/p><\/div>\n\t\t\t\t<\/div>\n\t\t\t\t<\/div>\n\t\t\t\t\t<\/div>\n\t\t<\/div>\n\t\t\t\t<div class=\"elementor-column elementor-col-33 elementor-top-column elementor-element elementor-element-4ee848c\" data-id=\"4ee848c\" data-element_type=\"column\">\n\t\t\t<div class=\"elementor-widget-wrap elementor-element-populated\">\n\t\t\t\t\t\t\t\t<div class=\"elementor-element elementor-element-0e4db93 elementor-widget elementor-widget-image\" data-id=\"0e4db93\" data-element_type=\"widget\" data-widget_type=\"image.default\">\n\t\t\t\t<div class=\"elementor-widget-container\">\n\t\t\t\t\t<div class=\"elementor-image\">\n\t\t\t\t\t\t\t\t\t\t<img decoding=\"async\" width=\"600\" height=\"454\" src=\"https:\/\/mayogiardelli.com.ar\/de\/wp-content\/uploads\/2021\/04\/Portfolio-31.jpg\" class=\"attachment-large size-large\" alt=\"\" srcset=\"https:\/\/mayogiardelli.com.ar\/de\/wp-content\/uploads\/2021\/04\/Portfolio-31.jpg 600w, https:\/\/mayogiardelli.com.ar\/de\/wp-content\/uploads\/2021\/04\/Portfolio-31-300x227.jpg 300w\" sizes=\"(max-width: 600px) 100vw, 600px\" \/>\t\t\t\t\t\t\t\t\t\t\t<\/div>\n\t\t\t\t<\/div>\n\t\t\t\t<\/div>\n\t\t\t\t<div class=\"elementor-element elementor-element-5fa3dfe elementor-widget elementor-widget-heading\" data-id=\"5fa3dfe\" data-element_type=\"widget\" data-widget_type=\"heading.default\">\n\t\t\t\t<div class=\"elementor-widget-container\">\n\t\t\t<h3 class=\"elementor-heading-title elementor-size-default\">Arbeitsrecht<\/h3>\t\t<\/div>\n\t\t\t\t<\/div>\n\t\t\t\t<div class=\"elementor-element elementor-element-b09ce53 elementor-widget elementor-widget-text-editor\" data-id=\"b09ce53\" data-element_type=\"widget\" data-widget_type=\"text-editor.default\">\n\t\t\t\t<div class=\"elementor-widget-container\">\n\t\t\t\t\t<div class=\"elementor-text-editor elementor-clearfix\"><p>Wir vertreten Unternehmen vor dem Arbeitsministerium, vor Arbeitsvermittlern und vor dem Arbeitsgericht. Wir beraten Spitzenunternehmen im Individual- oder Kollektivarbeitsrecht und helfen ihnen Konflikte zu vermeiden.<\/p><\/div>\n\t\t\t\t<\/div>\n\t\t\t\t<\/div>\n\t\t\t\t\t<\/div>\n\t\t<\/div>\n\t\t\t\t\t\t\t<\/div>\n\t\t<\/section>\n\t\t\t\t<section class=\"elementor-section elementor-top-section elementor-element elementor-element-5e96e59 elementor-section-boxed elementor-section-height-default elementor-section-height-default\" data-id=\"5e96e59\" data-element_type=\"section\">\n\t\t\t\t\t\t<div class=\"elementor-container elementor-column-gap-default\">\n\t\t\t\t\t<div class=\"elementor-column elementor-col-33 elementor-top-column elementor-element elementor-element-d72ea3e\" data-id=\"d72ea3e\" data-element_type=\"column\">\n\t\t\t<div class=\"elementor-widget-wrap\">\n\t\t\t\t\t\t\t\t\t<\/div>\n\t\t<\/div>\n\t\t\t\t<div class=\"elementor-column elementor-col-33 elementor-top-column elementor-element elementor-element-50f2564\" data-id=\"50f2564\" data-element_type=\"column\">\n\t\t\t<div class=\"elementor-widget-wrap elementor-element-populated\">\n\t\t\t\t\t\t\t\t<div class=\"elementor-element elementor-element-a698619 elementor-widget elementor-widget-image\" data-id=\"a698619\" data-element_type=\"widget\" data-widget_type=\"image.default\">\n\t\t\t\t<div class=\"elementor-widget-container\">\n\t\t\t\t\t<div class=\"elementor-image\">\n\t\t\t\t\t\t\t\t\t\t<img decoding=\"async\" width=\"1024\" height=\"724\" src=\"https:\/\/mayogiardelli.com.ar\/de\/wp-content\/uploads\/2021\/04\/Portfolio-4.jpg\" class=\"attachment-large size-large\" alt=\"\" srcset=\"https:\/\/mayogiardelli.com.ar\/de\/wp-content\/uploads\/2021\/04\/Portfolio-4.jpg 1024w, https:\/\/mayogiardelli.com.ar\/de\/wp-content\/uploads\/2021\/04\/Portfolio-4-300x212.jpg 300w, https:\/\/mayogiardelli.com.ar\/de\/wp-content\/uploads\/2021\/04\/Portfolio-4-768x543.jpg 768w\" sizes=\"(max-width: 1024px) 100vw, 1024px\" \/>\t\t\t\t\t\t\t\t\t\t\t<\/div>\n\t\t\t\t<\/div>\n\t\t\t\t<\/div>\n\t\t\t\t<div class=\"elementor-element elementor-element-f4bb49a elementor-widget elementor-widget-heading\" data-id=\"f4bb49a\" data-element_type=\"widget\" data-widget_type=\"heading.default\">\n\t\t\t\t<div class=\"elementor-widget-container\">\n\t\t\t<h3 class=\"elementor-heading-title elementor-size-default\">Verhandlungen, Prozesse und Schlichtungen<\/h3>\t\t<\/div>\n\t\t\t\t<\/div>\n\t\t\t\t<div class=\"elementor-element elementor-element-74baf1c elementor-widget elementor-widget-text-editor\" data-id=\"74baf1c\" data-element_type=\"widget\" data-widget_type=\"text-editor.default\">\n\t\t\t\t<div class=\"elementor-widget-container\">\n\t\t\t\t\t<div class=\"elementor-text-editor elementor-clearfix\"><p>Die Kanzlei hat sich auf komplexen Verhandlungen mit oder ohne Mediation spezialisiert und hat -dank sehr vieler F\u00e4lle- ein gro\u00dfes Ma\u00df an Erfahrung bei Rechtsstreitigkeiten oder Prozessen. Sie wird seit Jahrzehnten in Rechtsstreitigkeiten und in der Schiedsgerichtbarkeit t\u00e4tig, und zwar sowohl lokal als auch international.<\/p><\/div>\n\t\t\t\t<\/div>\n\t\t\t\t<\/div>\n\t\t\t\t\t<\/div>\n\t\t<\/div>\n\t\t\t\t<div class=\"elementor-column elementor-col-33 elementor-top-column elementor-element elementor-element-7a0be1a\" data-id=\"7a0be1a\" data-element_type=\"column\">\n\t\t\t<div class=\"elementor-widget-wrap\">\n\t\t\t\t\t\t\t\t\t<\/div>\n\t\t<\/div>\n\t\t\t\t\t\t\t<\/div>\n\t\t<\/section>\n\t\t\t\t\t\t<\/div>\n\t\t\t\t\t<\/div>\n\t\t","protected":false},"excerpt":{"rendered":"<p>Arbeitsgebiete Unternehmensrecht Die Kanzleiberatung schlie\u00dft alle Teile der Unternehmensaktivit\u00e4t mit ein: Unternehmensorganisation; Vertr\u00e4ge, die das Unternehmen mit anderen Firmen und Zulieferanten schlie\u00dft; Personalangelegenheiten wie Vorbeugung und Konfliktl\u00f6sung der einzelnen Angestellten oder Genossenschaften; Abkommen zwischen Firmen; der Verkauf, die Abtretung oder die Teilung des Unternehmens, etc. Absolut alles, was einer Firmainteressiert. Gesellschaftsrecht und Treuhand Die Kanzlei &hellip;<\/p>\n<p class=\"read-more\"> <a class=\"\" href=\"https:\/\/mayogiardelli.com.ar\/de\/index.php\/arbeitsgebiete\/\"> <span class=\"screen-reader-text\">Arbeitsgebiete<\/span> Read More &raquo;<\/a><\/p>\n","protected":false},"author":1,"featured_media":0,"parent":0,"menu_order":0,"comment_status":"closed","ping_status":"closed","template":"","meta":{"footnotes":""},"class_list":["post-22","page","type-page","status-publish","hentry"],"yoast_head":"<!-- This site is optimized with the Yoast SEO plugin v16.1.1 - https:\/\/yoast.com\/wordpress\/plugins\/seo\/ -->\n<title>Arbeitsgebiete - Mayo&amp;Giardelli<\/title>\n<link rel=\"canonical\" href=\"https:\/\/mayogiardelli.com.ar\/de\/index.php\/arbeitsgebiete\/\" \/>\n<meta property=\"og:locale\" content=\"de_DE\" \/>\n<meta property=\"og:type\" content=\"article\" \/>\n<meta property=\"og:title\" content=\"Arbeitsgebiete - Mayo&amp;Giardelli\" \/>\n<meta property=\"og:description\" content=\"Arbeitsgebiete Unternehmensrecht Die Kanzleiberatung schlie\u00dft alle Teile der Unternehmensaktivit\u00e4t mit ein: Unternehmensorganisation; Vertr\u00e4ge, die das Unternehmen mit anderen Firmen und Zulieferanten schlie\u00dft; Personalangelegenheiten wie Vorbeugung und Konfliktl\u00f6sung der einzelnen Angestellten oder Genossenschaften; Abkommen zwischen Firmen; der Verkauf, die Abtretung oder die Teilung des Unternehmens, etc. Absolut alles, was einer Firmainteressiert. Gesellschaftsrecht und Treuhand Die Kanzlei &hellip; Arbeitsgebiete Read More &raquo;\" \/>\n<meta property=\"og:url\" content=\"https:\/\/mayogiardelli.com.ar\/de\/index.php\/arbeitsgebiete\/\" \/>\n<meta property=\"og:site_name\" content=\"Mayo&amp;Giardelli\" \/>\n<meta property=\"article:modified_time\" content=\"2021-04-21T22:26:32+00:00\" \/>\n<meta property=\"og:image\" content=\"https:\/\/mayogiardelli.com.ar\/de\/wp-content\/uploads\/2021\/04\/Estudio-8.jpg\" \/>\n<meta name=\"twitter:card\" content=\"summary_large_image\" \/>\n<meta name=\"twitter:label1\" content=\"Est. reading time\">\n\t<meta name=\"twitter:data1\" content=\"3\u00a0Minuten\">\n<script type=\"application\/ld+json\" class=\"yoast-schema-graph\">{\"@context\":\"https:\/\/schema.org\",\"@graph\":[{\"@type\":\"WebSite\",\"@id\":\"https:\/\/mayogiardelli.com.ar\/de\/#website\",\"url\":\"https:\/\/mayogiardelli.com.ar\/de\/\",\"name\":\"Mayo&amp;Giardelli\",\"description\":\"Just another WordPress site\",\"potentialAction\":[{\"@type\":\"SearchAction\",\"target\":\"https:\/\/mayogiardelli.com.ar\/de\/?s={search_term_string}\",\"query-input\":\"required name=search_term_string\"}],\"inLanguage\":\"de-CH\"},{\"@type\":\"ImageObject\",\"@id\":\"https:\/\/mayogiardelli.com.ar\/de\/index.php\/arbeitsgebiete\/#primaryimage\",\"inLanguage\":\"de-CH\",\"url\":\"https:\/\/mayogiardelli.com.ar\/de\/wp-content\/uploads\/2021\/04\/Estudio-8.jpg\",\"contentUrl\":\"https:\/\/mayogiardelli.com.ar\/de\/wp-content\/uploads\/2021\/04\/Estudio-8.jpg\",\"width\":600,\"height\":456},{\"@type\":\"WebPage\",\"@id\":\"https:\/\/mayogiardelli.com.ar\/de\/index.php\/arbeitsgebiete\/#webpage\",\"url\":\"https:\/\/mayogiardelli.com.ar\/de\/index.php\/arbeitsgebiete\/\",\"name\":\"Arbeitsgebiete - Mayo&amp;Giardelli\",\"isPartOf\":{\"@id\":\"https:\/\/mayogiardelli.com.ar\/de\/#website\"},\"primaryImageOfPage\":{\"@id\":\"https:\/\/mayogiardelli.com.ar\/de\/index.php\/arbeitsgebiete\/#primaryimage\"},\"datePublished\":\"2021-04-20T17:30:06+00:00\",\"dateModified\":\"2021-04-21T22:26:32+00:00\",\"breadcrumb\":{\"@id\":\"https:\/\/mayogiardelli.com.ar\/de\/index.php\/arbeitsgebiete\/#breadcrumb\"},\"inLanguage\":\"de-CH\",\"potentialAction\":[{\"@type\":\"ReadAction\",\"target\":[\"https:\/\/mayogiardelli.com.ar\/de\/index.php\/arbeitsgebiete\/\"]}]},{\"@type\":\"BreadcrumbList\",\"@id\":\"https:\/\/mayogiardelli.com.ar\/de\/index.php\/arbeitsgebiete\/#breadcrumb\",\"itemListElement\":[{\"@type\":\"ListItem\",\"position\":1,\"item\":{\"@type\":\"WebPage\",\"@id\":\"https:\/\/mayogiardelli.com.ar\/de\/\",\"url\":\"https:\/\/mayogiardelli.com.ar\/de\/\",\"name\":\"Home\"}},{\"@type\":\"ListItem\",\"position\":2,\"item\":{\"@type\":\"WebPage\",\"@id\":\"https:\/\/mayogiardelli.com.ar\/de\/index.php\/arbeitsgebiete\/\",\"url\":\"https:\/\/mayogiardelli.com.ar\/de\/index.php\/arbeitsgebiete\/\",\"name\":\"Arbeitsgebiete\"}}]}]}<\/script>\n<!-- \/ Yoast SEO plugin. -->","_links":{"self":[{"href":"https:\/\/mayogiardelli.com.ar\/de\/index.php\/wp-json\/wp\/v2\/pages\/22","targetHints":{"allow":["GET"]}}],"collection":[{"href":"https:\/\/mayogiardelli.com.ar\/de\/index.php\/wp-json\/wp\/v2\/pages"}],"about":[{"href":"https:\/\/mayogiardelli.com.ar\/de\/index.php\/wp-json\/wp\/v2\/types\/page"}],"author":[{"embeddable":true,"href":"https:\/\/mayogiardelli.com.ar\/de\/index.php\/wp-json\/wp\/v2\/users\/1"}],"replies":[{"embeddable":true,"href":"https:\/\/mayogiardelli.com.ar\/de\/index.php\/wp-json\/wp\/v2\/comments?post=22"}],"version-history":[{"count":0,"href":"https:\/\/mayogiardelli.com.ar\/de\/index.php\/wp-json\/wp\/v2\/pages\/22\/revisions"}],"wp:attachment":[{"href":"https:\/\/mayogiardelli.com.ar\/de\/index.php\/wp-json\/wp\/v2\/media?parent=22"}],"curies":[{"name":"wp","href":"https:\/\/api.w.org\/{rel}","templated":true}]}}