{"id":136,"date":"2021-04-21T22:56:18","date_gmt":"2021-04-21T22:56:18","guid":{"rendered":"https:\/\/mayogiardelli.com.ar\/de\/?page_id=136"},"modified":"2021-04-21T23:46:05","modified_gmt":"2021-04-21T23:46:05","slug":"osvaldo-giardelli","status":"publish","type":"page","link":"https:\/\/mayogiardelli.com.ar\/de\/index.php\/osvaldo-giardelli\/","title":{"rendered":"Osvaldo Giardelli"},"content":{"rendered":"\t\t<div data-elementor-type=\"wp-page\" data-elementor-id=\"136\" class=\"elementor elementor-136\" data-elementor-settings=\"[]\">\n\t\t\t\t\t\t\t<div class=\"elementor-section-wrap\">\n\t\t\t\t\t\t\t<section class=\"elementor-section elementor-top-section elementor-element elementor-element-14e47b6 elementor-section-boxed elementor-section-height-default elementor-section-height-default\" data-id=\"14e47b6\" data-element_type=\"section\">\n\t\t\t\t\t\t<div class=\"elementor-container elementor-column-gap-default\">\n\t\t\t\t\t<div class=\"elementor-column elementor-col-100 elementor-top-column elementor-element elementor-element-9c3df89\" data-id=\"9c3df89\" data-element_type=\"column\">\n\t\t\t<div class=\"elementor-widget-wrap elementor-element-populated\">\n\t\t\t\t\t\t\t\t<div class=\"elementor-element elementor-element-d91be6d elementor-widget elementor-widget-spacer\" data-id=\"d91be6d\" data-element_type=\"widget\" data-widget_type=\"spacer.default\">\n\t\t\t\t<div class=\"elementor-widget-container\">\n\t\t\t\t\t<div class=\"elementor-spacer\">\n\t\t\t<div class=\"elementor-spacer-inner\"><\/div>\n\t\t<\/div>\n\t\t\t\t<\/div>\n\t\t\t\t<\/div>\n\t\t\t\t<div class=\"elementor-element elementor-element-6bbaa82 elementor-widget elementor-widget-heading\" data-id=\"6bbaa82\" data-element_type=\"widget\" data-widget_type=\"heading.default\">\n\t\t\t\t<div class=\"elementor-widget-container\">\n\t\t\t<h2 class=\"elementor-heading-title elementor-size-default\">Osvaldo R. Giardelli<\/h2>\t\t<\/div>\n\t\t\t\t<\/div>\n\t\t\t\t<div class=\"elementor-element elementor-element-ca275e1 elementor-widget elementor-widget-spacer\" data-id=\"ca275e1\" data-element_type=\"widget\" data-widget_type=\"spacer.default\">\n\t\t\t\t<div class=\"elementor-widget-container\">\n\t\t\t\t\t<div class=\"elementor-spacer\">\n\t\t\t<div class=\"elementor-spacer-inner\"><\/div>\n\t\t<\/div>\n\t\t\t\t<\/div>\n\t\t\t\t<\/div>\n\t\t\t\t\t<\/div>\n\t\t<\/div>\n\t\t\t\t\t\t\t<\/div>\n\t\t<\/section>\n\t\t\t\t<section class=\"elementor-section elementor-top-section elementor-element elementor-element-47f536a elementor-section-boxed elementor-section-height-default elementor-section-height-default\" data-id=\"47f536a\" data-element_type=\"section\">\n\t\t\t\t\t\t<div class=\"elementor-container elementor-column-gap-default\">\n\t\t\t\t\t<div class=\"elementor-column elementor-col-50 elementor-top-column elementor-element elementor-element-ef81924\" data-id=\"ef81924\" data-element_type=\"column\">\n\t\t\t<div class=\"elementor-widget-wrap elementor-element-populated\">\n\t\t\t\t\t\t\t\t<div class=\"elementor-element elementor-element-9b36024 elementor-widget elementor-widget-image\" data-id=\"9b36024\" data-element_type=\"widget\" data-widget_type=\"image.default\">\n\t\t\t\t<div class=\"elementor-widget-container\">\n\t\t\t\t\t<div class=\"elementor-image\">\n\t\t\t\t\t\t\t\t\t\t<img decoding=\"async\" width=\"1024\" height=\"656\" src=\"https:\/\/mayogiardelli.com.ar\/de\/wp-content\/uploads\/2021\/04\/osvaldo-despacho.jpg\" class=\"attachment-large size-large\" alt=\"\" srcset=\"https:\/\/mayogiardelli.com.ar\/de\/wp-content\/uploads\/2021\/04\/osvaldo-despacho.jpg 1024w, https:\/\/mayogiardelli.com.ar\/de\/wp-content\/uploads\/2021\/04\/osvaldo-despacho-300x192.jpg 300w, https:\/\/mayogiardelli.com.ar\/de\/wp-content\/uploads\/2021\/04\/osvaldo-despacho-768x492.jpg 768w\" sizes=\"(max-width: 1024px) 100vw, 1024px\" \/>\t\t\t\t\t\t\t\t\t\t\t<\/div>\n\t\t\t\t<\/div>\n\t\t\t\t<\/div>\n\t\t\t\t\t<\/div>\n\t\t<\/div>\n\t\t\t\t<div class=\"elementor-column elementor-col-50 elementor-top-column elementor-element elementor-element-3f52d08\" data-id=\"3f52d08\" data-element_type=\"column\">\n\t\t\t<div class=\"elementor-widget-wrap elementor-element-populated\">\n\t\t\t\t\t\t\t\t<div class=\"elementor-element elementor-element-043c6cb elementor-widget elementor-widget-text-editor\" data-id=\"043c6cb\" data-element_type=\"widget\" data-widget_type=\"text-editor.default\">\n\t\t\t\t<div class=\"elementor-widget-container\">\n\t\t\t\t\t<div class=\"elementor-text-editor elementor-clearfix\"><div>\u00a0<\/div><div>Er absolvierte das Rechtsanwaltexamen an der Universit\u00e4t El Salvador in 1969, mit Ehrendiplom.<\/div><div>Er hat als Privatdozent f\u00fcr Zivilverfahren und Forensische Praxis an der Universit\u00e4t El Salvador gewirkt. Er kam 1970 in die Kanzlei. Seine Gebiete sind das Handels-, Zivil- und Arbeitsrecht, sowie die Prozessf\u00fchrung.<\/div><div>\u00a0<\/div><p>Er spricht neben seiner Muttersprache Spanisch, auch Englisch und Italienisch.<\/p><\/div>\n\t\t\t\t<\/div>\n\t\t\t\t<\/div>\n\t\t\t\t\t<\/div>\n\t\t<\/div>\n\t\t\t\t\t\t\t<\/div>\n\t\t<\/section>\n\t\t\t\t<section class=\"elementor-section elementor-top-section elementor-element elementor-element-9155f4f elementor-section-boxed elementor-section-height-default elementor-section-height-default\" data-id=\"9155f4f\" data-element_type=\"section\">\n\t\t\t\t\t\t<div class=\"elementor-container elementor-column-gap-default\">\n\t\t\t\t\t<div class=\"elementor-column elementor-col-100 elementor-top-column elementor-element elementor-element-6ca1592\" data-id=\"6ca1592\" data-element_type=\"column\">\n\t\t\t<div class=\"elementor-widget-wrap elementor-element-populated\">\n\t\t\t\t\t\t\t\t<div class=\"elementor-element elementor-element-55b204e elementor-widget elementor-widget-spacer\" data-id=\"55b204e\" data-element_type=\"widget\" data-widget_type=\"spacer.default\">\n\t\t\t\t<div class=\"elementor-widget-container\">\n\t\t\t\t\t<div class=\"elementor-spacer\">\n\t\t\t<div class=\"elementor-spacer-inner\"><\/div>\n\t\t<\/div>\n\t\t\t\t<\/div>\n\t\t\t\t<\/div>\n\t\t\t\t<div class=\"elementor-element elementor-element-7963961 elementor-widget elementor-widget-button\" data-id=\"7963961\" data-element_type=\"widget\" data-widget_type=\"button.default\">\n\t\t\t\t<div class=\"elementor-widget-container\">\n\t\t\t\t\t<div class=\"elementor-button-wrapper\">\n\t\t\t<a href=\"https:\/\/mayogiardelli.com.ar\/de\/index.php\/unsere-berater\/\" class=\"elementor-button-link elementor-button elementor-size-sm\" role=\"button\">\n\t\t\t\t\t\t<span class=\"elementor-button-content-wrapper\">\n\t\t\t\t\t\t<span class=\"elementor-button-icon elementor-align-icon-left\">\n\t\t\t\t<i aria-hidden=\"true\" class=\"fas fa-chevron-left\"><\/i>\t\t\t<\/span>\n\t\t\t\t\t\t<span class=\"elementor-button-text\">Wieder<\/span>\n\t\t<\/span>\n\t\t\t\t\t<\/a>\n\t\t<\/div>\n\t\t\t\t<\/div>\n\t\t\t\t<\/div>\n\t\t\t\t<div class=\"elementor-element elementor-element-35abd5f elementor-widget elementor-widget-spacer\" data-id=\"35abd5f\" data-element_type=\"widget\" data-widget_type=\"spacer.default\">\n\t\t\t\t<div class=\"elementor-widget-container\">\n\t\t\t\t\t<div class=\"elementor-spacer\">\n\t\t\t<div class=\"elementor-spacer-inner\"><\/div>\n\t\t<\/div>\n\t\t\t\t<\/div>\n\t\t\t\t<\/div>\n\t\t\t\t\t<\/div>\n\t\t<\/div>\n\t\t\t\t\t\t\t<\/div>\n\t\t<\/section>\n\t\t\t\t\t\t<\/div>\n\t\t\t\t\t<\/div>\n\t\t","protected":false},"excerpt":{"rendered":"<p>Osvaldo R. Giardelli \u00a0Er absolvierte das Rechtsanwaltexamen an der Universit\u00e4t El Salvador in 1969, mit Ehrendiplom.Er hat als Privatdozent f\u00fcr Zivilverfahren und Forensische Praxis an der Universit\u00e4t El Salvador gewirkt. Er kam 1970 in die Kanzlei. Seine Gebiete sind das Handels-, Zivil- und Arbeitsrecht, sowie die Prozessf\u00fchrung.\u00a0 Er spricht neben seiner Muttersprache Spanisch, auch Englisch &hellip;<\/p>\n<p class=\"read-more\"> <a class=\"\" href=\"https:\/\/mayogiardelli.com.ar\/de\/index.php\/osvaldo-giardelli\/\"> <span class=\"screen-reader-text\">Osvaldo Giardelli<\/span> Read More &raquo;<\/a><\/p>\n","protected":false},"author":1,"featured_media":0,"parent":0,"menu_order":0,"comment_status":"closed","ping_status":"closed","template":"","meta":{"footnotes":""},"class_list":["post-136","page","type-page","status-publish","hentry"],"yoast_head":"<!-- This site is optimized with the Yoast SEO plugin v16.1.1 - https:\/\/yoast.com\/wordpress\/plugins\/seo\/ -->\n<title>Osvaldo Giardelli - Mayo&amp;Giardelli<\/title>\n<link rel=\"canonical\" href=\"https:\/\/mayogiardelli.com.ar\/de\/index.php\/osvaldo-giardelli\/\" \/>\n<meta property=\"og:locale\" content=\"de_DE\" \/>\n<meta property=\"og:type\" content=\"article\" \/>\n<meta property=\"og:title\" content=\"Osvaldo Giardelli - Mayo&amp;Giardelli\" \/>\n<meta property=\"og:description\" content=\"Osvaldo R. Giardelli \u00a0Er absolvierte das Rechtsanwaltexamen an der Universit\u00e4t El Salvador in 1969, mit Ehrendiplom.Er hat als Privatdozent f\u00fcr Zivilverfahren und Forensische Praxis an der Universit\u00e4t El Salvador gewirkt. Er kam 1970 in die Kanzlei. Seine Gebiete sind das Handels-, Zivil- und Arbeitsrecht, sowie die Prozessf\u00fchrung.\u00a0 Er spricht neben seiner Muttersprache Spanisch, auch Englisch &hellip; Osvaldo Giardelli Read More &raquo;\" \/>\n<meta property=\"og:url\" content=\"https:\/\/mayogiardelli.com.ar\/de\/index.php\/osvaldo-giardelli\/\" \/>\n<meta property=\"og:site_name\" content=\"Mayo&amp;Giardelli\" \/>\n<meta property=\"article:modified_time\" content=\"2021-04-21T23:46:05+00:00\" \/>\n<meta property=\"og:image\" content=\"https:\/\/mayogiardelli.com.ar\/de\/wp-content\/uploads\/2021\/04\/osvaldo-despacho.jpg\" \/>\n<meta name=\"twitter:card\" content=\"summary_large_image\" \/>\n<meta name=\"twitter:label1\" content=\"Est. reading time\">\n\t<meta name=\"twitter:data1\" content=\"1\u00a0Minute\">\n<script type=\"application\/ld+json\" class=\"yoast-schema-graph\">{\"@context\":\"https:\/\/schema.org\",\"@graph\":[{\"@type\":\"WebSite\",\"@id\":\"https:\/\/mayogiardelli.com.ar\/de\/#website\",\"url\":\"https:\/\/mayogiardelli.com.ar\/de\/\",\"name\":\"Mayo&amp;Giardelli\",\"description\":\"Just another WordPress site\",\"potentialAction\":[{\"@type\":\"SearchAction\",\"target\":\"https:\/\/mayogiardelli.com.ar\/de\/?s={search_term_string}\",\"query-input\":\"required name=search_term_string\"}],\"inLanguage\":\"de-CH\"},{\"@type\":\"ImageObject\",\"@id\":\"https:\/\/mayogiardelli.com.ar\/de\/index.php\/osvaldo-giardelli\/#primaryimage\",\"inLanguage\":\"de-CH\",\"url\":\"https:\/\/mayogiardelli.com.ar\/de\/wp-content\/uploads\/2021\/04\/osvaldo-despacho.jpg\",\"contentUrl\":\"https:\/\/mayogiardelli.com.ar\/de\/wp-content\/uploads\/2021\/04\/osvaldo-despacho.jpg\",\"width\":1024,\"height\":656},{\"@type\":\"WebPage\",\"@id\":\"https:\/\/mayogiardelli.com.ar\/de\/index.php\/osvaldo-giardelli\/#webpage\",\"url\":\"https:\/\/mayogiardelli.com.ar\/de\/index.php\/osvaldo-giardelli\/\",\"name\":\"Osvaldo Giardelli - Mayo&amp;Giardelli\",\"isPartOf\":{\"@id\":\"https:\/\/mayogiardelli.com.ar\/de\/#website\"},\"primaryImageOfPage\":{\"@id\":\"https:\/\/mayogiardelli.com.ar\/de\/index.php\/osvaldo-giardelli\/#primaryimage\"},\"datePublished\":\"2021-04-21T22:56:18+00:00\",\"dateModified\":\"2021-04-21T23:46:05+00:00\",\"breadcrumb\":{\"@id\":\"https:\/\/mayogiardelli.com.ar\/de\/index.php\/osvaldo-giardelli\/#breadcrumb\"},\"inLanguage\":\"de-CH\",\"potentialAction\":[{\"@type\":\"ReadAction\",\"target\":[\"https:\/\/mayogiardelli.com.ar\/de\/index.php\/osvaldo-giardelli\/\"]}]},{\"@type\":\"BreadcrumbList\",\"@id\":\"https:\/\/mayogiardelli.com.ar\/de\/index.php\/osvaldo-giardelli\/#breadcrumb\",\"itemListElement\":[{\"@type\":\"ListItem\",\"position\":1,\"item\":{\"@type\":\"WebPage\",\"@id\":\"https:\/\/mayogiardelli.com.ar\/de\/\",\"url\":\"https:\/\/mayogiardelli.com.ar\/de\/\",\"name\":\"Home\"}},{\"@type\":\"ListItem\",\"position\":2,\"item\":{\"@type\":\"WebPage\",\"@id\":\"https:\/\/mayogiardelli.com.ar\/de\/index.php\/osvaldo-giardelli\/\",\"url\":\"https:\/\/mayogiardelli.com.ar\/de\/index.php\/osvaldo-giardelli\/\",\"name\":\"Osvaldo Giardelli\"}}]}]}<\/script>\n<!-- \/ Yoast SEO plugin. -->","_links":{"self":[{"href":"https:\/\/mayogiardelli.com.ar\/de\/index.php\/wp-json\/wp\/v2\/pages\/136","targetHints":{"allow":["GET"]}}],"collection":[{"href":"https:\/\/mayogiardelli.com.ar\/de\/index.php\/wp-json\/wp\/v2\/pages"}],"about":[{"href":"https:\/\/mayogiardelli.com.ar\/de\/index.php\/wp-json\/wp\/v2\/types\/page"}],"author":[{"embeddable":true,"href":"https:\/\/mayogiardelli.com.ar\/de\/index.php\/wp-json\/wp\/v2\/users\/1"}],"replies":[{"embeddable":true,"href":"https:\/\/mayogiardelli.com.ar\/de\/index.php\/wp-json\/wp\/v2\/comments?post=136"}],"version-history":[{"count":0,"href":"https:\/\/mayogiardelli.com.ar\/de\/index.php\/wp-json\/wp\/v2\/pages\/136\/revisions"}],"wp:attachment":[{"href":"https:\/\/mayogiardelli.com.ar\/de\/index.php\/wp-json\/wp\/v2\/media?parent=136"}],"curies":[{"name":"wp","href":"https:\/\/api.w.org\/{rel}","templated":true}]}}